{"id":376,"date":"2020-12-05T14:52:23","date_gmt":"2020-12-05T14:52:23","guid":{"rendered":"https:\/\/rosmarinchenskraeuterzauberey.de\/?page_id=376"},"modified":"2024-12-31T16:53:43","modified_gmt":"2024-12-31T16:53:43","slug":"jahreskreisfeste","status":"publish","type":"page","link":"https:\/\/rosmarinchenskraeuterzauberey.de\/?page_id=376","title":{"rendered":"Rauhn\u00e4chte"},"content":{"rendered":"\n<div id=\"wp-block-themeisle-blocks-advanced-columns-5df5aa68\" class=\"wp-block-themeisle-blocks-advanced-columns alignfull has-1-columns has-desktop-equal-layout has-tablet-equal-layout has-mobile-equal-layout has-vertical-unset\"><div class=\"wp-block-themeisle-blocks-advanced-columns-overlay\"><\/div><div class=\"innerblocks-wrap\">\n<div id=\"wp-block-themeisle-blocks-advanced-column-0c1c420e\" class=\"wp-block-themeisle-blocks-advanced-column\">\n<h2 class=\"has-text-align-center has-nv-text-dark-bg-color has-text-color\">Rauhn\u00e4chte<\/h2>\n\n\n\n<blockquote class=\"wp-block-quote has-text-align-center is-style-large\">\n<p><mark style=\"background-color:rgba(0, 0, 0, 0)\" class=\"has-inline-color has-nv-site-bg-color\">Die zwollf Naecht, zwischen Weihenacht und heyligen drey K\u00fcnig tag ist kein hau\u00df das nit all tag weiroch rauch in yr herberg machte fr all te\u00fcfel gespenst und zauberey <\/mark><\/p>\n\n\n\n<p>unbekannt <mark style=\"background-color:rgba(0, 0, 0, 0)\" class=\"has-inline-color has-nv-site-bg-color\"> aus dem 15. Jahrhundert<\/mark><\/p>\n<\/blockquote>\n<\/div>\n<\/div><\/div>\n\n\n\n<div id=\"wp-block-themeisle-blocks-advanced-columns-14f692cf\" class=\"wp-block-themeisle-blocks-advanced-columns has-1-columns has-desktop-equal-layout has-tablet-equal-layout has-mobile-equal-layout has-vertical-unset has-default-gap\"><div class=\"wp-block-themeisle-blocks-advanced-columns-overlay\"><\/div><div class=\"innerblocks-wrap\">\n<div id=\"wp-block-themeisle-blocks-advanced-column-b2d3581e\" class=\"wp-block-themeisle-blocks-advanced-column\">\n<p>Die Rauhn\u00e4chte sind geschenkte Zeit, zwischen den Jahren.&nbsp; Die 12 heiligen Tage zwischen Weihnachten und dem Dreik\u00f6nigstag. Sie beinhalten das kommende Jahr \u2013 wer achtsam ist und&nbsp; sie bewusst wahrnimmt, dem kann&nbsp;&nbsp;in diesen Tagen die Zukunft gezeigt werden. Jeder Tag steht f\u00fcr das Monat des kommenden Jahres. Vielleicht kommt auch der ein oder andere&nbsp;<strong>Besucher<\/strong>&nbsp;der Anderswelt vorbei.<\/p>\n<\/div>\n<\/div><\/div>\n\n\n\n<div id=\"wp-block-themeisle-blocks-advanced-columns-0802e1ad\" class=\"wp-block-themeisle-blocks-advanced-columns has-1-columns has-desktop-equal-layout has-tablet-equal-layout has-mobile-equal-layout has-vertical-unset has-default-gap\"><div class=\"wp-block-themeisle-blocks-advanced-columns-overlay\"><\/div><div class=\"innerblocks-wrap\">\n<div id=\"wp-block-themeisle-blocks-advanced-column-03a0ed78\" class=\"wp-block-themeisle-blocks-advanced-column\">\n<h3><strong>So k\u00f6nnen Sie sich auf die Rauhn\u00e4chte vorbereiten:<\/strong><\/h3>\n\n\n\n<ul>\n<li>Bringen Sie geliehene Dinge zur\u00fcck.<\/li>\n\n\n\n<li>Begleichen Sie Schulden und bezahlen Sie offene Rechnungen.<\/li>\n\n\n\n<li>Bereinigen Sie ungekl\u00e4rte Angelegenheiten.<\/li>\n\n\n\n<li>Nutzen Sie die Zeit f\u00fcr einen gr\u00fcndlichen Haus- oder Wohnungsputz bzw. zum Aufr\u00e4umen.<\/li>\n\n\n\n<li>Halten Sie R\u00fcckschau.<\/li>\n\n\n\n<li>Bedanken Sie sich bei lieben Menschen, die Sie durchs Jahr begleitet haben.<\/li>\n\n\n\n<li>Schlie\u00dfen Sie das alte Jahr ab.<\/li>\n<\/ul>\n<\/div>\n<\/div><\/div>\n\n\n\n<div id=\"wp-block-themeisle-blocks-advanced-columns-6f831350\" class=\"wp-block-themeisle-blocks-advanced-columns has-1-columns has-desktop-equal-layout has-tablet-equal-layout has-mobile-equal-layout has-vertical-unset has-default-gap\"><div class=\"wp-block-themeisle-blocks-advanced-columns-overlay\"><\/div><div class=\"innerblocks-wrap\">\n<div id=\"wp-block-themeisle-blocks-advanced-column-bb65d613\" class=\"wp-block-themeisle-blocks-advanced-column\">\n<h3><strong>Stellen Sie sich ganz bewusst Fragen zum alten Jahr:<\/strong><\/h3>\n\n\n\n<ul>\n<li>Was war sch\u00f6n in diesem Jahr?<\/li>\n\n\n\n<li>Was ist in diesem Jahr geschehen, f\u00fcr das ich danken kann?<\/li>\n\n\n\n<li>Welche Erlebnisse waren besonders einschneidend?<\/li>\n\n\n\n<li>Was habe ich erfahren und gelernt?<\/li>\n\n\n\n<li>Was waren die Geschenke in diesem Jahr?<\/li>\n\n\n\n<li>Wer war an meiner Seite und hat mich durch das Jahr begleitet?<\/li>\n\n\n\n<li>Was hat sich ver\u00e4ndert?<\/li>\n\n\n\n<li>Was war das Motto dieses Jahres?<\/li>\n\n\n\n<li>Was habe ich zu Ende gebracht?<\/li>\n\n\n\n<li>Was habe ich besonders gut gemacht?<\/li>\n\n\n\n<li>Was steht noch offen?<\/li>\n\n\n\n<li>Was lasse ich zur\u00fcck, was nehme ich mit?<\/li>\n<\/ul>\n\n\n\n<p>eine detaillierte Beschreibung kommt mit dem Rauhnachtsset zu Ihnen \ud83d\ude42<\/p>\n<\/div>\n<\/div><\/div>\n\n\n\n<div id=\"wp-block-themeisle-blocks-advanced-columns-39ffcd43\" class=\"wp-block-themeisle-blocks-advanced-columns alignfull has-1-columns has-desktop-equal-layout has-tablet-equal-layout has-mobile-equal-layout has-vertical-unset\"><div class=\"wp-block-themeisle-blocks-advanced-columns-overlay\"><\/div><div class=\"innerblocks-wrap\">\n<div id=\"wp-block-themeisle-blocks-advanced-column-5a0db01c\" class=\"wp-block-themeisle-blocks-advanced-column\"><\/div>\n<\/div><\/div>\n\n\n\n<div id=\"wp-block-themeisle-blocks-advanced-columns-e66bc9de\" class=\"wp-block-themeisle-blocks-advanced-columns has-1-columns has-desktop-equal-layout has-tablet-equal-layout has-mobile-equal-layout has-vertical-unset has-default-gap\"><div class=\"wp-block-themeisle-blocks-advanced-columns-overlay\"><\/div><div class=\"innerblocks-wrap\">\n<div id=\"wp-block-themeisle-blocks-advanced-column-dffa8f8e\" class=\"wp-block-themeisle-blocks-advanced-column\">\n<h3><strong>Was noch zu tun ist \u2026<\/strong><\/h3>\n\n\n\n<p>\u00dcberlegen Sie sich, wann Sie die Ruhe finden werden, um die Rituale rund um die Rauhn\u00e4chte zu begehen. Nehmen Sie sich Zeit daf\u00fcr und schenken Sie sich die M\u00f6glichkeit, die Energie dieser Rituale mit in den Tag zu nehmen, anstatt sie dann durchzuf\u00fchren, wenn gerade noch etwas Zeit \u00fcbrig ist.<\/p>\n\n\n\n<div class=\"is-layout-flow wp-block-group ticss-6a6c2130 has-nv-site-bg-color has-neve-text-color-background-color has-text-color has-background\"><div class=\"wp-block-group__inner-container\">\n<p class=\"has-nv-site-bg-color has-text-color\"><strong>Das ben\u00f6tigen Sie zum R\u00e4uchern:<\/strong>&nbsp;R\u00e4ucherschale, R\u00e4uchersand und Kohle und R\u00e4ucherwerk ( Rauhnachtset)<\/p>\n<\/div><\/div>\n<\/div>\n<\/div><\/div>\n\n\n\n<div id=\"wp-block-themeisle-blocks-advanced-columns-28d6f75b\" class=\"wp-block-themeisle-blocks-advanced-columns has-1-columns has-desktop-equal-layout has-tablet-equal-layout has-mobile-equal-layout has-vertical-unset has-default-gap\"><div class=\"wp-block-themeisle-blocks-advanced-columns-overlay\"><\/div><div class=\"innerblocks-wrap\">\n<div id=\"wp-block-themeisle-blocks-advanced-column-054e15d5\" class=\"wp-block-themeisle-blocks-advanced-column\">\n<h3><strong>Rituale rund um die Rauhn\u00e4chte:<\/strong><\/h3>\n\n\n\n<ul>\n<li>Nehmen Sie sich Zettel und Stift zur Hand und schreiben Sie der Themen entsprechend ihre W\u00fcnsche oder ihre Sorgen und was sie loslassen m\u00f6chten darauf.<br>Bitte nicht Wunsch und loslassen auf einen Zettel.Geben Sie die Zettel in die Glut des R\u00e4ucherwerks,&nbsp;auf die Sie alles aufgeschrieben haben, was Sie belastet und von dem Sie sich befreien wollen: schlechte Eigenschaften, traurige Ereignisse oder unerfreuliche Begegnungen. W\u00e4hrend die Zettelchen verbrennen, l\u00f6sen Sie sich vom Negativen und geben sch\u00f6nen Gedanken, dem Verzeihen und dem Neubeginn Raum.<\/li>\n\n\n\n<li>Entz\u00fcnden Sie jeden Tag eine Kerze mit der Absicht, \u201eein Lichtlein\u201c ins Haus zu bringen.<\/li>\n<\/ul>\n<\/div>\n<\/div><\/div>\n","protected":false},"excerpt":{"rendered":"","protected":false},"author":1,"featured_media":0,"parent":0,"menu_order":0,"comment_status":"closed","ping_status":"closed","template":"","meta":{"neve_meta_sidebar":"full-width","neve_meta_container":"","neve_meta_enable_content_width":"on","neve_meta_content_width":100,"neve_meta_title_alignment":"","neve_meta_author_avatar":"","neve_post_elements_order":"","neve_meta_disable_header":"","neve_meta_disable_footer":"","neve_meta_disable_title":"on","_themeisle_gutenberg_block_has_review":false,"_ti_tpc_template_sync":false,"_ti_tpc_template_id":""},"yoast_head":"<!-- This site is optimized with the Yoast SEO plugin v18.5.1 - https:\/\/yoast.com\/wordpress\/plugins\/seo\/ -->\n<title>Rauhn\u00e4chte - Rosmarinchens Kraeuterzauberey<\/title>\n<meta name=\"robots\" content=\"index, follow, max-snippet:-1, max-image-preview:large, max-video-preview:-1\" \/>\n<link rel=\"canonical\" href=\"https:\/\/rosmarinchenskraeuterzauberey.de\/?page_id=376\" \/>\n<meta property=\"og:locale\" content=\"de_DE\" \/>\n<meta property=\"og:type\" content=\"article\" \/>\n<meta property=\"og:title\" content=\"Rauhn\u00e4chte - Rosmarinchens Kraeuterzauberey\" \/>\n<meta property=\"og:url\" content=\"https:\/\/rosmarinchenskraeuterzauberey.de\/?page_id=376\" \/>\n<meta property=\"og:site_name\" content=\"Rosmarinchens Kraeuterzauberey\" \/>\n<meta property=\"article:modified_time\" content=\"2024-12-31T16:53:43+00:00\" \/>\n<meta name=\"twitter:card\" content=\"summary_large_image\" \/>\n<meta name=\"twitter:label1\" content=\"Gesch\u00e4tzte Lesezeit\" \/>\n\t<meta name=\"twitter:data1\" content=\"3\u00a0Minuten\" \/>\n<script type=\"application\/ld+json\" class=\"yoast-schema-graph\">{\"@context\":\"https:\/\/schema.org\",\"@graph\":[{\"@type\":\"WebSite\",\"@id\":\"https:\/\/rosmarinchenskraeuterzauberey.de\/#website\",\"url\":\"https:\/\/rosmarinchenskraeuterzauberey.de\/\",\"name\":\"Rosmarinchens Kraeuterzauberey\",\"description\":\"R\u00e4uchermischungen &amp; R\u00e4ucherzubeh\u00f6r kaufen\",\"potentialAction\":[{\"@type\":\"SearchAction\",\"target\":{\"@type\":\"EntryPoint\",\"urlTemplate\":\"https:\/\/rosmarinchenskraeuterzauberey.de\/?s={search_term_string}\"},\"query-input\":\"required name=search_term_string\"}],\"inLanguage\":\"de\"},{\"@type\":\"WebPage\",\"@id\":\"https:\/\/rosmarinchenskraeuterzauberey.de\/?page_id=376#webpage\",\"url\":\"https:\/\/rosmarinchenskraeuterzauberey.de\/?page_id=376\",\"name\":\"Rauhn\u00e4chte - Rosmarinchens Kraeuterzauberey\",\"isPartOf\":{\"@id\":\"https:\/\/rosmarinchenskraeuterzauberey.de\/#website\"},\"datePublished\":\"2020-12-05T14:52:23+00:00\",\"dateModified\":\"2024-12-31T16:53:43+00:00\",\"breadcrumb\":{\"@id\":\"https:\/\/rosmarinchenskraeuterzauberey.de\/?page_id=376#breadcrumb\"},\"inLanguage\":\"de\",\"potentialAction\":[{\"@type\":\"ReadAction\",\"target\":[\"https:\/\/rosmarinchenskraeuterzauberey.de\/?page_id=376\"]}]},{\"@type\":\"BreadcrumbList\",\"@id\":\"https:\/\/rosmarinchenskraeuterzauberey.de\/?page_id=376#breadcrumb\",\"itemListElement\":[{\"@type\":\"ListItem\",\"position\":1,\"name\":\"Home\",\"item\":\"https:\/\/rosmarinchenskraeuterzauberey.de\/\"},{\"@type\":\"ListItem\",\"position\":2,\"name\":\"Rauhn\u00e4chte\"}]}]}<\/script>\n<!-- \/ Yoast SEO plugin. -->","yoast_head_json":{"title":"Rauhn\u00e4chte - Rosmarinchens Kraeuterzauberey","robots":{"index":"index","follow":"follow","max-snippet":"max-snippet:-1","max-image-preview":"max-image-preview:large","max-video-preview":"max-video-preview:-1"},"canonical":"https:\/\/rosmarinchenskraeuterzauberey.de\/?page_id=376","og_locale":"de_DE","og_type":"article","og_title":"Rauhn\u00e4chte - Rosmarinchens Kraeuterzauberey","og_url":"https:\/\/rosmarinchenskraeuterzauberey.de\/?page_id=376","og_site_name":"Rosmarinchens Kraeuterzauberey","article_modified_time":"2024-12-31T16:53:43+00:00","twitter_card":"summary_large_image","twitter_misc":{"Gesch\u00e4tzte Lesezeit":"3\u00a0Minuten"},"schema":{"@context":"https:\/\/schema.org","@graph":[{"@type":"WebSite","@id":"https:\/\/rosmarinchenskraeuterzauberey.de\/#website","url":"https:\/\/rosmarinchenskraeuterzauberey.de\/","name":"Rosmarinchens Kraeuterzauberey","description":"R\u00e4uchermischungen &amp; R\u00e4ucherzubeh\u00f6r kaufen","potentialAction":[{"@type":"SearchAction","target":{"@type":"EntryPoint","urlTemplate":"https:\/\/rosmarinchenskraeuterzauberey.de\/?s={search_term_string}"},"query-input":"required name=search_term_string"}],"inLanguage":"de"},{"@type":"WebPage","@id":"https:\/\/rosmarinchenskraeuterzauberey.de\/?page_id=376#webpage","url":"https:\/\/rosmarinchenskraeuterzauberey.de\/?page_id=376","name":"Rauhn\u00e4chte - Rosmarinchens Kraeuterzauberey","isPartOf":{"@id":"https:\/\/rosmarinchenskraeuterzauberey.de\/#website"},"datePublished":"2020-12-05T14:52:23+00:00","dateModified":"2024-12-31T16:53:43+00:00","breadcrumb":{"@id":"https:\/\/rosmarinchenskraeuterzauberey.de\/?page_id=376#breadcrumb"},"inLanguage":"de","potentialAction":[{"@type":"ReadAction","target":["https:\/\/rosmarinchenskraeuterzauberey.de\/?page_id=376"]}]},{"@type":"BreadcrumbList","@id":"https:\/\/rosmarinchenskraeuterzauberey.de\/?page_id=376#breadcrumb","itemListElement":[{"@type":"ListItem","position":1,"name":"Home","item":"https:\/\/rosmarinchenskraeuterzauberey.de\/"},{"@type":"ListItem","position":2,"name":"Rauhn\u00e4chte"}]}]}},"_links":{"self":[{"href":"https:\/\/rosmarinchenskraeuterzauberey.de\/index.php?rest_route=\/wp\/v2\/pages\/376"}],"collection":[{"href":"https:\/\/rosmarinchenskraeuterzauberey.de\/index.php?rest_route=\/wp\/v2\/pages"}],"about":[{"href":"https:\/\/rosmarinchenskraeuterzauberey.de\/index.php?rest_route=\/wp\/v2\/types\/page"}],"author":[{"embeddable":true,"href":"https:\/\/rosmarinchenskraeuterzauberey.de\/index.php?rest_route=\/wp\/v2\/users\/1"}],"replies":[{"embeddable":true,"href":"https:\/\/rosmarinchenskraeuterzauberey.de\/index.php?rest_route=%2Fwp%2Fv2%2Fcomments&post=376"}],"version-history":[{"count":25,"href":"https:\/\/rosmarinchenskraeuterzauberey.de\/index.php?rest_route=\/wp\/v2\/pages\/376\/revisions"}],"predecessor-version":[{"id":721,"href":"https:\/\/rosmarinchenskraeuterzauberey.de\/index.php?rest_route=\/wp\/v2\/pages\/376\/revisions\/721"}],"wp:attachment":[{"href":"https:\/\/rosmarinchenskraeuterzauberey.de\/index.php?rest_route=%2Fwp%2Fv2%2Fmedia&parent=376"}],"curies":[{"name":"wp","href":"https:\/\/api.w.org\/{rel}","templated":true}]}}