{"id":93,"date":"2020-09-01T17:52:33","date_gmt":"2020-09-01T17:52:33","guid":{"rendered":"https:\/\/rosmarinchenskraeuterzauberey.de\/?page_id=93"},"modified":"2020-12-11T08:51:58","modified_gmt":"2020-12-11T08:51:58","slug":"versandinformationen","status":"publish","type":"page","link":"https:\/\/rosmarinchenskraeuterzauberey.de\/?page_id=93","title":{"rendered":"Versandinformationen"},"content":{"rendered":"\n<div class=\"wp-block-themeisle-blocks-advanced-columns has-1-columns has-desktop-equal-layout has-tablet-equal-layout has-mobile-equal-layout has-default-gap has-vertical-unset\" id=\"wp-block-themeisle-blocks-advanced-columns-1e776526\"><div class=\"wp-block-themeisle-blocks-advanced-columns-overlay\"><\/div><div class=\"innerblocks-wrap\">\n<div class=\"wp-block-themeisle-blocks-advanced-column\" id=\"wp-block-themeisle-blocks-advanced-column-2c4526bc\">\n<p>Ein Versand der Ware ist standardm\u00e4\u00dfig nur in Deutschland m\u00f6glich. Der Versand der Bestellung erfolgt per DHL.<\/p>\n\n\n\n<p>Die Versandkosten innerhalb Deutschlands liegen bei&nbsp;<strong>4,90 \u20ac.<\/strong><br><a href=\"https:\/\/www.instagram.com\/gmsw_ismail_akkaya\/?hl=de\" target=\"_blank\" rel=\"noreferrer noopener\"><\/a><\/p>\n<\/div>\n<\/div><\/div>\n","protected":false},"excerpt":{"rendered":"","protected":false},"author":1,"featured_media":0,"parent":0,"menu_order":0,"comment_status":"closed","ping_status":"closed","template":"","meta":{"neve_meta_sidebar":"full-width","neve_meta_container":"","neve_meta_enable_content_width":"on","neve_meta_content_width":100,"neve_meta_title_alignment":"","neve_meta_author_avatar":"","neve_post_elements_order":"","neve_meta_disable_header":"","neve_meta_disable_footer":"","neve_meta_disable_title":"","_themeisle_gutenberg_block_has_review":false,"_ti_tpc_template_sync":false,"_ti_tpc_template_id":""},"yoast_head":"<!-- This site is optimized with the Yoast SEO plugin v18.5.1 - https:\/\/yoast.com\/wordpress\/plugins\/seo\/ -->\n<title>Versandinformationen - Rosmarinchens Kraeuterzauberey<\/title>\n<meta name=\"robots\" content=\"index, follow, max-snippet:-1, max-image-preview:large, max-video-preview:-1\" \/>\n<link rel=\"canonical\" href=\"https:\/\/rosmarinchenskraeuterzauberey.de\/?page_id=93\" \/>\n<meta property=\"og:locale\" content=\"de_DE\" \/>\n<meta property=\"og:type\" content=\"article\" \/>\n<meta property=\"og:title\" content=\"Versandinformationen - Rosmarinchens Kraeuterzauberey\" \/>\n<meta property=\"og:url\" content=\"https:\/\/rosmarinchenskraeuterzauberey.de\/?page_id=93\" \/>\n<meta property=\"og:site_name\" content=\"Rosmarinchens Kraeuterzauberey\" \/>\n<meta property=\"article:modified_time\" content=\"2020-12-11T08:51:58+00:00\" \/>\n<meta name=\"twitter:card\" content=\"summary_large_image\" \/>\n<script type=\"application\/ld+json\" class=\"yoast-schema-graph\">{\"@context\":\"https:\/\/schema.org\",\"@graph\":[{\"@type\":\"WebSite\",\"@id\":\"https:\/\/rosmarinchenskraeuterzauberey.de\/#website\",\"url\":\"https:\/\/rosmarinchenskraeuterzauberey.de\/\",\"name\":\"Rosmarinchens Kraeuterzauberey\",\"description\":\"R\u00e4uchermischungen &amp; R\u00e4ucherzubeh\u00f6r kaufen\",\"potentialAction\":[{\"@type\":\"SearchAction\",\"target\":{\"@type\":\"EntryPoint\",\"urlTemplate\":\"https:\/\/rosmarinchenskraeuterzauberey.de\/?s={search_term_string}\"},\"query-input\":\"required name=search_term_string\"}],\"inLanguage\":\"de\"},{\"@type\":\"WebPage\",\"@id\":\"https:\/\/rosmarinchenskraeuterzauberey.de\/?page_id=93#webpage\",\"url\":\"https:\/\/rosmarinchenskraeuterzauberey.de\/?page_id=93\",\"name\":\"Versandinformationen - Rosmarinchens Kraeuterzauberey\",\"isPartOf\":{\"@id\":\"https:\/\/rosmarinchenskraeuterzauberey.de\/#website\"},\"datePublished\":\"2020-09-01T17:52:33+00:00\",\"dateModified\":\"2020-12-11T08:51:58+00:00\",\"breadcrumb\":{\"@id\":\"https:\/\/rosmarinchenskraeuterzauberey.de\/?page_id=93#breadcrumb\"},\"inLanguage\":\"de\",\"potentialAction\":[{\"@type\":\"ReadAction\",\"target\":[\"https:\/\/rosmarinchenskraeuterzauberey.de\/?page_id=93\"]}]},{\"@type\":\"BreadcrumbList\",\"@id\":\"https:\/\/rosmarinchenskraeuterzauberey.de\/?page_id=93#breadcrumb\",\"itemListElement\":[{\"@type\":\"ListItem\",\"position\":1,\"name\":\"Home\",\"item\":\"https:\/\/rosmarinchenskraeuterzauberey.de\/\"},{\"@type\":\"ListItem\",\"position\":2,\"name\":\"Versandinformationen\"}]}]}<\/script>\n<!-- \/ Yoast SEO plugin. -->","yoast_head_json":{"title":"Versandinformationen - Rosmarinchens Kraeuterzauberey","robots":{"index":"index","follow":"follow","max-snippet":"max-snippet:-1","max-image-preview":"max-image-preview:large","max-video-preview":"max-video-preview:-1"},"canonical":"https:\/\/rosmarinchenskraeuterzauberey.de\/?page_id=93","og_locale":"de_DE","og_type":"article","og_title":"Versandinformationen - Rosmarinchens Kraeuterzauberey","og_url":"https:\/\/rosmarinchenskraeuterzauberey.de\/?page_id=93","og_site_name":"Rosmarinchens Kraeuterzauberey","article_modified_time":"2020-12-11T08:51:58+00:00","twitter_card":"summary_large_image","schema":{"@context":"https:\/\/schema.org","@graph":[{"@type":"WebSite","@id":"https:\/\/rosmarinchenskraeuterzauberey.de\/#website","url":"https:\/\/rosmarinchenskraeuterzauberey.de\/","name":"Rosmarinchens Kraeuterzauberey","description":"R\u00e4uchermischungen &amp; R\u00e4ucherzubeh\u00f6r kaufen","potentialAction":[{"@type":"SearchAction","target":{"@type":"EntryPoint","urlTemplate":"https:\/\/rosmarinchenskraeuterzauberey.de\/?s={search_term_string}"},"query-input":"required name=search_term_string"}],"inLanguage":"de"},{"@type":"WebPage","@id":"https:\/\/rosmarinchenskraeuterzauberey.de\/?page_id=93#webpage","url":"https:\/\/rosmarinchenskraeuterzauberey.de\/?page_id=93","name":"Versandinformationen - Rosmarinchens Kraeuterzauberey","isPartOf":{"@id":"https:\/\/rosmarinchenskraeuterzauberey.de\/#website"},"datePublished":"2020-09-01T17:52:33+00:00","dateModified":"2020-12-11T08:51:58+00:00","breadcrumb":{"@id":"https:\/\/rosmarinchenskraeuterzauberey.de\/?page_id=93#breadcrumb"},"inLanguage":"de","potentialAction":[{"@type":"ReadAction","target":["https:\/\/rosmarinchenskraeuterzauberey.de\/?page_id=93"]}]},{"@type":"BreadcrumbList","@id":"https:\/\/rosmarinchenskraeuterzauberey.de\/?page_id=93#breadcrumb","itemListElement":[{"@type":"ListItem","position":1,"name":"Home","item":"https:\/\/rosmarinchenskraeuterzauberey.de\/"},{"@type":"ListItem","position":2,"name":"Versandinformationen"}]}]}},"_links":{"self":[{"href":"https:\/\/rosmarinchenskraeuterzauberey.de\/index.php?rest_route=\/wp\/v2\/pages\/93"}],"collection":[{"href":"https:\/\/rosmarinchenskraeuterzauberey.de\/index.php?rest_route=\/wp\/v2\/pages"}],"about":[{"href":"https:\/\/rosmarinchenskraeuterzauberey.de\/index.php?rest_route=\/wp\/v2\/types\/page"}],"author":[{"embeddable":true,"href":"https:\/\/rosmarinchenskraeuterzauberey.de\/index.php?rest_route=\/wp\/v2\/users\/1"}],"replies":[{"embeddable":true,"href":"https:\/\/rosmarinchenskraeuterzauberey.de\/index.php?rest_route=%2Fwp%2Fv2%2Fcomments&post=93"}],"version-history":[{"count":4,"href":"https:\/\/rosmarinchenskraeuterzauberey.de\/index.php?rest_route=\/wp\/v2\/pages\/93\/revisions"}],"predecessor-version":[{"id":594,"href":"https:\/\/rosmarinchenskraeuterzauberey.de\/index.php?rest_route=\/wp\/v2\/pages\/93\/revisions\/594"}],"wp:attachment":[{"href":"https:\/\/rosmarinchenskraeuterzauberey.de\/index.php?rest_route=%2Fwp%2Fv2%2Fmedia&parent=93"}],"curies":[{"name":"wp","href":"https:\/\/api.w.org\/{rel}","templated":true}]}}