{"id":157,"date":"2020-09-15T09:26:31","date_gmt":"2020-09-15T09:26:31","guid":{"rendered":"https:\/\/rosmarinchenskraeuterzauberey.de\/?post_type=product&#038;p=157"},"modified":"2020-12-10T21:02:35","modified_gmt":"2020-12-10T21:02:35","slug":"rose","status":"publish","type":"product","link":"https:\/\/rosmarinchenskraeuterzauberey.de\/?product=rose","title":{"rendered":"Rose"},"content":{"rendered":"<p><strong>Beschreibung:<\/strong><br \/>\nRose (rosa damascena)<br \/>\nSie ist die K\u00f6nigin der Blumen.<br \/>\nDurch die Dornen zeigt sie an wie wehrhaft sie ist, sie kann sich besch\u00fctzen bei Unachtsamkeit.<\/p>\n<p><strong>Verwendung und Wirkung:<\/strong><br \/>\nDie Rose steht f\u00fcr Liebe, Sinnlichkeit, das Weibliche, die Leidenschaft und Erotik.<br \/>\nDaher fehlt sie in keiner Liebesr\u00e4ucherung.<br \/>\nAber auch f\u00fcr Entspannung, stimmungsaufhellende Mischungen, Wohlstand und\/oder\u00a0 Meditation ist sie die beste Begleitung.<br \/>\nEmpathie wird durch sie\u00a0 wieder belebt.<br \/>\nSie wirkt aber auch gegen Neid, Missgunst, Eifersucht, da sie sehr sch\u00fctzend wirkt und Zauber aufl\u00f6sen kann.<br \/>\nDie Rose eignet sich auch zur Reinigung, die Ahnen ehrend, zur Danksagung, bietet Schutz\u00a0 und besitzt die F\u00e4higkeit Fremdzauber aufzul\u00f6sen.<\/p>\n<p><strong>Duft:<\/strong><br \/>\nS\u00fc\u00df, warm, angenehm<\/p>\n<p><strong>Anwendung:<\/strong><br \/>\nZu r\u00e4uchern auf Kohle oder St\u00f6vchen, einzeln oder als Mischung.<\/p>\n<p><strong>Verpackung:<\/strong><br \/>\nDas R\u00e4ucherwerk wird in Aromaschutzbeutel versandt.<\/p>\n<p><strong>Wichtiger Hinweis:<\/strong><br \/>\nDie R\u00e4ucherstoffe sind\/ ersetzen keine Heil- und\u00a0 Arzneimittel.<br \/>\nR\u00e4ucherwerk ist von Kindern und Tieren fernzuhalten.<\/p>\n<p>&nbsp;<\/p>\n<p>&nbsp;<\/p>\n<p>&nbsp;<\/p>\n","protected":false},"excerpt":{"rendered":"<p>Beschreibung: Rose (rosa damascena) Sie ist die K\u00f6nigin der Blumen. Durch die Dornen zeigt sie an wie wehrhaft sie ist, sie kann sich besch\u00fctzen bei Unachtsamkeit. Verwendung und Wirkung: Die Rose steht f\u00fcr Liebe, Sinnlichkeit, das Weibliche, die Leidenschaft und Erotik. Daher fehlt sie in keiner Liebesr\u00e4ucherung. Aber auch f\u00fcr Entspannung, stimmungsaufhellende Mischungen, Wohlstand und\/oder\u00a0&hellip;&nbsp;<a href=\"https:\/\/rosmarinchenskraeuterzauberey.de\/?product=rose\" class=\"\" rel=\"bookmark\">Weiterlesen &raquo;<span class=\"screen-reader-text\">Rose<\/span><\/a><\/p>\n","protected":false},"featured_media":158,"comment_status":"open","ping_status":"closed","template":"","meta":{"neve_meta_sidebar":"","neve_meta_container":"","neve_meta_enable_content_width":"off","neve_meta_content_width":0,"neve_meta_title_alignment":"","neve_meta_author_avatar":"","neve_post_elements_order":"","neve_meta_disable_header":"","neve_meta_disable_footer":"","neve_meta_disable_title":"","_themeisle_gutenberg_block_has_review":false,"_ti_tpc_template_sync":false,"_ti_tpc_template_id":""},"product_cat":[52],"product_tag":[],"yoast_head":"<!-- This site is optimized with the Yoast SEO plugin v18.5.1 - https:\/\/yoast.com\/wordpress\/plugins\/seo\/ -->\n<title>Rose - Rosmarinchens Kraeuterzauberey<\/title>\n<meta name=\"robots\" content=\"index, follow, max-snippet:-1, max-image-preview:large, max-video-preview:-1\" \/>\n<link rel=\"canonical\" href=\"https:\/\/rosmarinchenskraeuterzauberey.de\/?product=rose\" \/>\n<meta property=\"og:locale\" content=\"de_DE\" \/>\n<meta property=\"og:type\" content=\"article\" \/>\n<meta property=\"og:title\" content=\"Rose - Rosmarinchens Kraeuterzauberey\" \/>\n<meta property=\"og:description\" content=\"Beschreibung: Rose (rosa damascena) Sie ist die K\u00f6nigin der Blumen. Durch die Dornen zeigt sie an wie wehrhaft sie ist, sie kann sich besch\u00fctzen bei Unachtsamkeit. Verwendung und Wirkung: Die Rose steht f\u00fcr Liebe, Sinnlichkeit, das Weibliche, die Leidenschaft und Erotik. Daher fehlt sie in keiner Liebesr\u00e4ucherung. Aber auch f\u00fcr Entspannung, stimmungsaufhellende Mischungen, Wohlstand und\/oder\u00a0&hellip;&nbsp;Weiterlesen &raquo;Rose\" \/>\n<meta property=\"og:url\" content=\"https:\/\/rosmarinchenskraeuterzauberey.de\/?product=rose\" \/>\n<meta property=\"og:site_name\" content=\"Rosmarinchens Kraeuterzauberey\" \/>\n<meta property=\"article:modified_time\" content=\"2020-12-10T21:02:35+00:00\" \/>\n<meta property=\"og:image\" content=\"https:\/\/rosmarinchenskraeuterzauberey.de\/wp-content\/uploads\/2020\/09\/DSC8266_rose.jpg\" \/>\n\t<meta property=\"og:image:width\" content=\"2000\" \/>\n\t<meta property=\"og:image:height\" content=\"1335\" \/>\n\t<meta property=\"og:image:type\" content=\"image\/jpeg\" \/>\n<meta name=\"twitter:card\" content=\"summary_large_image\" \/>\n<meta name=\"twitter:label1\" content=\"Gesch\u00e4tzte Lesezeit\" \/>\n\t<meta name=\"twitter:data1\" content=\"1\u00a0Minute\" \/>\n<script type=\"application\/ld+json\" class=\"yoast-schema-graph\">{\"@context\":\"https:\/\/schema.org\",\"@graph\":[{\"@type\":\"WebSite\",\"@id\":\"https:\/\/rosmarinchenskraeuterzauberey.de\/#website\",\"url\":\"https:\/\/rosmarinchenskraeuterzauberey.de\/\",\"name\":\"Rosmarinchens Kraeuterzauberey\",\"description\":\"R\u00e4uchermischungen &amp; R\u00e4ucherzubeh\u00f6r kaufen\",\"potentialAction\":[{\"@type\":\"SearchAction\",\"target\":{\"@type\":\"EntryPoint\",\"urlTemplate\":\"https:\/\/rosmarinchenskraeuterzauberey.de\/?s={search_term_string}\"},\"query-input\":\"required name=search_term_string\"}],\"inLanguage\":\"de\"},{\"@type\":\"ImageObject\",\"@id\":\"https:\/\/rosmarinchenskraeuterzauberey.de\/?product=rose#primaryimage\",\"inLanguage\":\"de\",\"url\":\"https:\/\/rosmarinchenskraeuterzauberey.de\/wp-content\/uploads\/2020\/09\/DSC8266_rose.jpg\",\"contentUrl\":\"https:\/\/rosmarinchenskraeuterzauberey.de\/wp-content\/uploads\/2020\/09\/DSC8266_rose.jpg\",\"width\":2000,\"height\":1335,\"caption\":\"rosenbl\u00fcten zum r\u00e4uchern\"},{\"@type\":\"WebPage\",\"@id\":\"https:\/\/rosmarinchenskraeuterzauberey.de\/?product=rose#webpage\",\"url\":\"https:\/\/rosmarinchenskraeuterzauberey.de\/?product=rose\",\"name\":\"Rose - Rosmarinchens Kraeuterzauberey\",\"isPartOf\":{\"@id\":\"https:\/\/rosmarinchenskraeuterzauberey.de\/#website\"},\"primaryImageOfPage\":{\"@id\":\"https:\/\/rosmarinchenskraeuterzauberey.de\/?product=rose#primaryimage\"},\"datePublished\":\"2020-09-15T09:26:31+00:00\",\"dateModified\":\"2020-12-10T21:02:35+00:00\",\"breadcrumb\":{\"@id\":\"https:\/\/rosmarinchenskraeuterzauberey.de\/?product=rose#breadcrumb\"},\"inLanguage\":\"de\",\"potentialAction\":[{\"@type\":\"ReadAction\",\"target\":[\"https:\/\/rosmarinchenskraeuterzauberey.de\/?product=rose\"]}]},{\"@type\":\"BreadcrumbList\",\"@id\":\"https:\/\/rosmarinchenskraeuterzauberey.de\/?product=rose#breadcrumb\",\"itemListElement\":[{\"@type\":\"ListItem\",\"position\":1,\"name\":\"Home\",\"item\":\"https:\/\/rosmarinchenskraeuterzauberey.de\/\"},{\"@type\":\"ListItem\",\"position\":2,\"name\":\"Shop\",\"item\":\"https:\/\/rosmarinchenskraeuterzauberey.de\/?page_id=7\"},{\"@type\":\"ListItem\",\"position\":3,\"name\":\"Rose\"}]}]}<\/script>\n<!-- \/ Yoast SEO plugin. -->","yoast_head_json":{"title":"Rose - Rosmarinchens Kraeuterzauberey","robots":{"index":"index","follow":"follow","max-snippet":"max-snippet:-1","max-image-preview":"max-image-preview:large","max-video-preview":"max-video-preview:-1"},"canonical":"https:\/\/rosmarinchenskraeuterzauberey.de\/?product=rose","og_locale":"de_DE","og_type":"article","og_title":"Rose - Rosmarinchens Kraeuterzauberey","og_description":"Beschreibung: Rose (rosa damascena) Sie ist die K\u00f6nigin der Blumen. Durch die Dornen zeigt sie an wie wehrhaft sie ist, sie kann sich besch\u00fctzen bei Unachtsamkeit. Verwendung und Wirkung: Die Rose steht f\u00fcr Liebe, Sinnlichkeit, das Weibliche, die Leidenschaft und Erotik. Daher fehlt sie in keiner Liebesr\u00e4ucherung. Aber auch f\u00fcr Entspannung, stimmungsaufhellende Mischungen, Wohlstand und\/oder\u00a0&hellip;&nbsp;Weiterlesen &raquo;Rose","og_url":"https:\/\/rosmarinchenskraeuterzauberey.de\/?product=rose","og_site_name":"Rosmarinchens Kraeuterzauberey","article_modified_time":"2020-12-10T21:02:35+00:00","og_image":[{"width":2000,"height":1335,"url":"https:\/\/rosmarinchenskraeuterzauberey.de\/wp-content\/uploads\/2020\/09\/DSC8266_rose.jpg","type":"image\/jpeg"}],"twitter_card":"summary_large_image","twitter_misc":{"Gesch\u00e4tzte Lesezeit":"1\u00a0Minute"},"schema":{"@context":"https:\/\/schema.org","@graph":[{"@type":"WebSite","@id":"https:\/\/rosmarinchenskraeuterzauberey.de\/#website","url":"https:\/\/rosmarinchenskraeuterzauberey.de\/","name":"Rosmarinchens Kraeuterzauberey","description":"R\u00e4uchermischungen &amp; R\u00e4ucherzubeh\u00f6r kaufen","potentialAction":[{"@type":"SearchAction","target":{"@type":"EntryPoint","urlTemplate":"https:\/\/rosmarinchenskraeuterzauberey.de\/?s={search_term_string}"},"query-input":"required name=search_term_string"}],"inLanguage":"de"},{"@type":"ImageObject","@id":"https:\/\/rosmarinchenskraeuterzauberey.de\/?product=rose#primaryimage","inLanguage":"de","url":"https:\/\/rosmarinchenskraeuterzauberey.de\/wp-content\/uploads\/2020\/09\/DSC8266_rose.jpg","contentUrl":"https:\/\/rosmarinchenskraeuterzauberey.de\/wp-content\/uploads\/2020\/09\/DSC8266_rose.jpg","width":2000,"height":1335,"caption":"rosenbl\u00fcten zum r\u00e4uchern"},{"@type":"WebPage","@id":"https:\/\/rosmarinchenskraeuterzauberey.de\/?product=rose#webpage","url":"https:\/\/rosmarinchenskraeuterzauberey.de\/?product=rose","name":"Rose - Rosmarinchens Kraeuterzauberey","isPartOf":{"@id":"https:\/\/rosmarinchenskraeuterzauberey.de\/#website"},"primaryImageOfPage":{"@id":"https:\/\/rosmarinchenskraeuterzauberey.de\/?product=rose#primaryimage"},"datePublished":"2020-09-15T09:26:31+00:00","dateModified":"2020-12-10T21:02:35+00:00","breadcrumb":{"@id":"https:\/\/rosmarinchenskraeuterzauberey.de\/?product=rose#breadcrumb"},"inLanguage":"de","potentialAction":[{"@type":"ReadAction","target":["https:\/\/rosmarinchenskraeuterzauberey.de\/?product=rose"]}]},{"@type":"BreadcrumbList","@id":"https:\/\/rosmarinchenskraeuterzauberey.de\/?product=rose#breadcrumb","itemListElement":[{"@type":"ListItem","position":1,"name":"Home","item":"https:\/\/rosmarinchenskraeuterzauberey.de\/"},{"@type":"ListItem","position":2,"name":"Shop","item":"https:\/\/rosmarinchenskraeuterzauberey.de\/?page_id=7"},{"@type":"ListItem","position":3,"name":"Rose"}]}]}},"_links":{"self":[{"href":"https:\/\/rosmarinchenskraeuterzauberey.de\/index.php?rest_route=\/wp\/v2\/product\/157"}],"collection":[{"href":"https:\/\/rosmarinchenskraeuterzauberey.de\/index.php?rest_route=\/wp\/v2\/product"}],"about":[{"href":"https:\/\/rosmarinchenskraeuterzauberey.de\/index.php?rest_route=\/wp\/v2\/types\/product"}],"replies":[{"embeddable":true,"href":"https:\/\/rosmarinchenskraeuterzauberey.de\/index.php?rest_route=%2Fwp%2Fv2%2Fcomments&post=157"}],"wp:featuredmedia":[{"embeddable":true,"href":"https:\/\/rosmarinchenskraeuterzauberey.de\/index.php?rest_route=\/wp\/v2\/media\/158"}],"wp:attachment":[{"href":"https:\/\/rosmarinchenskraeuterzauberey.de\/index.php?rest_route=%2Fwp%2Fv2%2Fmedia&parent=157"}],"wp:term":[{"taxonomy":"product_cat","embeddable":true,"href":"https:\/\/rosmarinchenskraeuterzauberey.de\/index.php?rest_route=%2Fwp%2Fv2%2Fproduct_cat&post=157"},{"taxonomy":"product_tag","embeddable":true,"href":"https:\/\/rosmarinchenskraeuterzauberey.de\/index.php?rest_route=%2Fwp%2Fv2%2Fproduct_tag&post=157"}],"curies":[{"name":"wp","href":"https:\/\/api.w.org\/{rel}","templated":true}]}}