{"id":197,"date":"2020-12-05T12:55:34","date_gmt":"2020-12-05T12:55:34","guid":{"rendered":"https:\/\/rosmarinchenskraeuterzauberey.de\/?post_type=product&#038;p=197"},"modified":"2024-12-31T16:35:29","modified_gmt":"2024-12-31T16:35:29","slug":"zimtrinde","status":"publish","type":"product","link":"https:\/\/rosmarinchenskraeuterzauberey.de\/?product=zimtrinde","title":{"rendered":"Zimtrinde"},"content":{"rendered":"<p><strong>Beschreibung:<br \/>\n<\/strong>\u00a0Zimtrinde (cinnamomum verum, c. zeylanicum)<\/p>\n<p><strong>Verwendung und Wirkung:<\/strong><br \/>\nMan sagt Zimt w\u00e4rmt die Seele.<br \/>\nWohl auch daher ist Geb\u00e4ck mit Zimt in unseren H\u00e4usern nicht mehr wegzudenken.<br \/>\nZimt kann aber noch viel mehr:<br \/>\nEr schenkt Vertrauen bei Gef\u00fchlsk\u00e4lte und hilft beim *einlassen*.<br \/>\nBei beruflichen und gesch\u00e4ftlichen T\u00e4tigkeiten unterst\u00fctzt er und zieht den Erfolg an.<br \/>\nNach Pechstr\u00e4hnen oder l\u00e4ngeren Durststrecken hilft der Zimt wieder den Weg zu finden um st\u00e4rker und erfolgreicher zu werden.<br \/>\nEr ist Gl\u00fcck f\u00fcr das Haus.<br \/>\nHilft gegen \u00c4ngste und beruhigt.<\/p>\n<p><strong>Duft:<br \/>\n<\/strong>s\u00fc\u00dflich, warm, orientalisch, angenehm, festlich<\/p>\n<p><strong>Anwendung:<br \/>\n<\/strong>Zu r\u00e4uchern auf Kohle oder St\u00f6vchen, einzeln oder als Mischung.<\/p>\n<p><strong>Verpackung:<br \/>\n<\/strong>Die R\u00e4ucherwerk wird versiegelt im Glas versandt.<\/p>\n<p><strong>Wichtiger Hinweis:<br \/>\n<\/strong>Die R\u00e4ucherstoffe sind\/ ersetzen keine Heil- und Arzneimittel.<br \/>\nR\u00e4ucherwerk ist von Kindern und Tieren fernzuhalten.<\/p>\n","protected":false},"excerpt":{"rendered":"<p>Beschreibung: \u00a0Zimtrinde (cinnamomum verum, c. zeylanicum) Verwendung und Wirkung: Man sagt Zimt w\u00e4rmt die Seele. Wohl auch daher ist Geb\u00e4ck mit Zimt in unseren H\u00e4usern nicht mehr wegzudenken. Zimt kann aber noch viel mehr: Er schenkt Vertrauen bei Gef\u00fchlsk\u00e4lte und hilft beim *einlassen*. Bei beruflichen und gesch\u00e4ftlichen T\u00e4tigkeiten unterst\u00fctzt er und zieht den Erfolg an.&hellip;&nbsp;<a href=\"https:\/\/rosmarinchenskraeuterzauberey.de\/?product=zimtrinde\" class=\"\" rel=\"bookmark\">Weiterlesen &raquo;<span class=\"screen-reader-text\">Zimtrinde<\/span><\/a><\/p>\n","protected":false},"featured_media":174,"comment_status":"open","ping_status":"closed","template":"","meta":{"neve_meta_sidebar":"","neve_meta_container":"","neve_meta_enable_content_width":"off","neve_meta_content_width":0,"neve_meta_title_alignment":"","neve_meta_author_avatar":"","neve_post_elements_order":"","neve_meta_disable_header":"","neve_meta_disable_footer":"","neve_meta_disable_title":"","_themeisle_gutenberg_block_has_review":false,"_ti_tpc_template_sync":false,"_ti_tpc_template_id":""},"product_cat":[30],"product_tag":[],"yoast_head":"<!-- This site is optimized with the Yoast SEO plugin v18.5.1 - https:\/\/yoast.com\/wordpress\/plugins\/seo\/ -->\n<title>Zimtrinde - Rosmarinchens Kraeuterzauberey<\/title>\n<meta name=\"robots\" content=\"index, follow, max-snippet:-1, max-image-preview:large, max-video-preview:-1\" \/>\n<link rel=\"canonical\" href=\"https:\/\/rosmarinchenskraeuterzauberey.de\/?product=zimtrinde\" \/>\n<meta property=\"og:locale\" content=\"de_DE\" \/>\n<meta property=\"og:type\" content=\"article\" \/>\n<meta property=\"og:title\" content=\"Zimtrinde - Rosmarinchens Kraeuterzauberey\" \/>\n<meta property=\"og:description\" content=\"Beschreibung: \u00a0Zimtrinde (cinnamomum verum, c. zeylanicum) Verwendung und Wirkung: Man sagt Zimt w\u00e4rmt die Seele. Wohl auch daher ist Geb\u00e4ck mit Zimt in unseren H\u00e4usern nicht mehr wegzudenken. Zimt kann aber noch viel mehr: Er schenkt Vertrauen bei Gef\u00fchlsk\u00e4lte und hilft beim *einlassen*. Bei beruflichen und gesch\u00e4ftlichen T\u00e4tigkeiten unterst\u00fctzt er und zieht den Erfolg an.&hellip;&nbsp;Weiterlesen &raquo;Zimtrinde\" \/>\n<meta property=\"og:url\" content=\"https:\/\/rosmarinchenskraeuterzauberey.de\/?product=zimtrinde\" \/>\n<meta property=\"og:site_name\" content=\"Rosmarinchens Kraeuterzauberey\" \/>\n<meta property=\"article:modified_time\" content=\"2024-12-31T16:35:29+00:00\" \/>\n<meta property=\"og:image\" content=\"https:\/\/rosmarinchenskraeuterzauberey.de\/wp-content\/uploads\/2020\/09\/DSC8361_zimt.jpg\" \/>\n\t<meta property=\"og:image:width\" content=\"2000\" \/>\n\t<meta property=\"og:image:height\" content=\"1335\" \/>\n\t<meta property=\"og:image:type\" content=\"image\/jpeg\" \/>\n<meta name=\"twitter:card\" content=\"summary_large_image\" \/>\n<meta name=\"twitter:label1\" content=\"Gesch\u00e4tzte Lesezeit\" \/>\n\t<meta name=\"twitter:data1\" content=\"1\u00a0Minute\" \/>\n<script type=\"application\/ld+json\" class=\"yoast-schema-graph\">{\"@context\":\"https:\/\/schema.org\",\"@graph\":[{\"@type\":\"WebSite\",\"@id\":\"https:\/\/rosmarinchenskraeuterzauberey.de\/#website\",\"url\":\"https:\/\/rosmarinchenskraeuterzauberey.de\/\",\"name\":\"Rosmarinchens Kraeuterzauberey\",\"description\":\"R\u00e4uchermischungen &amp; R\u00e4ucherzubeh\u00f6r kaufen\",\"potentialAction\":[{\"@type\":\"SearchAction\",\"target\":{\"@type\":\"EntryPoint\",\"urlTemplate\":\"https:\/\/rosmarinchenskraeuterzauberey.de\/?s={search_term_string}\"},\"query-input\":\"required name=search_term_string\"}],\"inLanguage\":\"de\"},{\"@type\":\"ImageObject\",\"@id\":\"https:\/\/rosmarinchenskraeuterzauberey.de\/?product=zimtrinde#primaryimage\",\"inLanguage\":\"de\",\"url\":\"https:\/\/rosmarinchenskraeuterzauberey.de\/wp-content\/uploads\/2020\/09\/DSC8361_zimt.jpg\",\"contentUrl\":\"https:\/\/rosmarinchenskraeuterzauberey.de\/wp-content\/uploads\/2020\/09\/DSC8361_zimt.jpg\",\"width\":2000,\"height\":1335},{\"@type\":\"WebPage\",\"@id\":\"https:\/\/rosmarinchenskraeuterzauberey.de\/?product=zimtrinde#webpage\",\"url\":\"https:\/\/rosmarinchenskraeuterzauberey.de\/?product=zimtrinde\",\"name\":\"Zimtrinde - Rosmarinchens Kraeuterzauberey\",\"isPartOf\":{\"@id\":\"https:\/\/rosmarinchenskraeuterzauberey.de\/#website\"},\"primaryImageOfPage\":{\"@id\":\"https:\/\/rosmarinchenskraeuterzauberey.de\/?product=zimtrinde#primaryimage\"},\"datePublished\":\"2020-12-05T12:55:34+00:00\",\"dateModified\":\"2024-12-31T16:35:29+00:00\",\"breadcrumb\":{\"@id\":\"https:\/\/rosmarinchenskraeuterzauberey.de\/?product=zimtrinde#breadcrumb\"},\"inLanguage\":\"de\",\"potentialAction\":[{\"@type\":\"ReadAction\",\"target\":[\"https:\/\/rosmarinchenskraeuterzauberey.de\/?product=zimtrinde\"]}]},{\"@type\":\"BreadcrumbList\",\"@id\":\"https:\/\/rosmarinchenskraeuterzauberey.de\/?product=zimtrinde#breadcrumb\",\"itemListElement\":[{\"@type\":\"ListItem\",\"position\":1,\"name\":\"Home\",\"item\":\"https:\/\/rosmarinchenskraeuterzauberey.de\/\"},{\"@type\":\"ListItem\",\"position\":2,\"name\":\"Shop\",\"item\":\"https:\/\/rosmarinchenskraeuterzauberey.de\/?page_id=7\"},{\"@type\":\"ListItem\",\"position\":3,\"name\":\"Zimtrinde\"}]}]}<\/script>\n<!-- \/ Yoast SEO plugin. -->","yoast_head_json":{"title":"Zimtrinde - Rosmarinchens Kraeuterzauberey","robots":{"index":"index","follow":"follow","max-snippet":"max-snippet:-1","max-image-preview":"max-image-preview:large","max-video-preview":"max-video-preview:-1"},"canonical":"https:\/\/rosmarinchenskraeuterzauberey.de\/?product=zimtrinde","og_locale":"de_DE","og_type":"article","og_title":"Zimtrinde - Rosmarinchens Kraeuterzauberey","og_description":"Beschreibung: \u00a0Zimtrinde (cinnamomum verum, c. zeylanicum) Verwendung und Wirkung: Man sagt Zimt w\u00e4rmt die Seele. Wohl auch daher ist Geb\u00e4ck mit Zimt in unseren H\u00e4usern nicht mehr wegzudenken. Zimt kann aber noch viel mehr: Er schenkt Vertrauen bei Gef\u00fchlsk\u00e4lte und hilft beim *einlassen*. Bei beruflichen und gesch\u00e4ftlichen T\u00e4tigkeiten unterst\u00fctzt er und zieht den Erfolg an.&hellip;&nbsp;Weiterlesen &raquo;Zimtrinde","og_url":"https:\/\/rosmarinchenskraeuterzauberey.de\/?product=zimtrinde","og_site_name":"Rosmarinchens Kraeuterzauberey","article_modified_time":"2024-12-31T16:35:29+00:00","og_image":[{"width":2000,"height":1335,"url":"https:\/\/rosmarinchenskraeuterzauberey.de\/wp-content\/uploads\/2020\/09\/DSC8361_zimt.jpg","type":"image\/jpeg"}],"twitter_card":"summary_large_image","twitter_misc":{"Gesch\u00e4tzte Lesezeit":"1\u00a0Minute"},"schema":{"@context":"https:\/\/schema.org","@graph":[{"@type":"WebSite","@id":"https:\/\/rosmarinchenskraeuterzauberey.de\/#website","url":"https:\/\/rosmarinchenskraeuterzauberey.de\/","name":"Rosmarinchens Kraeuterzauberey","description":"R\u00e4uchermischungen &amp; R\u00e4ucherzubeh\u00f6r kaufen","potentialAction":[{"@type":"SearchAction","target":{"@type":"EntryPoint","urlTemplate":"https:\/\/rosmarinchenskraeuterzauberey.de\/?s={search_term_string}"},"query-input":"required name=search_term_string"}],"inLanguage":"de"},{"@type":"ImageObject","@id":"https:\/\/rosmarinchenskraeuterzauberey.de\/?product=zimtrinde#primaryimage","inLanguage":"de","url":"https:\/\/rosmarinchenskraeuterzauberey.de\/wp-content\/uploads\/2020\/09\/DSC8361_zimt.jpg","contentUrl":"https:\/\/rosmarinchenskraeuterzauberey.de\/wp-content\/uploads\/2020\/09\/DSC8361_zimt.jpg","width":2000,"height":1335},{"@type":"WebPage","@id":"https:\/\/rosmarinchenskraeuterzauberey.de\/?product=zimtrinde#webpage","url":"https:\/\/rosmarinchenskraeuterzauberey.de\/?product=zimtrinde","name":"Zimtrinde - Rosmarinchens Kraeuterzauberey","isPartOf":{"@id":"https:\/\/rosmarinchenskraeuterzauberey.de\/#website"},"primaryImageOfPage":{"@id":"https:\/\/rosmarinchenskraeuterzauberey.de\/?product=zimtrinde#primaryimage"},"datePublished":"2020-12-05T12:55:34+00:00","dateModified":"2024-12-31T16:35:29+00:00","breadcrumb":{"@id":"https:\/\/rosmarinchenskraeuterzauberey.de\/?product=zimtrinde#breadcrumb"},"inLanguage":"de","potentialAction":[{"@type":"ReadAction","target":["https:\/\/rosmarinchenskraeuterzauberey.de\/?product=zimtrinde"]}]},{"@type":"BreadcrumbList","@id":"https:\/\/rosmarinchenskraeuterzauberey.de\/?product=zimtrinde#breadcrumb","itemListElement":[{"@type":"ListItem","position":1,"name":"Home","item":"https:\/\/rosmarinchenskraeuterzauberey.de\/"},{"@type":"ListItem","position":2,"name":"Shop","item":"https:\/\/rosmarinchenskraeuterzauberey.de\/?page_id=7"},{"@type":"ListItem","position":3,"name":"Zimtrinde"}]}]}},"_links":{"self":[{"href":"https:\/\/rosmarinchenskraeuterzauberey.de\/index.php?rest_route=\/wp\/v2\/product\/197"}],"collection":[{"href":"https:\/\/rosmarinchenskraeuterzauberey.de\/index.php?rest_route=\/wp\/v2\/product"}],"about":[{"href":"https:\/\/rosmarinchenskraeuterzauberey.de\/index.php?rest_route=\/wp\/v2\/types\/product"}],"replies":[{"embeddable":true,"href":"https:\/\/rosmarinchenskraeuterzauberey.de\/index.php?rest_route=%2Fwp%2Fv2%2Fcomments&post=197"}],"wp:featuredmedia":[{"embeddable":true,"href":"https:\/\/rosmarinchenskraeuterzauberey.de\/index.php?rest_route=\/wp\/v2\/media\/174"}],"wp:attachment":[{"href":"https:\/\/rosmarinchenskraeuterzauberey.de\/index.php?rest_route=%2Fwp%2Fv2%2Fmedia&parent=197"}],"wp:term":[{"taxonomy":"product_cat","embeddable":true,"href":"https:\/\/rosmarinchenskraeuterzauberey.de\/index.php?rest_route=%2Fwp%2Fv2%2Fproduct_cat&post=197"},{"taxonomy":"product_tag","embeddable":true,"href":"https:\/\/rosmarinchenskraeuterzauberey.de\/index.php?rest_route=%2Fwp%2Fv2%2Fproduct_tag&post=197"}],"curies":[{"name":"wp","href":"https:\/\/api.w.org\/{rel}","templated":true}]}}