{"id":212,"date":"2020-10-30T09:13:23","date_gmt":"2020-10-30T09:13:23","guid":{"rendered":"https:\/\/rosmarinchenskraeuterzauberey.de\/?post_type=product&#038;p=212"},"modified":"2020-12-12T12:24:06","modified_gmt":"2020-12-12T12:24:06","slug":"wacholder","status":"publish","type":"product","link":"https:\/\/rosmarinchenskraeuterzauberey.de\/?product=wacholder","title":{"rendered":"Wacholderbeeren"},"content":{"rendered":"<p>&nbsp;<\/p>\n<p><strong>Beschreibung:<\/strong><br \/>\nWacholder ( juniperus communis)<br \/>\nAndere Namen: Kranewittbaum, Weckholder, Feuerbaum, u.a.<br \/>\nIm heidnischen Glauben galt der Wacholder als Eingang in die Unterwelt. Daher war er fr\u00fcher, \u00e4hnlich wie der Holunder, auf Friedh\u00f6fen zu finden.<br \/>\nWacholder ist ein Ahnenbaum.<br \/>\nWas konserviert ( z.B. Schinken) , t\u00f6tet ab und desinfiziert. Darum wurde fr\u00fcher schon mit Wacholder ausger\u00e4uchert, da man um seine keimt\u00f6tende, desinfizierende Art wusste.<br \/>\nWacholder ist einer der Bestandteile des Notfeuers (Neunerlei H\u00f6lzer)<br \/>\nEr ist eine Schutzpflanze gegen alles Negative.<\/p>\n<p><strong>Verwendung und Wirkung:<\/strong><br \/>\nMagisch-heilende Rituale.<br \/>\nDer Rauch des Wacholders unterst\u00fctzt den Ahnenkontakt.<br \/>\nHilft erden und bietet Schutz.<br \/>\nEr unterst\u00fctzt Reinigungsimpulse, vor allem geistiger Natur.<br \/>\nKl\u00e4rt den Geist und gibt Kraft um Widrigkeiten entgegenzutreten.<br \/>\nEr hilft uns zu erden.<br \/>\nEnergetisiert R\u00e4ume.<br \/>\nWichtiger Bestandteil in den Rauhn\u00e4chten.<\/p>\n<p><strong>Duft:<\/strong><br \/>\nkr\u00e4ftig, frisch, w\u00fcrzig, angenehm<\/p>\n<p><strong>Anwendung:<\/strong><br \/>\nZu r\u00e4uchern auf Kohle oder St\u00f6vchen, einzeln oder als Mischung.<\/p>\n<p><strong>Verpackung:<\/strong><br \/>\nDas R\u00e4ucherwerk wird im Aromaschutzbeutel versandt.<\/p>\n<p><strong>Wichtiger Hinweis:<\/strong><br \/>\nDie R\u00e4ucherstoffe sind\/ ersetzen keine Heil- und Arzneimittel.<br \/>\nR\u00e4ucherwerk ist von Kindern und Tieren fernzuhalten.<\/p>\n","protected":false},"excerpt":{"rendered":"<p>&nbsp; Beschreibung: Wacholder ( juniperus communis) Andere Namen: Kranewittbaum, Weckholder, Feuerbaum, u.a. Im heidnischen Glauben galt der Wacholder als Eingang in die Unterwelt. Daher war er fr\u00fcher, \u00e4hnlich wie der Holunder, auf Friedh\u00f6fen zu finden. Wacholder ist ein Ahnenbaum. Was konserviert ( z.B. Schinken) , t\u00f6tet ab und desinfiziert. Darum wurde fr\u00fcher schon mit Wacholder&hellip;&nbsp;<a href=\"https:\/\/rosmarinchenskraeuterzauberey.de\/?product=wacholder\" class=\"\" rel=\"bookmark\">Weiterlesen &raquo;<span class=\"screen-reader-text\">Wacholderbeeren<\/span><\/a><\/p>\n","protected":false},"featured_media":0,"comment_status":"open","ping_status":"closed","template":"","meta":{"neve_meta_sidebar":"","neve_meta_container":"","neve_meta_enable_content_width":"off","neve_meta_content_width":0,"neve_meta_title_alignment":"","neve_meta_author_avatar":"","neve_post_elements_order":"","neve_meta_disable_header":"","neve_meta_disable_footer":"","neve_meta_disable_title":"","_themeisle_gutenberg_block_has_review":false,"_ti_tpc_template_sync":false,"_ti_tpc_template_id":""},"product_cat":[53],"product_tag":[],"yoast_head":"<!-- This site is optimized with the Yoast SEO plugin v18.5.1 - https:\/\/yoast.com\/wordpress\/plugins\/seo\/ -->\n<title>Wacholderbeeren - Rosmarinchens Kraeuterzauberey<\/title>\n<meta name=\"robots\" content=\"index, follow, max-snippet:-1, max-image-preview:large, max-video-preview:-1\" \/>\n<link rel=\"canonical\" href=\"https:\/\/rosmarinchenskraeuterzauberey.de\/?product=wacholder\" \/>\n<meta property=\"og:locale\" content=\"de_DE\" \/>\n<meta property=\"og:type\" content=\"article\" \/>\n<meta property=\"og:title\" content=\"Wacholderbeeren - Rosmarinchens Kraeuterzauberey\" \/>\n<meta property=\"og:description\" content=\"&nbsp; Beschreibung: Wacholder ( juniperus communis) Andere Namen: Kranewittbaum, Weckholder, Feuerbaum, u.a. Im heidnischen Glauben galt der Wacholder als Eingang in die Unterwelt. Daher war er fr\u00fcher, \u00e4hnlich wie der Holunder, auf Friedh\u00f6fen zu finden. Wacholder ist ein Ahnenbaum. Was konserviert ( z.B. Schinken) , t\u00f6tet ab und desinfiziert. Darum wurde fr\u00fcher schon mit Wacholder&hellip;&nbsp;Weiterlesen &raquo;Wacholderbeeren\" \/>\n<meta property=\"og:url\" content=\"https:\/\/rosmarinchenskraeuterzauberey.de\/?product=wacholder\" \/>\n<meta property=\"og:site_name\" content=\"Rosmarinchens Kraeuterzauberey\" \/>\n<meta property=\"article:modified_time\" content=\"2020-12-12T12:24:06+00:00\" \/>\n<meta name=\"twitter:card\" content=\"summary_large_image\" \/>\n<meta name=\"twitter:label1\" content=\"Gesch\u00e4tzte Lesezeit\" \/>\n\t<meta name=\"twitter:data1\" content=\"1\u00a0Minute\" \/>\n<script type=\"application\/ld+json\" class=\"yoast-schema-graph\">{\"@context\":\"https:\/\/schema.org\",\"@graph\":[{\"@type\":\"WebSite\",\"@id\":\"https:\/\/rosmarinchenskraeuterzauberey.de\/#website\",\"url\":\"https:\/\/rosmarinchenskraeuterzauberey.de\/\",\"name\":\"Rosmarinchens Kraeuterzauberey\",\"description\":\"R\u00e4uchermischungen &amp; R\u00e4ucherzubeh\u00f6r kaufen\",\"potentialAction\":[{\"@type\":\"SearchAction\",\"target\":{\"@type\":\"EntryPoint\",\"urlTemplate\":\"https:\/\/rosmarinchenskraeuterzauberey.de\/?s={search_term_string}\"},\"query-input\":\"required name=search_term_string\"}],\"inLanguage\":\"de\"},{\"@type\":\"WebPage\",\"@id\":\"https:\/\/rosmarinchenskraeuterzauberey.de\/?product=wacholder#webpage\",\"url\":\"https:\/\/rosmarinchenskraeuterzauberey.de\/?product=wacholder\",\"name\":\"Wacholderbeeren - Rosmarinchens Kraeuterzauberey\",\"isPartOf\":{\"@id\":\"https:\/\/rosmarinchenskraeuterzauberey.de\/#website\"},\"datePublished\":\"2020-10-30T09:13:23+00:00\",\"dateModified\":\"2020-12-12T12:24:06+00:00\",\"breadcrumb\":{\"@id\":\"https:\/\/rosmarinchenskraeuterzauberey.de\/?product=wacholder#breadcrumb\"},\"inLanguage\":\"de\",\"potentialAction\":[{\"@type\":\"ReadAction\",\"target\":[\"https:\/\/rosmarinchenskraeuterzauberey.de\/?product=wacholder\"]}]},{\"@type\":\"BreadcrumbList\",\"@id\":\"https:\/\/rosmarinchenskraeuterzauberey.de\/?product=wacholder#breadcrumb\",\"itemListElement\":[{\"@type\":\"ListItem\",\"position\":1,\"name\":\"Home\",\"item\":\"https:\/\/rosmarinchenskraeuterzauberey.de\/\"},{\"@type\":\"ListItem\",\"position\":2,\"name\":\"Shop\",\"item\":\"https:\/\/rosmarinchenskraeuterzauberey.de\/?page_id=7\"},{\"@type\":\"ListItem\",\"position\":3,\"name\":\"Wacholderbeeren\"}]}]}<\/script>\n<!-- \/ Yoast SEO plugin. -->","yoast_head_json":{"title":"Wacholderbeeren - Rosmarinchens Kraeuterzauberey","robots":{"index":"index","follow":"follow","max-snippet":"max-snippet:-1","max-image-preview":"max-image-preview:large","max-video-preview":"max-video-preview:-1"},"canonical":"https:\/\/rosmarinchenskraeuterzauberey.de\/?product=wacholder","og_locale":"de_DE","og_type":"article","og_title":"Wacholderbeeren - Rosmarinchens Kraeuterzauberey","og_description":"&nbsp; Beschreibung: Wacholder ( juniperus communis) Andere Namen: Kranewittbaum, Weckholder, Feuerbaum, u.a. Im heidnischen Glauben galt der Wacholder als Eingang in die Unterwelt. Daher war er fr\u00fcher, \u00e4hnlich wie der Holunder, auf Friedh\u00f6fen zu finden. Wacholder ist ein Ahnenbaum. Was konserviert ( z.B. Schinken) , t\u00f6tet ab und desinfiziert. Darum wurde fr\u00fcher schon mit Wacholder&hellip;&nbsp;Weiterlesen &raquo;Wacholderbeeren","og_url":"https:\/\/rosmarinchenskraeuterzauberey.de\/?product=wacholder","og_site_name":"Rosmarinchens Kraeuterzauberey","article_modified_time":"2020-12-12T12:24:06+00:00","twitter_card":"summary_large_image","twitter_misc":{"Gesch\u00e4tzte Lesezeit":"1\u00a0Minute"},"schema":{"@context":"https:\/\/schema.org","@graph":[{"@type":"WebSite","@id":"https:\/\/rosmarinchenskraeuterzauberey.de\/#website","url":"https:\/\/rosmarinchenskraeuterzauberey.de\/","name":"Rosmarinchens Kraeuterzauberey","description":"R\u00e4uchermischungen &amp; R\u00e4ucherzubeh\u00f6r kaufen","potentialAction":[{"@type":"SearchAction","target":{"@type":"EntryPoint","urlTemplate":"https:\/\/rosmarinchenskraeuterzauberey.de\/?s={search_term_string}"},"query-input":"required name=search_term_string"}],"inLanguage":"de"},{"@type":"WebPage","@id":"https:\/\/rosmarinchenskraeuterzauberey.de\/?product=wacholder#webpage","url":"https:\/\/rosmarinchenskraeuterzauberey.de\/?product=wacholder","name":"Wacholderbeeren - Rosmarinchens Kraeuterzauberey","isPartOf":{"@id":"https:\/\/rosmarinchenskraeuterzauberey.de\/#website"},"datePublished":"2020-10-30T09:13:23+00:00","dateModified":"2020-12-12T12:24:06+00:00","breadcrumb":{"@id":"https:\/\/rosmarinchenskraeuterzauberey.de\/?product=wacholder#breadcrumb"},"inLanguage":"de","potentialAction":[{"@type":"ReadAction","target":["https:\/\/rosmarinchenskraeuterzauberey.de\/?product=wacholder"]}]},{"@type":"BreadcrumbList","@id":"https:\/\/rosmarinchenskraeuterzauberey.de\/?product=wacholder#breadcrumb","itemListElement":[{"@type":"ListItem","position":1,"name":"Home","item":"https:\/\/rosmarinchenskraeuterzauberey.de\/"},{"@type":"ListItem","position":2,"name":"Shop","item":"https:\/\/rosmarinchenskraeuterzauberey.de\/?page_id=7"},{"@type":"ListItem","position":3,"name":"Wacholderbeeren"}]}]}},"_links":{"self":[{"href":"https:\/\/rosmarinchenskraeuterzauberey.de\/index.php?rest_route=\/wp\/v2\/product\/212"}],"collection":[{"href":"https:\/\/rosmarinchenskraeuterzauberey.de\/index.php?rest_route=\/wp\/v2\/product"}],"about":[{"href":"https:\/\/rosmarinchenskraeuterzauberey.de\/index.php?rest_route=\/wp\/v2\/types\/product"}],"replies":[{"embeddable":true,"href":"https:\/\/rosmarinchenskraeuterzauberey.de\/index.php?rest_route=%2Fwp%2Fv2%2Fcomments&post=212"}],"wp:attachment":[{"href":"https:\/\/rosmarinchenskraeuterzauberey.de\/index.php?rest_route=%2Fwp%2Fv2%2Fmedia&parent=212"}],"wp:term":[{"taxonomy":"product_cat","embeddable":true,"href":"https:\/\/rosmarinchenskraeuterzauberey.de\/index.php?rest_route=%2Fwp%2Fv2%2Fproduct_cat&post=212"},{"taxonomy":"product_tag","embeddable":true,"href":"https:\/\/rosmarinchenskraeuterzauberey.de\/index.php?rest_route=%2Fwp%2Fv2%2Fproduct_tag&post=212"}],"curies":[{"name":"wp","href":"https:\/\/api.w.org\/{rel}","templated":true}]}}