{"id":215,"date":"2020-10-30T22:49:21","date_gmt":"2020-10-30T22:49:21","guid":{"rendered":"https:\/\/rosmarinchenskraeuterzauberey.de\/?post_type=product&#038;p=215"},"modified":"2020-12-10T17:47:10","modified_gmt":"2020-12-10T17:47:10","slug":"eisenkraut","status":"publish","type":"product","link":"https:\/\/rosmarinchenskraeuterzauberey.de\/?product=eisenkraut","title":{"rendered":"Eisenkraut"},"content":{"rendered":"<p><strong>Beschreibung:<\/strong><br \/>\nEisenkraut ( verbena officinalis )<br \/>\nAndere Namen: Sagenkraut, Wunschkraut, Druidenkraut, Stahlkraut, Traumkraut, Wundkraut, Diplomatenkraut.<br \/>\nDen Kelten war sie eine Zauberpflanze, die zur Wahrsagung diente.<br \/>\nSchon fr\u00fch sagte man ihm heilende.Eigenschaften nach.<br \/>\nAuch glaubte man , er k\u00f6nne Eisen h\u00e4rten.<\/p>\n<p><strong>Verwendung und Wirkung:<\/strong><br \/>\nDie Abwehr und der Schutz werden verst\u00e4rkt.<br \/>\nSchwierige Situationen hilft sie zum Guten zu wandeln.<br \/>\nEinsicht zu erlangen und die diplomatischen F\u00e4higkeiten in uns zu st\u00e4rken.<br \/>\nEs wirkt sich positiv auf unsere Aura aus.<br \/>\nDie Verbindung zur Anderswelt wird ge\u00f6ffnet und hilft uns dadurch die feinen Hinweise zu erkennen, Tr\u00e4ume besser zu deuten.<br \/>\nStabilisiert uns innerlich, st\u00e4hlt uns und richtet uns wieder auf.<\/p>\n<p><strong>Duft:<\/strong><br \/>\nkrautig, angenehm, leicht zitronig<\/p>\n<p><strong>Anwendung:<\/strong><br \/>\nZu r\u00e4uchern auf Kohle oder St\u00f6vchen, einzeln oder als Mischung.<\/p>\n<p><strong>Verpackung:<\/strong><br \/>\nDas R\u00e4ucherwerk wird im Aromaschutzbeutel versandt.<\/p>\n<p><strong>Wichtiger Hinweis:<\/strong><br \/>\nDie R\u00e4ucherstoffe sind\/ersetzen keine Heil- und Arzneimittel.<br \/>\nR\u00e4ucherwerk ist von Kindern und Tieren fernzuhalten.<\/p>\n<p>&nbsp;<\/p>\n<p>&nbsp;<\/p>\n","protected":false},"excerpt":{"rendered":"<p>Beschreibung: Eisenkraut ( verbena officinalis ) Andere Namen: Sagenkraut, Wunschkraut, Druidenkraut, Stahlkraut, Traumkraut, Wundkraut, Diplomatenkraut. Den Kelten war sie eine Zauberpflanze, die zur Wahrsagung diente. Schon fr\u00fch sagte man ihm heilende.Eigenschaften nach. Auch glaubte man , er k\u00f6nne Eisen h\u00e4rten. Verwendung und Wirkung: Die Abwehr und der Schutz werden verst\u00e4rkt. Schwierige Situationen hilft sie zum&hellip;&nbsp;<a href=\"https:\/\/rosmarinchenskraeuterzauberey.de\/?product=eisenkraut\" class=\"\" rel=\"bookmark\">Weiterlesen &raquo;<span class=\"screen-reader-text\">Eisenkraut<\/span><\/a><\/p>\n","protected":false},"featured_media":238,"comment_status":"open","ping_status":"closed","template":"","meta":{"neve_meta_sidebar":"","neve_meta_container":"","neve_meta_enable_content_width":"off","neve_meta_content_width":0,"neve_meta_title_alignment":"","neve_meta_author_avatar":"","neve_post_elements_order":"","neve_meta_disable_header":"","neve_meta_disable_footer":"","neve_meta_disable_title":"","_themeisle_gutenberg_block_has_review":false,"_ti_tpc_template_sync":false,"_ti_tpc_template_id":""},"product_cat":[35],"product_tag":[],"yoast_head":"<!-- This site is optimized with the Yoast SEO plugin v18.5.1 - https:\/\/yoast.com\/wordpress\/plugins\/seo\/ -->\n<title>Eisenkraut - Rosmarinchens Kraeuterzauberey<\/title>\n<meta name=\"robots\" content=\"index, follow, max-snippet:-1, max-image-preview:large, max-video-preview:-1\" \/>\n<link rel=\"canonical\" href=\"https:\/\/rosmarinchenskraeuterzauberey.de\/?product=eisenkraut\" \/>\n<meta property=\"og:locale\" content=\"de_DE\" \/>\n<meta property=\"og:type\" content=\"article\" \/>\n<meta property=\"og:title\" content=\"Eisenkraut - Rosmarinchens Kraeuterzauberey\" \/>\n<meta property=\"og:description\" content=\"Beschreibung: Eisenkraut ( verbena officinalis ) Andere Namen: Sagenkraut, Wunschkraut, Druidenkraut, Stahlkraut, Traumkraut, Wundkraut, Diplomatenkraut. Den Kelten war sie eine Zauberpflanze, die zur Wahrsagung diente. Schon fr\u00fch sagte man ihm heilende.Eigenschaften nach. Auch glaubte man , er k\u00f6nne Eisen h\u00e4rten. Verwendung und Wirkung: Die Abwehr und der Schutz werden verst\u00e4rkt. Schwierige Situationen hilft sie zum&hellip;&nbsp;Weiterlesen &raquo;Eisenkraut\" \/>\n<meta property=\"og:url\" content=\"https:\/\/rosmarinchenskraeuterzauberey.de\/?product=eisenkraut\" \/>\n<meta property=\"og:site_name\" content=\"Rosmarinchens Kraeuterzauberey\" \/>\n<meta property=\"article:modified_time\" content=\"2020-12-10T17:47:10+00:00\" \/>\n<meta property=\"og:image\" content=\"https:\/\/rosmarinchenskraeuterzauberey.de\/wp-content\/uploads\/2020\/11\/DSC8408.jpg\" \/>\n\t<meta property=\"og:image:width\" content=\"2000\" \/>\n\t<meta property=\"og:image:height\" content=\"1335\" \/>\n\t<meta property=\"og:image:type\" content=\"image\/jpeg\" \/>\n<meta name=\"twitter:card\" content=\"summary_large_image\" \/>\n<meta name=\"twitter:label1\" content=\"Gesch\u00e4tzte Lesezeit\" \/>\n\t<meta name=\"twitter:data1\" content=\"1\u00a0Minute\" \/>\n<script type=\"application\/ld+json\" class=\"yoast-schema-graph\">{\"@context\":\"https:\/\/schema.org\",\"@graph\":[{\"@type\":\"WebSite\",\"@id\":\"https:\/\/rosmarinchenskraeuterzauberey.de\/#website\",\"url\":\"https:\/\/rosmarinchenskraeuterzauberey.de\/\",\"name\":\"Rosmarinchens Kraeuterzauberey\",\"description\":\"R\u00e4uchermischungen &amp; R\u00e4ucherzubeh\u00f6r kaufen\",\"potentialAction\":[{\"@type\":\"SearchAction\",\"target\":{\"@type\":\"EntryPoint\",\"urlTemplate\":\"https:\/\/rosmarinchenskraeuterzauberey.de\/?s={search_term_string}\"},\"query-input\":\"required name=search_term_string\"}],\"inLanguage\":\"de\"},{\"@type\":\"ImageObject\",\"@id\":\"https:\/\/rosmarinchenskraeuterzauberey.de\/?product=eisenkraut#primaryimage\",\"inLanguage\":\"de\",\"url\":\"https:\/\/rosmarinchenskraeuterzauberey.de\/wp-content\/uploads\/2020\/11\/DSC8408.jpg\",\"contentUrl\":\"https:\/\/rosmarinchenskraeuterzauberey.de\/wp-content\/uploads\/2020\/11\/DSC8408.jpg\",\"width\":2000,\"height\":1335},{\"@type\":\"WebPage\",\"@id\":\"https:\/\/rosmarinchenskraeuterzauberey.de\/?product=eisenkraut#webpage\",\"url\":\"https:\/\/rosmarinchenskraeuterzauberey.de\/?product=eisenkraut\",\"name\":\"Eisenkraut - Rosmarinchens Kraeuterzauberey\",\"isPartOf\":{\"@id\":\"https:\/\/rosmarinchenskraeuterzauberey.de\/#website\"},\"primaryImageOfPage\":{\"@id\":\"https:\/\/rosmarinchenskraeuterzauberey.de\/?product=eisenkraut#primaryimage\"},\"datePublished\":\"2020-10-30T22:49:21+00:00\",\"dateModified\":\"2020-12-10T17:47:10+00:00\",\"breadcrumb\":{\"@id\":\"https:\/\/rosmarinchenskraeuterzauberey.de\/?product=eisenkraut#breadcrumb\"},\"inLanguage\":\"de\",\"potentialAction\":[{\"@type\":\"ReadAction\",\"target\":[\"https:\/\/rosmarinchenskraeuterzauberey.de\/?product=eisenkraut\"]}]},{\"@type\":\"BreadcrumbList\",\"@id\":\"https:\/\/rosmarinchenskraeuterzauberey.de\/?product=eisenkraut#breadcrumb\",\"itemListElement\":[{\"@type\":\"ListItem\",\"position\":1,\"name\":\"Home\",\"item\":\"https:\/\/rosmarinchenskraeuterzauberey.de\/\"},{\"@type\":\"ListItem\",\"position\":2,\"name\":\"Shop\",\"item\":\"https:\/\/rosmarinchenskraeuterzauberey.de\/?page_id=7\"},{\"@type\":\"ListItem\",\"position\":3,\"name\":\"Eisenkraut\"}]}]}<\/script>\n<!-- \/ Yoast SEO plugin. -->","yoast_head_json":{"title":"Eisenkraut - Rosmarinchens Kraeuterzauberey","robots":{"index":"index","follow":"follow","max-snippet":"max-snippet:-1","max-image-preview":"max-image-preview:large","max-video-preview":"max-video-preview:-1"},"canonical":"https:\/\/rosmarinchenskraeuterzauberey.de\/?product=eisenkraut","og_locale":"de_DE","og_type":"article","og_title":"Eisenkraut - Rosmarinchens Kraeuterzauberey","og_description":"Beschreibung: Eisenkraut ( verbena officinalis ) Andere Namen: Sagenkraut, Wunschkraut, Druidenkraut, Stahlkraut, Traumkraut, Wundkraut, Diplomatenkraut. Den Kelten war sie eine Zauberpflanze, die zur Wahrsagung diente. Schon fr\u00fch sagte man ihm heilende.Eigenschaften nach. Auch glaubte man , er k\u00f6nne Eisen h\u00e4rten. Verwendung und Wirkung: Die Abwehr und der Schutz werden verst\u00e4rkt. Schwierige Situationen hilft sie zum&hellip;&nbsp;Weiterlesen &raquo;Eisenkraut","og_url":"https:\/\/rosmarinchenskraeuterzauberey.de\/?product=eisenkraut","og_site_name":"Rosmarinchens Kraeuterzauberey","article_modified_time":"2020-12-10T17:47:10+00:00","og_image":[{"width":2000,"height":1335,"url":"https:\/\/rosmarinchenskraeuterzauberey.de\/wp-content\/uploads\/2020\/11\/DSC8408.jpg","type":"image\/jpeg"}],"twitter_card":"summary_large_image","twitter_misc":{"Gesch\u00e4tzte Lesezeit":"1\u00a0Minute"},"schema":{"@context":"https:\/\/schema.org","@graph":[{"@type":"WebSite","@id":"https:\/\/rosmarinchenskraeuterzauberey.de\/#website","url":"https:\/\/rosmarinchenskraeuterzauberey.de\/","name":"Rosmarinchens Kraeuterzauberey","description":"R\u00e4uchermischungen &amp; R\u00e4ucherzubeh\u00f6r kaufen","potentialAction":[{"@type":"SearchAction","target":{"@type":"EntryPoint","urlTemplate":"https:\/\/rosmarinchenskraeuterzauberey.de\/?s={search_term_string}"},"query-input":"required name=search_term_string"}],"inLanguage":"de"},{"@type":"ImageObject","@id":"https:\/\/rosmarinchenskraeuterzauberey.de\/?product=eisenkraut#primaryimage","inLanguage":"de","url":"https:\/\/rosmarinchenskraeuterzauberey.de\/wp-content\/uploads\/2020\/11\/DSC8408.jpg","contentUrl":"https:\/\/rosmarinchenskraeuterzauberey.de\/wp-content\/uploads\/2020\/11\/DSC8408.jpg","width":2000,"height":1335},{"@type":"WebPage","@id":"https:\/\/rosmarinchenskraeuterzauberey.de\/?product=eisenkraut#webpage","url":"https:\/\/rosmarinchenskraeuterzauberey.de\/?product=eisenkraut","name":"Eisenkraut - Rosmarinchens Kraeuterzauberey","isPartOf":{"@id":"https:\/\/rosmarinchenskraeuterzauberey.de\/#website"},"primaryImageOfPage":{"@id":"https:\/\/rosmarinchenskraeuterzauberey.de\/?product=eisenkraut#primaryimage"},"datePublished":"2020-10-30T22:49:21+00:00","dateModified":"2020-12-10T17:47:10+00:00","breadcrumb":{"@id":"https:\/\/rosmarinchenskraeuterzauberey.de\/?product=eisenkraut#breadcrumb"},"inLanguage":"de","potentialAction":[{"@type":"ReadAction","target":["https:\/\/rosmarinchenskraeuterzauberey.de\/?product=eisenkraut"]}]},{"@type":"BreadcrumbList","@id":"https:\/\/rosmarinchenskraeuterzauberey.de\/?product=eisenkraut#breadcrumb","itemListElement":[{"@type":"ListItem","position":1,"name":"Home","item":"https:\/\/rosmarinchenskraeuterzauberey.de\/"},{"@type":"ListItem","position":2,"name":"Shop","item":"https:\/\/rosmarinchenskraeuterzauberey.de\/?page_id=7"},{"@type":"ListItem","position":3,"name":"Eisenkraut"}]}]}},"_links":{"self":[{"href":"https:\/\/rosmarinchenskraeuterzauberey.de\/index.php?rest_route=\/wp\/v2\/product\/215"}],"collection":[{"href":"https:\/\/rosmarinchenskraeuterzauberey.de\/index.php?rest_route=\/wp\/v2\/product"}],"about":[{"href":"https:\/\/rosmarinchenskraeuterzauberey.de\/index.php?rest_route=\/wp\/v2\/types\/product"}],"replies":[{"embeddable":true,"href":"https:\/\/rosmarinchenskraeuterzauberey.de\/index.php?rest_route=%2Fwp%2Fv2%2Fcomments&post=215"}],"wp:featuredmedia":[{"embeddable":true,"href":"https:\/\/rosmarinchenskraeuterzauberey.de\/index.php?rest_route=\/wp\/v2\/media\/238"}],"wp:attachment":[{"href":"https:\/\/rosmarinchenskraeuterzauberey.de\/index.php?rest_route=%2Fwp%2Fv2%2Fmedia&parent=215"}],"wp:term":[{"taxonomy":"product_cat","embeddable":true,"href":"https:\/\/rosmarinchenskraeuterzauberey.de\/index.php?rest_route=%2Fwp%2Fv2%2Fproduct_cat&post=215"},{"taxonomy":"product_tag","embeddable":true,"href":"https:\/\/rosmarinchenskraeuterzauberey.de\/index.php?rest_route=%2Fwp%2Fv2%2Fproduct_tag&post=215"}],"curies":[{"name":"wp","href":"https:\/\/api.w.org\/{rel}","templated":true}]}}