{"id":217,"date":"2020-12-10T19:21:32","date_gmt":"2020-12-10T19:21:32","guid":{"rendered":"https:\/\/rosmarinchenskraeuterzauberey.de\/?post_type=product&#038;p=217"},"modified":"2020-12-10T20:24:54","modified_gmt":"2020-12-10T20:24:54","slug":"johanniskraut","status":"publish","type":"product","link":"https:\/\/rosmarinchenskraeuterzauberey.de\/?product=johanniskraut","title":{"rendered":"Johanniskraut"},"content":{"rendered":"<p><strong>Beschreibung:<\/strong><br \/>\nJohanniskraut ( Hypericum perforatum )<br \/>\nAndere Namen: Sonnwendkraut, Hartheu, Teufelsflucht, Hergottskraut, Rot\u00f6l.<br \/>\nJohanniskraut ist ein Lichtbringer, der Melancholie beheben kann.<br \/>\nAls Spannungsabauer wurde erfr\u00fcher mit anderen Kr\u00e4utern als Wetterpflanze eingesetzt um die Spannung bei Unwettern um Hof und\u00a0 Gut nicht zu arg werden zu lassen.<\/p>\n<p><strong>Verwendung und Wirkung:<\/strong><br \/>\nAmulette und Ritualgegenst\u00e4nde reinigen, aufladen und segnen.<br \/>\nEin starkes Schutzkraut, das D\u00e4monen und negativen Energien bannt.<br \/>\nEs hilft die Seele zu heilen, bringt das leuchten zur\u00fcck.<br \/>\nNimmt die Traurigkeit und wirkt stimmungsaufhellend.<br \/>\nF\u00f6rdert die Intuition und hilft Kontakt zur Anderswelt herzustellen.<\/p>\n<p><strong>Duft:<\/strong><br \/>\nHeu\u00e4hnlich, weich, angenehm.<\/p>\n<p><strong>Anwendung:<\/strong><br \/>\nZu r\u00e4uchern auf Kohle oder St\u00f6vchen, einzeln oder als Mischung<\/p>\n<p><strong>Verpackung:<\/strong><br \/>\nDas R\u00e4ucherwerk wird im Aromaschutzbeutel versandt.<\/p>\n<p><strong>Wichtiger Hinweis:<\/strong><br \/>\nDie R\u00e4ucherstoffe sind\/ ersetzen keine Heil- und\u00a0Arzneimittel.<br \/>\nR\u00e4ucherwerk ist von Kindern und Tieren fernzuhalten.<\/p>\n","protected":false},"excerpt":{"rendered":"<p>Beschreibung: Johanniskraut ( Hypericum perforatum ) Andere Namen: Sonnwendkraut, Hartheu, Teufelsflucht, Hergottskraut, Rot\u00f6l. Johanniskraut ist ein Lichtbringer, der Melancholie beheben kann. Als Spannungsabauer wurde erfr\u00fcher mit anderen Kr\u00e4utern als Wetterpflanze eingesetzt um die Spannung bei Unwettern um Hof und\u00a0 Gut nicht zu arg werden zu lassen. Verwendung und Wirkung: Amulette und Ritualgegenst\u00e4nde reinigen, aufladen und&hellip;&nbsp;<a href=\"https:\/\/rosmarinchenskraeuterzauberey.de\/?product=johanniskraut\" class=\"\" rel=\"bookmark\">Weiterlesen &raquo;<span class=\"screen-reader-text\">Johanniskraut<\/span><\/a><\/p>\n","protected":false},"featured_media":0,"comment_status":"open","ping_status":"closed","template":"","meta":{"neve_meta_sidebar":"","neve_meta_container":"","neve_meta_enable_content_width":"off","neve_meta_content_width":0,"neve_meta_title_alignment":"","neve_meta_author_avatar":"","neve_post_elements_order":"","neve_meta_disable_header":"","neve_meta_disable_footer":"","neve_meta_disable_title":"","_themeisle_gutenberg_block_has_review":false,"_ti_tpc_template_sync":false,"_ti_tpc_template_id":""},"product_cat":[35],"product_tag":[],"yoast_head":"<!-- This site is optimized with the Yoast SEO plugin v18.5.1 - https:\/\/yoast.com\/wordpress\/plugins\/seo\/ -->\n<title>Johanniskraut - Rosmarinchens Kraeuterzauberey<\/title>\n<meta name=\"robots\" content=\"index, follow, max-snippet:-1, max-image-preview:large, max-video-preview:-1\" \/>\n<link rel=\"canonical\" href=\"https:\/\/rosmarinchenskraeuterzauberey.de\/?product=johanniskraut\" \/>\n<meta property=\"og:locale\" content=\"de_DE\" \/>\n<meta property=\"og:type\" content=\"article\" \/>\n<meta property=\"og:title\" content=\"Johanniskraut - Rosmarinchens Kraeuterzauberey\" \/>\n<meta property=\"og:description\" content=\"Beschreibung: Johanniskraut ( Hypericum perforatum ) Andere Namen: Sonnwendkraut, Hartheu, Teufelsflucht, Hergottskraut, Rot\u00f6l. Johanniskraut ist ein Lichtbringer, der Melancholie beheben kann. Als Spannungsabauer wurde erfr\u00fcher mit anderen Kr\u00e4utern als Wetterpflanze eingesetzt um die Spannung bei Unwettern um Hof und\u00a0 Gut nicht zu arg werden zu lassen. Verwendung und Wirkung: Amulette und Ritualgegenst\u00e4nde reinigen, aufladen und&hellip;&nbsp;Weiterlesen &raquo;Johanniskraut\" \/>\n<meta property=\"og:url\" content=\"https:\/\/rosmarinchenskraeuterzauberey.de\/?product=johanniskraut\" \/>\n<meta property=\"og:site_name\" content=\"Rosmarinchens Kraeuterzauberey\" \/>\n<meta property=\"article:modified_time\" content=\"2020-12-10T20:24:54+00:00\" \/>\n<meta name=\"twitter:card\" content=\"summary_large_image\" \/>\n<meta name=\"twitter:label1\" content=\"Gesch\u00e4tzte Lesezeit\" \/>\n\t<meta name=\"twitter:data1\" content=\"1\u00a0Minute\" \/>\n<script type=\"application\/ld+json\" class=\"yoast-schema-graph\">{\"@context\":\"https:\/\/schema.org\",\"@graph\":[{\"@type\":\"WebSite\",\"@id\":\"https:\/\/rosmarinchenskraeuterzauberey.de\/#website\",\"url\":\"https:\/\/rosmarinchenskraeuterzauberey.de\/\",\"name\":\"Rosmarinchens Kraeuterzauberey\",\"description\":\"R\u00e4uchermischungen &amp; R\u00e4ucherzubeh\u00f6r kaufen\",\"potentialAction\":[{\"@type\":\"SearchAction\",\"target\":{\"@type\":\"EntryPoint\",\"urlTemplate\":\"https:\/\/rosmarinchenskraeuterzauberey.de\/?s={search_term_string}\"},\"query-input\":\"required name=search_term_string\"}],\"inLanguage\":\"de\"},{\"@type\":\"WebPage\",\"@id\":\"https:\/\/rosmarinchenskraeuterzauberey.de\/?product=johanniskraut#webpage\",\"url\":\"https:\/\/rosmarinchenskraeuterzauberey.de\/?product=johanniskraut\",\"name\":\"Johanniskraut - Rosmarinchens Kraeuterzauberey\",\"isPartOf\":{\"@id\":\"https:\/\/rosmarinchenskraeuterzauberey.de\/#website\"},\"datePublished\":\"2020-12-10T19:21:32+00:00\",\"dateModified\":\"2020-12-10T20:24:54+00:00\",\"breadcrumb\":{\"@id\":\"https:\/\/rosmarinchenskraeuterzauberey.de\/?product=johanniskraut#breadcrumb\"},\"inLanguage\":\"de\",\"potentialAction\":[{\"@type\":\"ReadAction\",\"target\":[\"https:\/\/rosmarinchenskraeuterzauberey.de\/?product=johanniskraut\"]}]},{\"@type\":\"BreadcrumbList\",\"@id\":\"https:\/\/rosmarinchenskraeuterzauberey.de\/?product=johanniskraut#breadcrumb\",\"itemListElement\":[{\"@type\":\"ListItem\",\"position\":1,\"name\":\"Home\",\"item\":\"https:\/\/rosmarinchenskraeuterzauberey.de\/\"},{\"@type\":\"ListItem\",\"position\":2,\"name\":\"Shop\",\"item\":\"https:\/\/rosmarinchenskraeuterzauberey.de\/?page_id=7\"},{\"@type\":\"ListItem\",\"position\":3,\"name\":\"Johanniskraut\"}]}]}<\/script>\n<!-- \/ Yoast SEO plugin. -->","yoast_head_json":{"title":"Johanniskraut - Rosmarinchens Kraeuterzauberey","robots":{"index":"index","follow":"follow","max-snippet":"max-snippet:-1","max-image-preview":"max-image-preview:large","max-video-preview":"max-video-preview:-1"},"canonical":"https:\/\/rosmarinchenskraeuterzauberey.de\/?product=johanniskraut","og_locale":"de_DE","og_type":"article","og_title":"Johanniskraut - Rosmarinchens Kraeuterzauberey","og_description":"Beschreibung: Johanniskraut ( Hypericum perforatum ) Andere Namen: Sonnwendkraut, Hartheu, Teufelsflucht, Hergottskraut, Rot\u00f6l. Johanniskraut ist ein Lichtbringer, der Melancholie beheben kann. Als Spannungsabauer wurde erfr\u00fcher mit anderen Kr\u00e4utern als Wetterpflanze eingesetzt um die Spannung bei Unwettern um Hof und\u00a0 Gut nicht zu arg werden zu lassen. Verwendung und Wirkung: Amulette und Ritualgegenst\u00e4nde reinigen, aufladen und&hellip;&nbsp;Weiterlesen &raquo;Johanniskraut","og_url":"https:\/\/rosmarinchenskraeuterzauberey.de\/?product=johanniskraut","og_site_name":"Rosmarinchens Kraeuterzauberey","article_modified_time":"2020-12-10T20:24:54+00:00","twitter_card":"summary_large_image","twitter_misc":{"Gesch\u00e4tzte Lesezeit":"1\u00a0Minute"},"schema":{"@context":"https:\/\/schema.org","@graph":[{"@type":"WebSite","@id":"https:\/\/rosmarinchenskraeuterzauberey.de\/#website","url":"https:\/\/rosmarinchenskraeuterzauberey.de\/","name":"Rosmarinchens Kraeuterzauberey","description":"R\u00e4uchermischungen &amp; R\u00e4ucherzubeh\u00f6r kaufen","potentialAction":[{"@type":"SearchAction","target":{"@type":"EntryPoint","urlTemplate":"https:\/\/rosmarinchenskraeuterzauberey.de\/?s={search_term_string}"},"query-input":"required name=search_term_string"}],"inLanguage":"de"},{"@type":"WebPage","@id":"https:\/\/rosmarinchenskraeuterzauberey.de\/?product=johanniskraut#webpage","url":"https:\/\/rosmarinchenskraeuterzauberey.de\/?product=johanniskraut","name":"Johanniskraut - Rosmarinchens Kraeuterzauberey","isPartOf":{"@id":"https:\/\/rosmarinchenskraeuterzauberey.de\/#website"},"datePublished":"2020-12-10T19:21:32+00:00","dateModified":"2020-12-10T20:24:54+00:00","breadcrumb":{"@id":"https:\/\/rosmarinchenskraeuterzauberey.de\/?product=johanniskraut#breadcrumb"},"inLanguage":"de","potentialAction":[{"@type":"ReadAction","target":["https:\/\/rosmarinchenskraeuterzauberey.de\/?product=johanniskraut"]}]},{"@type":"BreadcrumbList","@id":"https:\/\/rosmarinchenskraeuterzauberey.de\/?product=johanniskraut#breadcrumb","itemListElement":[{"@type":"ListItem","position":1,"name":"Home","item":"https:\/\/rosmarinchenskraeuterzauberey.de\/"},{"@type":"ListItem","position":2,"name":"Shop","item":"https:\/\/rosmarinchenskraeuterzauberey.de\/?page_id=7"},{"@type":"ListItem","position":3,"name":"Johanniskraut"}]}]}},"_links":{"self":[{"href":"https:\/\/rosmarinchenskraeuterzauberey.de\/index.php?rest_route=\/wp\/v2\/product\/217"}],"collection":[{"href":"https:\/\/rosmarinchenskraeuterzauberey.de\/index.php?rest_route=\/wp\/v2\/product"}],"about":[{"href":"https:\/\/rosmarinchenskraeuterzauberey.de\/index.php?rest_route=\/wp\/v2\/types\/product"}],"replies":[{"embeddable":true,"href":"https:\/\/rosmarinchenskraeuterzauberey.de\/index.php?rest_route=%2Fwp%2Fv2%2Fcomments&post=217"}],"wp:attachment":[{"href":"https:\/\/rosmarinchenskraeuterzauberey.de\/index.php?rest_route=%2Fwp%2Fv2%2Fmedia&parent=217"}],"wp:term":[{"taxonomy":"product_cat","embeddable":true,"href":"https:\/\/rosmarinchenskraeuterzauberey.de\/index.php?rest_route=%2Fwp%2Fv2%2Fproduct_cat&post=217"},{"taxonomy":"product_tag","embeddable":true,"href":"https:\/\/rosmarinchenskraeuterzauberey.de\/index.php?rest_route=%2Fwp%2Fv2%2Fproduct_tag&post=217"}],"curies":[{"name":"wp","href":"https:\/\/api.w.org\/{rel}","templated":true}]}}