{"id":250,"date":"2020-12-05T14:03:52","date_gmt":"2020-12-05T14:03:52","guid":{"rendered":"https:\/\/rosmarinchenskraeuterzauberey.de\/?post_type=product&#038;p=250"},"modified":"2020-12-09T15:57:45","modified_gmt":"2020-12-09T15:57:45","slug":"imbolc","status":"publish","type":"product","link":"https:\/\/rosmarinchenskraeuterzauberey.de\/?product=imbolc","title":{"rendered":"Imbolc"},"content":{"rendered":"<p><strong>Beschreibung:<\/strong><\/p>\n<p>Imbolc oder auch Lichtmess genannt,\u00a0 ist eines der vier Mondfeste und findet am 2 Vollmond nach Jul statt.<br \/>\nHierzulande ist es auf den 1. Februar gelegt.<\/p>\n<p>Das Fest wurde der keltischen G\u00f6ttin Brigid gewidmet, die u.a. auch Schutzpatronin der \u00c4rzte und Hebammen ist.<br \/>\nWohl auch damit zusammenh\u00e4ngend ist, das die Schafe wieder lammen. Der Fr\u00fchling kehrt ein, das Licht hat gesiegt.<\/p>\n<p>Imbolc ist ein eher stilles Fest, Reinigung und Weihe stehen im Vordergrund.<\/p>\n<p>So wurde an diesen Tagen gereinigt, gel\u00fcftet, und geweiht, z.B. Kerzen.<br \/>\nDiese nahm man dann im laufenden Jahr f\u00fcr diverse Anl\u00e4sse, da sie durch das Weihen und r\u00e4uchern Schutz-magisch wirksam wurden.<\/p>\n<p>Auch heute ist es noch ein idealer Tag um sein zu Hause durch Rauch zu reinigen &#8211; durch ein Reinigungs-und R\u00e4ucherritual ergeben sich neue Impulse und ein frischer Wind zieht durch.<\/p>\n<p>An Imbolc wird orakelt.<\/p>\n<p><strong>Fragen und Affirmation:<\/strong><br \/>\nWas will ich bereinigen?<br \/>\nWelcher Samen, den ich an Jul geboren, ist gedeiht und will begr\u00fc\u00dft werden?<br \/>\nWelche(r) meiner Tr\u00e4ume\/ Ziele\/W\u00fcnsche ist dabei sich zu manifestieren?<br \/>\nWas brauche ich um es zu st\u00e4rken?<\/p>\n<p><strong>Inhaltsstoffe:<br \/>\n<\/strong>Eukalyptus, Beifu\u00df, Frauenmantel, Eisenkraut, Alant, Eiche, Patchouli<\/p>\n<p><strong>Anwendung:<br \/>\n<\/strong>Idealer Weise zu r\u00e4uchern auf Kohle<\/p>\n<p><strong>Verpackung:<br \/>\n<\/strong>Die R\u00e4uchermischung wird versiegelt im Glas versandt.<\/p>\n<p><strong>Wichtiger Hinweis:<br \/>\n<\/strong>Die R\u00e4ucherstoffe sind\/ ersetzen keine Heil-und\u00a0 Arzneimittel.<br \/>\nR\u00e4ucherwerk ist von Kindern und Tieren fernzuhalten.<\/p>\n<p>&nbsp;<\/p>\n","protected":false},"excerpt":{"rendered":"<p>Beschreibung: Imbolc oder auch Lichtmess genannt,\u00a0 ist eines der vier Mondfeste und findet am 2 Vollmond nach Jul statt. Hierzulande ist es auf den 1. Februar gelegt. Das Fest wurde der keltischen G\u00f6ttin Brigid gewidmet, die u.a. auch Schutzpatronin der \u00c4rzte und Hebammen ist. Wohl auch damit zusammenh\u00e4ngend ist, das die Schafe wieder lammen. Der&hellip;&nbsp;<a href=\"https:\/\/rosmarinchenskraeuterzauberey.de\/?product=imbolc\" class=\"\" rel=\"bookmark\">Weiterlesen &raquo;<span class=\"screen-reader-text\">Imbolc<\/span><\/a><\/p>\n","protected":false},"featured_media":459,"comment_status":"open","ping_status":"closed","template":"","meta":{"neve_meta_sidebar":"","neve_meta_container":"","neve_meta_enable_content_width":"off","neve_meta_content_width":0,"neve_meta_title_alignment":"","neve_meta_author_avatar":"","neve_post_elements_order":"","neve_meta_disable_header":"","neve_meta_disable_footer":"","neve_meta_disable_title":"","_themeisle_gutenberg_block_has_review":false,"_ti_tpc_template_sync":false,"_ti_tpc_template_id":""},"product_cat":[34],"product_tag":[],"yoast_head":"<!-- This site is optimized with the Yoast SEO plugin v18.5.1 - https:\/\/yoast.com\/wordpress\/plugins\/seo\/ -->\n<title>Imbolc - Rosmarinchens Kraeuterzauberey<\/title>\n<meta name=\"robots\" content=\"index, follow, max-snippet:-1, max-image-preview:large, max-video-preview:-1\" \/>\n<link rel=\"canonical\" href=\"https:\/\/rosmarinchenskraeuterzauberey.de\/?product=imbolc\" \/>\n<meta property=\"og:locale\" content=\"de_DE\" \/>\n<meta property=\"og:type\" content=\"article\" \/>\n<meta property=\"og:title\" content=\"Imbolc - Rosmarinchens Kraeuterzauberey\" \/>\n<meta property=\"og:description\" content=\"Beschreibung: Imbolc oder auch Lichtmess genannt,\u00a0 ist eines der vier Mondfeste und findet am 2 Vollmond nach Jul statt. Hierzulande ist es auf den 1. Februar gelegt. Das Fest wurde der keltischen G\u00f6ttin Brigid gewidmet, die u.a. auch Schutzpatronin der \u00c4rzte und Hebammen ist. Wohl auch damit zusammenh\u00e4ngend ist, das die Schafe wieder lammen. Der&hellip;&nbsp;Weiterlesen &raquo;Imbolc\" \/>\n<meta property=\"og:url\" content=\"https:\/\/rosmarinchenskraeuterzauberey.de\/?product=imbolc\" \/>\n<meta property=\"og:site_name\" content=\"Rosmarinchens Kraeuterzauberey\" \/>\n<meta property=\"article:modified_time\" content=\"2020-12-09T15:57:45+00:00\" \/>\n<meta property=\"og:image\" content=\"https:\/\/rosmarinchenskraeuterzauberey.de\/wp-content\/uploads\/2020\/12\/DSC8579_imbolc.jpg\" \/>\n\t<meta property=\"og:image:width\" content=\"2000\" \/>\n\t<meta property=\"og:image:height\" content=\"1335\" \/>\n\t<meta property=\"og:image:type\" content=\"image\/jpeg\" \/>\n<meta name=\"twitter:card\" content=\"summary_large_image\" \/>\n<meta name=\"twitter:label1\" content=\"Gesch\u00e4tzte Lesezeit\" \/>\n\t<meta name=\"twitter:data1\" content=\"1\u00a0Minute\" \/>\n<script type=\"application\/ld+json\" class=\"yoast-schema-graph\">{\"@context\":\"https:\/\/schema.org\",\"@graph\":[{\"@type\":\"WebSite\",\"@id\":\"https:\/\/rosmarinchenskraeuterzauberey.de\/#website\",\"url\":\"https:\/\/rosmarinchenskraeuterzauberey.de\/\",\"name\":\"Rosmarinchens Kraeuterzauberey\",\"description\":\"R\u00e4uchermischungen &amp; R\u00e4ucherzubeh\u00f6r kaufen\",\"potentialAction\":[{\"@type\":\"SearchAction\",\"target\":{\"@type\":\"EntryPoint\",\"urlTemplate\":\"https:\/\/rosmarinchenskraeuterzauberey.de\/?s={search_term_string}\"},\"query-input\":\"required name=search_term_string\"}],\"inLanguage\":\"de\"},{\"@type\":\"ImageObject\",\"@id\":\"https:\/\/rosmarinchenskraeuterzauberey.de\/?product=imbolc#primaryimage\",\"inLanguage\":\"de\",\"url\":\"https:\/\/rosmarinchenskraeuterzauberey.de\/wp-content\/uploads\/2020\/12\/DSC8579_imbolc.jpg\",\"contentUrl\":\"https:\/\/rosmarinchenskraeuterzauberey.de\/wp-content\/uploads\/2020\/12\/DSC8579_imbolc.jpg\",\"width\":2000,\"height\":1335},{\"@type\":\"WebPage\",\"@id\":\"https:\/\/rosmarinchenskraeuterzauberey.de\/?product=imbolc#webpage\",\"url\":\"https:\/\/rosmarinchenskraeuterzauberey.de\/?product=imbolc\",\"name\":\"Imbolc - Rosmarinchens Kraeuterzauberey\",\"isPartOf\":{\"@id\":\"https:\/\/rosmarinchenskraeuterzauberey.de\/#website\"},\"primaryImageOfPage\":{\"@id\":\"https:\/\/rosmarinchenskraeuterzauberey.de\/?product=imbolc#primaryimage\"},\"datePublished\":\"2020-12-05T14:03:52+00:00\",\"dateModified\":\"2020-12-09T15:57:45+00:00\",\"breadcrumb\":{\"@id\":\"https:\/\/rosmarinchenskraeuterzauberey.de\/?product=imbolc#breadcrumb\"},\"inLanguage\":\"de\",\"potentialAction\":[{\"@type\":\"ReadAction\",\"target\":[\"https:\/\/rosmarinchenskraeuterzauberey.de\/?product=imbolc\"]}]},{\"@type\":\"BreadcrumbList\",\"@id\":\"https:\/\/rosmarinchenskraeuterzauberey.de\/?product=imbolc#breadcrumb\",\"itemListElement\":[{\"@type\":\"ListItem\",\"position\":1,\"name\":\"Home\",\"item\":\"https:\/\/rosmarinchenskraeuterzauberey.de\/\"},{\"@type\":\"ListItem\",\"position\":2,\"name\":\"Shop\",\"item\":\"https:\/\/rosmarinchenskraeuterzauberey.de\/?page_id=7\"},{\"@type\":\"ListItem\",\"position\":3,\"name\":\"Imbolc\"}]}]}<\/script>\n<!-- \/ Yoast SEO plugin. -->","yoast_head_json":{"title":"Imbolc - Rosmarinchens Kraeuterzauberey","robots":{"index":"index","follow":"follow","max-snippet":"max-snippet:-1","max-image-preview":"max-image-preview:large","max-video-preview":"max-video-preview:-1"},"canonical":"https:\/\/rosmarinchenskraeuterzauberey.de\/?product=imbolc","og_locale":"de_DE","og_type":"article","og_title":"Imbolc - Rosmarinchens Kraeuterzauberey","og_description":"Beschreibung: Imbolc oder auch Lichtmess genannt,\u00a0 ist eines der vier Mondfeste und findet am 2 Vollmond nach Jul statt. Hierzulande ist es auf den 1. Februar gelegt. Das Fest wurde der keltischen G\u00f6ttin Brigid gewidmet, die u.a. auch Schutzpatronin der \u00c4rzte und Hebammen ist. Wohl auch damit zusammenh\u00e4ngend ist, das die Schafe wieder lammen. Der&hellip;&nbsp;Weiterlesen &raquo;Imbolc","og_url":"https:\/\/rosmarinchenskraeuterzauberey.de\/?product=imbolc","og_site_name":"Rosmarinchens Kraeuterzauberey","article_modified_time":"2020-12-09T15:57:45+00:00","og_image":[{"width":2000,"height":1335,"url":"https:\/\/rosmarinchenskraeuterzauberey.de\/wp-content\/uploads\/2020\/12\/DSC8579_imbolc.jpg","type":"image\/jpeg"}],"twitter_card":"summary_large_image","twitter_misc":{"Gesch\u00e4tzte Lesezeit":"1\u00a0Minute"},"schema":{"@context":"https:\/\/schema.org","@graph":[{"@type":"WebSite","@id":"https:\/\/rosmarinchenskraeuterzauberey.de\/#website","url":"https:\/\/rosmarinchenskraeuterzauberey.de\/","name":"Rosmarinchens Kraeuterzauberey","description":"R\u00e4uchermischungen &amp; R\u00e4ucherzubeh\u00f6r kaufen","potentialAction":[{"@type":"SearchAction","target":{"@type":"EntryPoint","urlTemplate":"https:\/\/rosmarinchenskraeuterzauberey.de\/?s={search_term_string}"},"query-input":"required name=search_term_string"}],"inLanguage":"de"},{"@type":"ImageObject","@id":"https:\/\/rosmarinchenskraeuterzauberey.de\/?product=imbolc#primaryimage","inLanguage":"de","url":"https:\/\/rosmarinchenskraeuterzauberey.de\/wp-content\/uploads\/2020\/12\/DSC8579_imbolc.jpg","contentUrl":"https:\/\/rosmarinchenskraeuterzauberey.de\/wp-content\/uploads\/2020\/12\/DSC8579_imbolc.jpg","width":2000,"height":1335},{"@type":"WebPage","@id":"https:\/\/rosmarinchenskraeuterzauberey.de\/?product=imbolc#webpage","url":"https:\/\/rosmarinchenskraeuterzauberey.de\/?product=imbolc","name":"Imbolc - Rosmarinchens Kraeuterzauberey","isPartOf":{"@id":"https:\/\/rosmarinchenskraeuterzauberey.de\/#website"},"primaryImageOfPage":{"@id":"https:\/\/rosmarinchenskraeuterzauberey.de\/?product=imbolc#primaryimage"},"datePublished":"2020-12-05T14:03:52+00:00","dateModified":"2020-12-09T15:57:45+00:00","breadcrumb":{"@id":"https:\/\/rosmarinchenskraeuterzauberey.de\/?product=imbolc#breadcrumb"},"inLanguage":"de","potentialAction":[{"@type":"ReadAction","target":["https:\/\/rosmarinchenskraeuterzauberey.de\/?product=imbolc"]}]},{"@type":"BreadcrumbList","@id":"https:\/\/rosmarinchenskraeuterzauberey.de\/?product=imbolc#breadcrumb","itemListElement":[{"@type":"ListItem","position":1,"name":"Home","item":"https:\/\/rosmarinchenskraeuterzauberey.de\/"},{"@type":"ListItem","position":2,"name":"Shop","item":"https:\/\/rosmarinchenskraeuterzauberey.de\/?page_id=7"},{"@type":"ListItem","position":3,"name":"Imbolc"}]}]}},"_links":{"self":[{"href":"https:\/\/rosmarinchenskraeuterzauberey.de\/index.php?rest_route=\/wp\/v2\/product\/250"}],"collection":[{"href":"https:\/\/rosmarinchenskraeuterzauberey.de\/index.php?rest_route=\/wp\/v2\/product"}],"about":[{"href":"https:\/\/rosmarinchenskraeuterzauberey.de\/index.php?rest_route=\/wp\/v2\/types\/product"}],"replies":[{"embeddable":true,"href":"https:\/\/rosmarinchenskraeuterzauberey.de\/index.php?rest_route=%2Fwp%2Fv2%2Fcomments&post=250"}],"wp:featuredmedia":[{"embeddable":true,"href":"https:\/\/rosmarinchenskraeuterzauberey.de\/index.php?rest_route=\/wp\/v2\/media\/459"}],"wp:attachment":[{"href":"https:\/\/rosmarinchenskraeuterzauberey.de\/index.php?rest_route=%2Fwp%2Fv2%2Fmedia&parent=250"}],"wp:term":[{"taxonomy":"product_cat","embeddable":true,"href":"https:\/\/rosmarinchenskraeuterzauberey.de\/index.php?rest_route=%2Fwp%2Fv2%2Fproduct_cat&post=250"},{"taxonomy":"product_tag","embeddable":true,"href":"https:\/\/rosmarinchenskraeuterzauberey.de\/index.php?rest_route=%2Fwp%2Fv2%2Fproduct_tag&post=250"}],"curies":[{"name":"wp","href":"https:\/\/api.w.org\/{rel}","templated":true}]}}