{"id":251,"date":"2020-12-05T13:44:59","date_gmt":"2020-12-05T13:44:59","guid":{"rendered":"https:\/\/rosmarinchenskraeuterzauberey.de\/?post_type=product&#038;p=251"},"modified":"2020-12-09T12:03:53","modified_gmt":"2020-12-09T12:03:53","slug":"ostara","status":"publish","type":"product","link":"https:\/\/rosmarinchenskraeuterzauberey.de\/?product=ostara","title":{"rendered":"Ostara"},"content":{"rendered":"<p>&nbsp;<\/p>\n<p><strong>Beschreibung:<\/strong><br \/>\nOstara ist das vierte Fest des Jahreskreises.<br \/>\nEin Sonnenfest am 21. M\u00e4rz<br \/>\nAnders als die Mondfeste, die nach den Vollmonden nach Jul errechnet sind, hat Ostara ein fixes Datum.<br \/>\nHierzulande nennt es sich Fr\u00fchlings- Tag-und-Nacht-Gleiche vom 20. &#8211; 23.\u00a0 M\u00e4rz.<\/p>\n<p>Die Fr\u00fchlingsg\u00f6ttin Ostara ist Namensgeberin f\u00fcr dieses Fest .<br \/>\nDer Osten, die aufgehende Sonne und die dadurch nun aufkeimende Saat die zum Julfest geboren wurde, wird nun von Ostara begr\u00fc\u00dft.<br \/>\nIm christlichen Glauben zeigt es sich durch die Auferstehung Jesus.<\/p>\n<p>Eier, die zu Ostern Brauch sind, symbolisieren die Ganzheit, den Neubeginn und das werdende Leben.<br \/>\nOstara symbolisiert auch die Kreativit\u00e4t und die Leichtigkeit &#8211; die Schwere und die Last werden abgeworfen, die Tage werden l\u00e4nger, das Licht ist zur\u00fcck.<br \/>\nAus diesem Grund wurden Palmbuschen gebunden und mit Rauch geweiht, und im Raum ( damals der Herrgottswinkel) aufgeh\u00e4ngt, um so den Frieden, Schutz und Fruchtbarkeit zu geben.<\/p>\n<p><strong>Fragen und Affirmation:<\/strong><br \/>\nWie kann der junge Trieb in mir wachsen und gedeihen?<br \/>\nWas braucht es um kr\u00e4ftig zu werden?<\/p>\n<p><strong>Inhaltstoffe:<br \/>\n<\/strong>Veilchenwurzel, Pfefferminze, Weidenrinde, Thymian, Lavendel, Alant, Engelwurz<\/p>\n<p><strong>Anwendung:<br \/>\n<\/strong>Idealer Weise zu r\u00e4uchern auf Kohle<\/p>\n<p><strong>Verpackung:<br \/>\n<\/strong>Die R\u00e4uchermischung wird versiegelt im Glas versandt.<\/p>\n<p><strong>Wichtiger Hinweis:<br \/>\n<\/strong>Die R\u00e4ucherstoffe sind\/ ersetzen keine Heil- und Arzneimittel.<br \/>\nR\u00e4ucherwerk ist von Kindern und Tieren\u00a0 fernzuhalten.<\/p>\n<p>&nbsp;<\/p>\n<p>&nbsp;<\/p>\n","protected":false},"excerpt":{"rendered":"<p>&nbsp; Beschreibung: Ostara ist das vierte Fest des Jahreskreises. Ein Sonnenfest am 21. M\u00e4rz Anders als die Mondfeste, die nach den Vollmonden nach Jul errechnet sind, hat Ostara ein fixes Datum. Hierzulande nennt es sich Fr\u00fchlings- Tag-und-Nacht-Gleiche vom 20. &#8211; 23.\u00a0 M\u00e4rz. Die Fr\u00fchlingsg\u00f6ttin Ostara ist Namensgeberin f\u00fcr dieses Fest . Der Osten, die aufgehende&hellip;&nbsp;<a href=\"https:\/\/rosmarinchenskraeuterzauberey.de\/?product=ostara\" class=\"\" rel=\"bookmark\">Weiterlesen &raquo;<span class=\"screen-reader-text\">Ostara<\/span><\/a><\/p>\n","protected":false},"featured_media":262,"comment_status":"open","ping_status":"closed","template":"","meta":{"neve_meta_sidebar":"","neve_meta_container":"","neve_meta_enable_content_width":"off","neve_meta_content_width":0,"neve_meta_title_alignment":"","neve_meta_author_avatar":"","neve_post_elements_order":"","neve_meta_disable_header":"","neve_meta_disable_footer":"","neve_meta_disable_title":"","_themeisle_gutenberg_block_has_review":false,"_ti_tpc_template_sync":false,"_ti_tpc_template_id":""},"product_cat":[34],"product_tag":[],"yoast_head":"<!-- This site is optimized with the Yoast SEO plugin v18.5.1 - https:\/\/yoast.com\/wordpress\/plugins\/seo\/ -->\n<title>Ostara - Rosmarinchens Kraeuterzauberey<\/title>\n<meta name=\"robots\" content=\"index, follow, max-snippet:-1, max-image-preview:large, max-video-preview:-1\" \/>\n<link rel=\"canonical\" href=\"https:\/\/rosmarinchenskraeuterzauberey.de\/?product=ostara\" \/>\n<meta property=\"og:locale\" content=\"de_DE\" \/>\n<meta property=\"og:type\" content=\"article\" \/>\n<meta property=\"og:title\" content=\"Ostara - Rosmarinchens Kraeuterzauberey\" \/>\n<meta property=\"og:description\" content=\"&nbsp; Beschreibung: Ostara ist das vierte Fest des Jahreskreises. Ein Sonnenfest am 21. M\u00e4rz Anders als die Mondfeste, die nach den Vollmonden nach Jul errechnet sind, hat Ostara ein fixes Datum. Hierzulande nennt es sich Fr\u00fchlings- Tag-und-Nacht-Gleiche vom 20. &#8211; 23.\u00a0 M\u00e4rz. Die Fr\u00fchlingsg\u00f6ttin Ostara ist Namensgeberin f\u00fcr dieses Fest . Der Osten, die aufgehende&hellip;&nbsp;Weiterlesen &raquo;Ostara\" \/>\n<meta property=\"og:url\" content=\"https:\/\/rosmarinchenskraeuterzauberey.de\/?product=ostara\" \/>\n<meta property=\"og:site_name\" content=\"Rosmarinchens Kraeuterzauberey\" \/>\n<meta property=\"article:modified_time\" content=\"2020-12-09T12:03:53+00:00\" \/>\n<meta property=\"og:image\" content=\"https:\/\/rosmarinchenskraeuterzauberey.de\/wp-content\/uploads\/2020\/11\/Ostera.jpg\" \/>\n\t<meta property=\"og:image:width\" content=\"2000\" \/>\n\t<meta property=\"og:image:height\" content=\"1335\" \/>\n\t<meta property=\"og:image:type\" content=\"image\/jpeg\" \/>\n<meta name=\"twitter:card\" content=\"summary_large_image\" \/>\n<meta name=\"twitter:label1\" content=\"Gesch\u00e4tzte Lesezeit\" \/>\n\t<meta name=\"twitter:data1\" content=\"1\u00a0Minute\" \/>\n<script type=\"application\/ld+json\" class=\"yoast-schema-graph\">{\"@context\":\"https:\/\/schema.org\",\"@graph\":[{\"@type\":\"WebSite\",\"@id\":\"https:\/\/rosmarinchenskraeuterzauberey.de\/#website\",\"url\":\"https:\/\/rosmarinchenskraeuterzauberey.de\/\",\"name\":\"Rosmarinchens Kraeuterzauberey\",\"description\":\"R\u00e4uchermischungen &amp; R\u00e4ucherzubeh\u00f6r kaufen\",\"potentialAction\":[{\"@type\":\"SearchAction\",\"target\":{\"@type\":\"EntryPoint\",\"urlTemplate\":\"https:\/\/rosmarinchenskraeuterzauberey.de\/?s={search_term_string}\"},\"query-input\":\"required name=search_term_string\"}],\"inLanguage\":\"de\"},{\"@type\":\"ImageObject\",\"@id\":\"https:\/\/rosmarinchenskraeuterzauberey.de\/?product=ostara#primaryimage\",\"inLanguage\":\"de\",\"url\":\"https:\/\/rosmarinchenskraeuterzauberey.de\/wp-content\/uploads\/2020\/11\/Ostera.jpg\",\"contentUrl\":\"https:\/\/rosmarinchenskraeuterzauberey.de\/wp-content\/uploads\/2020\/11\/Ostera.jpg\",\"width\":2000,\"height\":1335},{\"@type\":\"WebPage\",\"@id\":\"https:\/\/rosmarinchenskraeuterzauberey.de\/?product=ostara#webpage\",\"url\":\"https:\/\/rosmarinchenskraeuterzauberey.de\/?product=ostara\",\"name\":\"Ostara - Rosmarinchens Kraeuterzauberey\",\"isPartOf\":{\"@id\":\"https:\/\/rosmarinchenskraeuterzauberey.de\/#website\"},\"primaryImageOfPage\":{\"@id\":\"https:\/\/rosmarinchenskraeuterzauberey.de\/?product=ostara#primaryimage\"},\"datePublished\":\"2020-12-05T13:44:59+00:00\",\"dateModified\":\"2020-12-09T12:03:53+00:00\",\"breadcrumb\":{\"@id\":\"https:\/\/rosmarinchenskraeuterzauberey.de\/?product=ostara#breadcrumb\"},\"inLanguage\":\"de\",\"potentialAction\":[{\"@type\":\"ReadAction\",\"target\":[\"https:\/\/rosmarinchenskraeuterzauberey.de\/?product=ostara\"]}]},{\"@type\":\"BreadcrumbList\",\"@id\":\"https:\/\/rosmarinchenskraeuterzauberey.de\/?product=ostara#breadcrumb\",\"itemListElement\":[{\"@type\":\"ListItem\",\"position\":1,\"name\":\"Home\",\"item\":\"https:\/\/rosmarinchenskraeuterzauberey.de\/\"},{\"@type\":\"ListItem\",\"position\":2,\"name\":\"Shop\",\"item\":\"https:\/\/rosmarinchenskraeuterzauberey.de\/?page_id=7\"},{\"@type\":\"ListItem\",\"position\":3,\"name\":\"Ostara\"}]}]}<\/script>\n<!-- \/ Yoast SEO plugin. -->","yoast_head_json":{"title":"Ostara - Rosmarinchens Kraeuterzauberey","robots":{"index":"index","follow":"follow","max-snippet":"max-snippet:-1","max-image-preview":"max-image-preview:large","max-video-preview":"max-video-preview:-1"},"canonical":"https:\/\/rosmarinchenskraeuterzauberey.de\/?product=ostara","og_locale":"de_DE","og_type":"article","og_title":"Ostara - Rosmarinchens Kraeuterzauberey","og_description":"&nbsp; Beschreibung: Ostara ist das vierte Fest des Jahreskreises. Ein Sonnenfest am 21. M\u00e4rz Anders als die Mondfeste, die nach den Vollmonden nach Jul errechnet sind, hat Ostara ein fixes Datum. Hierzulande nennt es sich Fr\u00fchlings- Tag-und-Nacht-Gleiche vom 20. &#8211; 23.\u00a0 M\u00e4rz. Die Fr\u00fchlingsg\u00f6ttin Ostara ist Namensgeberin f\u00fcr dieses Fest . Der Osten, die aufgehende&hellip;&nbsp;Weiterlesen &raquo;Ostara","og_url":"https:\/\/rosmarinchenskraeuterzauberey.de\/?product=ostara","og_site_name":"Rosmarinchens Kraeuterzauberey","article_modified_time":"2020-12-09T12:03:53+00:00","og_image":[{"width":2000,"height":1335,"url":"https:\/\/rosmarinchenskraeuterzauberey.de\/wp-content\/uploads\/2020\/11\/Ostera.jpg","type":"image\/jpeg"}],"twitter_card":"summary_large_image","twitter_misc":{"Gesch\u00e4tzte Lesezeit":"1\u00a0Minute"},"schema":{"@context":"https:\/\/schema.org","@graph":[{"@type":"WebSite","@id":"https:\/\/rosmarinchenskraeuterzauberey.de\/#website","url":"https:\/\/rosmarinchenskraeuterzauberey.de\/","name":"Rosmarinchens Kraeuterzauberey","description":"R\u00e4uchermischungen &amp; R\u00e4ucherzubeh\u00f6r kaufen","potentialAction":[{"@type":"SearchAction","target":{"@type":"EntryPoint","urlTemplate":"https:\/\/rosmarinchenskraeuterzauberey.de\/?s={search_term_string}"},"query-input":"required name=search_term_string"}],"inLanguage":"de"},{"@type":"ImageObject","@id":"https:\/\/rosmarinchenskraeuterzauberey.de\/?product=ostara#primaryimage","inLanguage":"de","url":"https:\/\/rosmarinchenskraeuterzauberey.de\/wp-content\/uploads\/2020\/11\/Ostera.jpg","contentUrl":"https:\/\/rosmarinchenskraeuterzauberey.de\/wp-content\/uploads\/2020\/11\/Ostera.jpg","width":2000,"height":1335},{"@type":"WebPage","@id":"https:\/\/rosmarinchenskraeuterzauberey.de\/?product=ostara#webpage","url":"https:\/\/rosmarinchenskraeuterzauberey.de\/?product=ostara","name":"Ostara - Rosmarinchens Kraeuterzauberey","isPartOf":{"@id":"https:\/\/rosmarinchenskraeuterzauberey.de\/#website"},"primaryImageOfPage":{"@id":"https:\/\/rosmarinchenskraeuterzauberey.de\/?product=ostara#primaryimage"},"datePublished":"2020-12-05T13:44:59+00:00","dateModified":"2020-12-09T12:03:53+00:00","breadcrumb":{"@id":"https:\/\/rosmarinchenskraeuterzauberey.de\/?product=ostara#breadcrumb"},"inLanguage":"de","potentialAction":[{"@type":"ReadAction","target":["https:\/\/rosmarinchenskraeuterzauberey.de\/?product=ostara"]}]},{"@type":"BreadcrumbList","@id":"https:\/\/rosmarinchenskraeuterzauberey.de\/?product=ostara#breadcrumb","itemListElement":[{"@type":"ListItem","position":1,"name":"Home","item":"https:\/\/rosmarinchenskraeuterzauberey.de\/"},{"@type":"ListItem","position":2,"name":"Shop","item":"https:\/\/rosmarinchenskraeuterzauberey.de\/?page_id=7"},{"@type":"ListItem","position":3,"name":"Ostara"}]}]}},"_links":{"self":[{"href":"https:\/\/rosmarinchenskraeuterzauberey.de\/index.php?rest_route=\/wp\/v2\/product\/251"}],"collection":[{"href":"https:\/\/rosmarinchenskraeuterzauberey.de\/index.php?rest_route=\/wp\/v2\/product"}],"about":[{"href":"https:\/\/rosmarinchenskraeuterzauberey.de\/index.php?rest_route=\/wp\/v2\/types\/product"}],"replies":[{"embeddable":true,"href":"https:\/\/rosmarinchenskraeuterzauberey.de\/index.php?rest_route=%2Fwp%2Fv2%2Fcomments&post=251"}],"wp:featuredmedia":[{"embeddable":true,"href":"https:\/\/rosmarinchenskraeuterzauberey.de\/index.php?rest_route=\/wp\/v2\/media\/262"}],"wp:attachment":[{"href":"https:\/\/rosmarinchenskraeuterzauberey.de\/index.php?rest_route=%2Fwp%2Fv2%2Fmedia&parent=251"}],"wp:term":[{"taxonomy":"product_cat","embeddable":true,"href":"https:\/\/rosmarinchenskraeuterzauberey.de\/index.php?rest_route=%2Fwp%2Fv2%2Fproduct_cat&post=251"},{"taxonomy":"product_tag","embeddable":true,"href":"https:\/\/rosmarinchenskraeuterzauberey.de\/index.php?rest_route=%2Fwp%2Fv2%2Fproduct_tag&post=251"}],"curies":[{"name":"wp","href":"https:\/\/api.w.org\/{rel}","templated":true}]}}