{"id":281,"date":"2020-12-05T14:15:16","date_gmt":"2020-12-05T14:15:16","guid":{"rendered":"https:\/\/rosmarinchenskraeuterzauberey.de\/?post_type=product&#038;p=281"},"modified":"2020-12-09T12:24:35","modified_gmt":"2020-12-09T12:24:35","slug":"geldfluss","status":"publish","type":"product","link":"https:\/\/rosmarinchenskraeuterzauberey.de\/?product=geldfluss","title":{"rendered":"Geldfluss"},"content":{"rendered":"<p><strong>Beschreibung:<br \/>\n<\/strong>Unterst\u00fctzt Geldangelegenheiten.<br \/>\nHilft den Fokus aus das Vermehren zu lenken.<br \/>\nFinanzielle Angelegenheiten zu sch\u00fctzen.<br \/>\nLenkt den Fokus auf F\u00fclle und Reichtum,damit es sich in deinem Leben manifestieren kann.<br \/>\nRuft Geldenergien zu Dir.<\/p>\n<p><strong>Inhaltsstoffe:<br \/>\n<\/strong>Melisse, Zimt, Zedernholz, Sandelholz, Weihrauch<\/p>\n<p><strong>Anwendung:<br \/>\n<\/strong>Idealer Weise zu r\u00e4uchern auf St\u00f6vchen mit Sieb.<\/p>\n<p><strong>Verpackung:<br \/>\n<\/strong>Die R\u00e4uchermischung wird versiegelt im Glas versandt.<\/p>\n<p><strong>Wichtiger Hinweis:<br \/>\n<\/strong>Die R\u00e4ucherstoffe sind\/ ersetzen keine Heil-und\u00a0 Arzneimittel.<br \/>\nR\u00e4ucherwerk ist von Kindern und Tieren fernzuhalten.<\/p>\n","protected":false},"excerpt":{"rendered":"<p>Beschreibung: Unterst\u00fctzt Geldangelegenheiten. Hilft den Fokus aus das Vermehren zu lenken. Finanzielle Angelegenheiten zu sch\u00fctzen. Lenkt den Fokus auf F\u00fclle und Reichtum,damit es sich in deinem Leben manifestieren kann. Ruft Geldenergien zu Dir. Inhaltsstoffe: Melisse, Zimt, Zedernholz, Sandelholz, Weihrauch Anwendung: Idealer Weise zu r\u00e4uchern auf St\u00f6vchen mit Sieb. Verpackung: Die R\u00e4uchermischung wird versiegelt im Glas&hellip;&nbsp;<a href=\"https:\/\/rosmarinchenskraeuterzauberey.de\/?product=geldfluss\" class=\"\" rel=\"bookmark\">Weiterlesen &raquo;<span class=\"screen-reader-text\">Geldfluss<\/span><\/a><\/p>\n","protected":false},"featured_media":268,"comment_status":"open","ping_status":"closed","template":"","meta":{"neve_meta_sidebar":"","neve_meta_container":"","neve_meta_enable_content_width":"off","neve_meta_content_width":0,"neve_meta_title_alignment":"","neve_meta_author_avatar":"","neve_post_elements_order":"","neve_meta_disable_header":"","neve_meta_disable_footer":"","neve_meta_disable_title":"","_themeisle_gutenberg_block_has_review":false,"_ti_tpc_template_sync":false,"_ti_tpc_template_id":""},"product_cat":[32],"product_tag":[],"yoast_head":"<!-- This site is optimized with the Yoast SEO plugin v18.5.1 - https:\/\/yoast.com\/wordpress\/plugins\/seo\/ -->\n<title>Geldfluss - Rosmarinchens Kraeuterzauberey<\/title>\n<meta name=\"robots\" content=\"index, follow, max-snippet:-1, max-image-preview:large, max-video-preview:-1\" \/>\n<link rel=\"canonical\" href=\"https:\/\/rosmarinchenskraeuterzauberey.de\/?product=geldfluss\" \/>\n<meta property=\"og:locale\" content=\"de_DE\" \/>\n<meta property=\"og:type\" content=\"article\" \/>\n<meta property=\"og:title\" content=\"Geldfluss - Rosmarinchens Kraeuterzauberey\" \/>\n<meta property=\"og:description\" content=\"Beschreibung: Unterst\u00fctzt Geldangelegenheiten. Hilft den Fokus aus das Vermehren zu lenken. Finanzielle Angelegenheiten zu sch\u00fctzen. Lenkt den Fokus auf F\u00fclle und Reichtum,damit es sich in deinem Leben manifestieren kann. Ruft Geldenergien zu Dir. Inhaltsstoffe: Melisse, Zimt, Zedernholz, Sandelholz, Weihrauch Anwendung: Idealer Weise zu r\u00e4uchern auf St\u00f6vchen mit Sieb. Verpackung: Die R\u00e4uchermischung wird versiegelt im Glas&hellip;&nbsp;Weiterlesen &raquo;Geldfluss\" \/>\n<meta property=\"og:url\" content=\"https:\/\/rosmarinchenskraeuterzauberey.de\/?product=geldfluss\" \/>\n<meta property=\"og:site_name\" content=\"Rosmarinchens Kraeuterzauberey\" \/>\n<meta property=\"article:modified_time\" content=\"2020-12-09T12:24:35+00:00\" \/>\n<meta property=\"og:image\" content=\"https:\/\/rosmarinchenskraeuterzauberey.de\/wp-content\/uploads\/2020\/11\/DSC8582_geldflss.jpg\" \/>\n\t<meta property=\"og:image:width\" content=\"2000\" \/>\n\t<meta property=\"og:image:height\" content=\"1335\" \/>\n\t<meta property=\"og:image:type\" content=\"image\/jpeg\" \/>\n<meta name=\"twitter:card\" content=\"summary_large_image\" \/>\n<script type=\"application\/ld+json\" class=\"yoast-schema-graph\">{\"@context\":\"https:\/\/schema.org\",\"@graph\":[{\"@type\":\"WebSite\",\"@id\":\"https:\/\/rosmarinchenskraeuterzauberey.de\/#website\",\"url\":\"https:\/\/rosmarinchenskraeuterzauberey.de\/\",\"name\":\"Rosmarinchens Kraeuterzauberey\",\"description\":\"R\u00e4uchermischungen &amp; R\u00e4ucherzubeh\u00f6r kaufen\",\"potentialAction\":[{\"@type\":\"SearchAction\",\"target\":{\"@type\":\"EntryPoint\",\"urlTemplate\":\"https:\/\/rosmarinchenskraeuterzauberey.de\/?s={search_term_string}\"},\"query-input\":\"required name=search_term_string\"}],\"inLanguage\":\"de\"},{\"@type\":\"ImageObject\",\"@id\":\"https:\/\/rosmarinchenskraeuterzauberey.de\/?product=geldfluss#primaryimage\",\"inLanguage\":\"de\",\"url\":\"https:\/\/rosmarinchenskraeuterzauberey.de\/wp-content\/uploads\/2020\/11\/DSC8582_geldflss.jpg\",\"contentUrl\":\"https:\/\/rosmarinchenskraeuterzauberey.de\/wp-content\/uploads\/2020\/11\/DSC8582_geldflss.jpg\",\"width\":2000,\"height\":1335},{\"@type\":\"WebPage\",\"@id\":\"https:\/\/rosmarinchenskraeuterzauberey.de\/?product=geldfluss#webpage\",\"url\":\"https:\/\/rosmarinchenskraeuterzauberey.de\/?product=geldfluss\",\"name\":\"Geldfluss - Rosmarinchens Kraeuterzauberey\",\"isPartOf\":{\"@id\":\"https:\/\/rosmarinchenskraeuterzauberey.de\/#website\"},\"primaryImageOfPage\":{\"@id\":\"https:\/\/rosmarinchenskraeuterzauberey.de\/?product=geldfluss#primaryimage\"},\"datePublished\":\"2020-12-05T14:15:16+00:00\",\"dateModified\":\"2020-12-09T12:24:35+00:00\",\"breadcrumb\":{\"@id\":\"https:\/\/rosmarinchenskraeuterzauberey.de\/?product=geldfluss#breadcrumb\"},\"inLanguage\":\"de\",\"potentialAction\":[{\"@type\":\"ReadAction\",\"target\":[\"https:\/\/rosmarinchenskraeuterzauberey.de\/?product=geldfluss\"]}]},{\"@type\":\"BreadcrumbList\",\"@id\":\"https:\/\/rosmarinchenskraeuterzauberey.de\/?product=geldfluss#breadcrumb\",\"itemListElement\":[{\"@type\":\"ListItem\",\"position\":1,\"name\":\"Home\",\"item\":\"https:\/\/rosmarinchenskraeuterzauberey.de\/\"},{\"@type\":\"ListItem\",\"position\":2,\"name\":\"Shop\",\"item\":\"https:\/\/rosmarinchenskraeuterzauberey.de\/?page_id=7\"},{\"@type\":\"ListItem\",\"position\":3,\"name\":\"Geldfluss\"}]}]}<\/script>\n<!-- \/ Yoast SEO plugin. -->","yoast_head_json":{"title":"Geldfluss - Rosmarinchens Kraeuterzauberey","robots":{"index":"index","follow":"follow","max-snippet":"max-snippet:-1","max-image-preview":"max-image-preview:large","max-video-preview":"max-video-preview:-1"},"canonical":"https:\/\/rosmarinchenskraeuterzauberey.de\/?product=geldfluss","og_locale":"de_DE","og_type":"article","og_title":"Geldfluss - Rosmarinchens Kraeuterzauberey","og_description":"Beschreibung: Unterst\u00fctzt Geldangelegenheiten. Hilft den Fokus aus das Vermehren zu lenken. Finanzielle Angelegenheiten zu sch\u00fctzen. Lenkt den Fokus auf F\u00fclle und Reichtum,damit es sich in deinem Leben manifestieren kann. Ruft Geldenergien zu Dir. Inhaltsstoffe: Melisse, Zimt, Zedernholz, Sandelholz, Weihrauch Anwendung: Idealer Weise zu r\u00e4uchern auf St\u00f6vchen mit Sieb. Verpackung: Die R\u00e4uchermischung wird versiegelt im Glas&hellip;&nbsp;Weiterlesen &raquo;Geldfluss","og_url":"https:\/\/rosmarinchenskraeuterzauberey.de\/?product=geldfluss","og_site_name":"Rosmarinchens Kraeuterzauberey","article_modified_time":"2020-12-09T12:24:35+00:00","og_image":[{"width":2000,"height":1335,"url":"https:\/\/rosmarinchenskraeuterzauberey.de\/wp-content\/uploads\/2020\/11\/DSC8582_geldflss.jpg","type":"image\/jpeg"}],"twitter_card":"summary_large_image","schema":{"@context":"https:\/\/schema.org","@graph":[{"@type":"WebSite","@id":"https:\/\/rosmarinchenskraeuterzauberey.de\/#website","url":"https:\/\/rosmarinchenskraeuterzauberey.de\/","name":"Rosmarinchens Kraeuterzauberey","description":"R\u00e4uchermischungen &amp; R\u00e4ucherzubeh\u00f6r kaufen","potentialAction":[{"@type":"SearchAction","target":{"@type":"EntryPoint","urlTemplate":"https:\/\/rosmarinchenskraeuterzauberey.de\/?s={search_term_string}"},"query-input":"required name=search_term_string"}],"inLanguage":"de"},{"@type":"ImageObject","@id":"https:\/\/rosmarinchenskraeuterzauberey.de\/?product=geldfluss#primaryimage","inLanguage":"de","url":"https:\/\/rosmarinchenskraeuterzauberey.de\/wp-content\/uploads\/2020\/11\/DSC8582_geldflss.jpg","contentUrl":"https:\/\/rosmarinchenskraeuterzauberey.de\/wp-content\/uploads\/2020\/11\/DSC8582_geldflss.jpg","width":2000,"height":1335},{"@type":"WebPage","@id":"https:\/\/rosmarinchenskraeuterzauberey.de\/?product=geldfluss#webpage","url":"https:\/\/rosmarinchenskraeuterzauberey.de\/?product=geldfluss","name":"Geldfluss - Rosmarinchens Kraeuterzauberey","isPartOf":{"@id":"https:\/\/rosmarinchenskraeuterzauberey.de\/#website"},"primaryImageOfPage":{"@id":"https:\/\/rosmarinchenskraeuterzauberey.de\/?product=geldfluss#primaryimage"},"datePublished":"2020-12-05T14:15:16+00:00","dateModified":"2020-12-09T12:24:35+00:00","breadcrumb":{"@id":"https:\/\/rosmarinchenskraeuterzauberey.de\/?product=geldfluss#breadcrumb"},"inLanguage":"de","potentialAction":[{"@type":"ReadAction","target":["https:\/\/rosmarinchenskraeuterzauberey.de\/?product=geldfluss"]}]},{"@type":"BreadcrumbList","@id":"https:\/\/rosmarinchenskraeuterzauberey.de\/?product=geldfluss#breadcrumb","itemListElement":[{"@type":"ListItem","position":1,"name":"Home","item":"https:\/\/rosmarinchenskraeuterzauberey.de\/"},{"@type":"ListItem","position":2,"name":"Shop","item":"https:\/\/rosmarinchenskraeuterzauberey.de\/?page_id=7"},{"@type":"ListItem","position":3,"name":"Geldfluss"}]}]}},"_links":{"self":[{"href":"https:\/\/rosmarinchenskraeuterzauberey.de\/index.php?rest_route=\/wp\/v2\/product\/281"}],"collection":[{"href":"https:\/\/rosmarinchenskraeuterzauberey.de\/index.php?rest_route=\/wp\/v2\/product"}],"about":[{"href":"https:\/\/rosmarinchenskraeuterzauberey.de\/index.php?rest_route=\/wp\/v2\/types\/product"}],"replies":[{"embeddable":true,"href":"https:\/\/rosmarinchenskraeuterzauberey.de\/index.php?rest_route=%2Fwp%2Fv2%2Fcomments&post=281"}],"wp:featuredmedia":[{"embeddable":true,"href":"https:\/\/rosmarinchenskraeuterzauberey.de\/index.php?rest_route=\/wp\/v2\/media\/268"}],"wp:attachment":[{"href":"https:\/\/rosmarinchenskraeuterzauberey.de\/index.php?rest_route=%2Fwp%2Fv2%2Fmedia&parent=281"}],"wp:term":[{"taxonomy":"product_cat","embeddable":true,"href":"https:\/\/rosmarinchenskraeuterzauberey.de\/index.php?rest_route=%2Fwp%2Fv2%2Fproduct_cat&post=281"},{"taxonomy":"product_tag","embeddable":true,"href":"https:\/\/rosmarinchenskraeuterzauberey.de\/index.php?rest_route=%2Fwp%2Fv2%2Fproduct_tag&post=281"}],"curies":[{"name":"wp","href":"https:\/\/api.w.org\/{rel}","templated":true}]}}