{"id":296,"date":"2020-12-05T14:00:50","date_gmt":"2020-12-05T14:00:50","guid":{"rendered":"https:\/\/rosmarinchenskraeuterzauberey.de\/?post_type=product&#038;p=296"},"modified":"2020-12-09T16:15:29","modified_gmt":"2020-12-09T16:15:29","slug":"samhain","status":"publish","type":"product","link":"https:\/\/rosmarinchenskraeuterzauberey.de\/?product=samhain","title":{"rendered":"Samhain"},"content":{"rendered":"<p><strong>Beschreibung:<\/strong><br \/>\nDas sogenannte Hexenneujahr.Der neue Zyklus beginnt. Ein Mondfest<br \/>\nSamhain wird am 11. Neumond des Jahres gefeiert.<\/p>\n<p>Samhain ist hierzulande Allerseelen und f\u00e4llt auf die Nacht zum 1. November<\/p>\n<p>Ein Fest des Abschiedes und Loslassens.<br \/>\nDie Natur beginnt den Atem anzuhalten alles Leben zieht nach innen.<br \/>\nEin eher stilles Fest, bei dem es um loslassen geht.<br \/>\nDer Ahnen Gedenken und Ehrung.<br \/>\nMan besinnt sich auf die Bedeutung von Tod und Wiedergeburt.<br \/>\nGemeint ist vor allem was im eigenen Leben nun gehen kann, welche Tr\u00e4ume sind gestorben, welche noch nicht fertig .<\/p>\n<p>Fr\u00fcher wurde den Verstorbenen die Stube gerichtet und beheizt, sie wurden mit Gaben ( Essen und Trinken) gegr\u00fc\u00dft. In dieser Nacht k\u00f6nnen sie zur\u00fcckkehren.<br \/>\nSelbst ist man zum Schlafen gegangen, die Stube den Ahnen gelassen.<br \/>\nAuch zum orakeln, mit den Ahnen sprechen, sie um Hilfe bitten oder sich einfach mit Ihnen aussprechen war an diesem Tag gut.<br \/>\nEin Besinnen auf die eigenen Wurzeln<\/p>\n<p><strong>Fragen und Affirmation:<br \/>\n<\/strong>Was kann ich nun loslassen ?<br \/>\nWelche Ahnen stehen mir nahe und unterst\u00fctzen mich?<br \/>\nWo ist Platz in mir in dem ich neues erschaffen kann?<\/p>\n<p><strong>Inhaltstoffe:<\/strong><br \/>\nBohnenkraut, Mistel, Gundermann, Eisenkraut, Beifu\u00df,\u00a0 Opononax, Copal<\/p>\n<p><strong>Anwendung:<br \/>\n<\/strong>Idealer Weise zu r\u00e4uchern auf Kohle<\/p>\n<p><strong>Verpackung:<br \/>\n<\/strong>Die R\u00e4uchermischung wird versiegelt im Glas versandt.<\/p>\n<p><strong>Wichtiger Hinweis:<br \/>\n<\/strong>Die R\u00e4ucherstoffe sind\/ ersetzen keine Heil-und\u00a0 Arzneimittel<br \/>\nR\u00e4ucherwerk ist von Kindern und Tieren fernzuhalten<\/p>\n<p>&nbsp;<\/p>\n","protected":false},"excerpt":{"rendered":"<p>Beschreibung: Das sogenannte Hexenneujahr.Der neue Zyklus beginnt. Ein Mondfest Samhain wird am 11. Neumond des Jahres gefeiert. Samhain ist hierzulande Allerseelen und f\u00e4llt auf die Nacht zum 1. November Ein Fest des Abschiedes und Loslassens. Die Natur beginnt den Atem anzuhalten alles Leben zieht nach innen. Ein eher stilles Fest, bei dem es um loslassen&hellip;&nbsp;<a href=\"https:\/\/rosmarinchenskraeuterzauberey.de\/?product=samhain\" class=\"\" rel=\"bookmark\">Weiterlesen &raquo;<span class=\"screen-reader-text\">Samhain<\/span><\/a><\/p>\n","protected":false},"featured_media":460,"comment_status":"open","ping_status":"closed","template":"","meta":{"neve_meta_sidebar":"","neve_meta_container":"","neve_meta_enable_content_width":"off","neve_meta_content_width":0,"neve_meta_title_alignment":"","neve_meta_author_avatar":"","neve_post_elements_order":"","neve_meta_disable_header":"","neve_meta_disable_footer":"","neve_meta_disable_title":"","_themeisle_gutenberg_block_has_review":false,"_ti_tpc_template_sync":false,"_ti_tpc_template_id":""},"product_cat":[34],"product_tag":[],"yoast_head":"<!-- This site is optimized with the Yoast SEO plugin v18.5.1 - https:\/\/yoast.com\/wordpress\/plugins\/seo\/ -->\n<title>Samhain - Rosmarinchens Kraeuterzauberey<\/title>\n<meta name=\"robots\" content=\"index, follow, max-snippet:-1, max-image-preview:large, max-video-preview:-1\" \/>\n<link rel=\"canonical\" href=\"https:\/\/rosmarinchenskraeuterzauberey.de\/?product=samhain\" \/>\n<meta property=\"og:locale\" content=\"de_DE\" \/>\n<meta property=\"og:type\" content=\"article\" \/>\n<meta property=\"og:title\" content=\"Samhain - Rosmarinchens Kraeuterzauberey\" \/>\n<meta property=\"og:description\" content=\"Beschreibung: Das sogenannte Hexenneujahr.Der neue Zyklus beginnt. Ein Mondfest Samhain wird am 11. Neumond des Jahres gefeiert. Samhain ist hierzulande Allerseelen und f\u00e4llt auf die Nacht zum 1. November Ein Fest des Abschiedes und Loslassens. Die Natur beginnt den Atem anzuhalten alles Leben zieht nach innen. Ein eher stilles Fest, bei dem es um loslassen&hellip;&nbsp;Weiterlesen &raquo;Samhain\" \/>\n<meta property=\"og:url\" content=\"https:\/\/rosmarinchenskraeuterzauberey.de\/?product=samhain\" \/>\n<meta property=\"og:site_name\" content=\"Rosmarinchens Kraeuterzauberey\" \/>\n<meta property=\"article:modified_time\" content=\"2020-12-09T16:15:29+00:00\" \/>\n<meta property=\"og:image\" content=\"https:\/\/rosmarinchenskraeuterzauberey.de\/wp-content\/uploads\/2020\/12\/DSC8579_samhain.jpg\" \/>\n\t<meta property=\"og:image:width\" content=\"2000\" \/>\n\t<meta property=\"og:image:height\" content=\"1335\" \/>\n\t<meta property=\"og:image:type\" content=\"image\/jpeg\" \/>\n<meta name=\"twitter:card\" content=\"summary_large_image\" \/>\n<meta name=\"twitter:label1\" content=\"Gesch\u00e4tzte Lesezeit\" \/>\n\t<meta name=\"twitter:data1\" content=\"1\u00a0Minute\" \/>\n<script type=\"application\/ld+json\" class=\"yoast-schema-graph\">{\"@context\":\"https:\/\/schema.org\",\"@graph\":[{\"@type\":\"WebSite\",\"@id\":\"https:\/\/rosmarinchenskraeuterzauberey.de\/#website\",\"url\":\"https:\/\/rosmarinchenskraeuterzauberey.de\/\",\"name\":\"Rosmarinchens Kraeuterzauberey\",\"description\":\"R\u00e4uchermischungen &amp; R\u00e4ucherzubeh\u00f6r kaufen\",\"potentialAction\":[{\"@type\":\"SearchAction\",\"target\":{\"@type\":\"EntryPoint\",\"urlTemplate\":\"https:\/\/rosmarinchenskraeuterzauberey.de\/?s={search_term_string}\"},\"query-input\":\"required name=search_term_string\"}],\"inLanguage\":\"de\"},{\"@type\":\"ImageObject\",\"@id\":\"https:\/\/rosmarinchenskraeuterzauberey.de\/?product=samhain#primaryimage\",\"inLanguage\":\"de\",\"url\":\"https:\/\/rosmarinchenskraeuterzauberey.de\/wp-content\/uploads\/2020\/12\/DSC8579_samhain.jpg\",\"contentUrl\":\"https:\/\/rosmarinchenskraeuterzauberey.de\/wp-content\/uploads\/2020\/12\/DSC8579_samhain.jpg\",\"width\":2000,\"height\":1335},{\"@type\":\"WebPage\",\"@id\":\"https:\/\/rosmarinchenskraeuterzauberey.de\/?product=samhain#webpage\",\"url\":\"https:\/\/rosmarinchenskraeuterzauberey.de\/?product=samhain\",\"name\":\"Samhain - Rosmarinchens Kraeuterzauberey\",\"isPartOf\":{\"@id\":\"https:\/\/rosmarinchenskraeuterzauberey.de\/#website\"},\"primaryImageOfPage\":{\"@id\":\"https:\/\/rosmarinchenskraeuterzauberey.de\/?product=samhain#primaryimage\"},\"datePublished\":\"2020-12-05T14:00:50+00:00\",\"dateModified\":\"2020-12-09T16:15:29+00:00\",\"breadcrumb\":{\"@id\":\"https:\/\/rosmarinchenskraeuterzauberey.de\/?product=samhain#breadcrumb\"},\"inLanguage\":\"de\",\"potentialAction\":[{\"@type\":\"ReadAction\",\"target\":[\"https:\/\/rosmarinchenskraeuterzauberey.de\/?product=samhain\"]}]},{\"@type\":\"BreadcrumbList\",\"@id\":\"https:\/\/rosmarinchenskraeuterzauberey.de\/?product=samhain#breadcrumb\",\"itemListElement\":[{\"@type\":\"ListItem\",\"position\":1,\"name\":\"Home\",\"item\":\"https:\/\/rosmarinchenskraeuterzauberey.de\/\"},{\"@type\":\"ListItem\",\"position\":2,\"name\":\"Shop\",\"item\":\"https:\/\/rosmarinchenskraeuterzauberey.de\/?page_id=7\"},{\"@type\":\"ListItem\",\"position\":3,\"name\":\"Samhain\"}]}]}<\/script>\n<!-- \/ Yoast SEO plugin. -->","yoast_head_json":{"title":"Samhain - Rosmarinchens Kraeuterzauberey","robots":{"index":"index","follow":"follow","max-snippet":"max-snippet:-1","max-image-preview":"max-image-preview:large","max-video-preview":"max-video-preview:-1"},"canonical":"https:\/\/rosmarinchenskraeuterzauberey.de\/?product=samhain","og_locale":"de_DE","og_type":"article","og_title":"Samhain - Rosmarinchens Kraeuterzauberey","og_description":"Beschreibung: Das sogenannte Hexenneujahr.Der neue Zyklus beginnt. Ein Mondfest Samhain wird am 11. Neumond des Jahres gefeiert. Samhain ist hierzulande Allerseelen und f\u00e4llt auf die Nacht zum 1. November Ein Fest des Abschiedes und Loslassens. Die Natur beginnt den Atem anzuhalten alles Leben zieht nach innen. Ein eher stilles Fest, bei dem es um loslassen&hellip;&nbsp;Weiterlesen &raquo;Samhain","og_url":"https:\/\/rosmarinchenskraeuterzauberey.de\/?product=samhain","og_site_name":"Rosmarinchens Kraeuterzauberey","article_modified_time":"2020-12-09T16:15:29+00:00","og_image":[{"width":2000,"height":1335,"url":"https:\/\/rosmarinchenskraeuterzauberey.de\/wp-content\/uploads\/2020\/12\/DSC8579_samhain.jpg","type":"image\/jpeg"}],"twitter_card":"summary_large_image","twitter_misc":{"Gesch\u00e4tzte Lesezeit":"1\u00a0Minute"},"schema":{"@context":"https:\/\/schema.org","@graph":[{"@type":"WebSite","@id":"https:\/\/rosmarinchenskraeuterzauberey.de\/#website","url":"https:\/\/rosmarinchenskraeuterzauberey.de\/","name":"Rosmarinchens Kraeuterzauberey","description":"R\u00e4uchermischungen &amp; R\u00e4ucherzubeh\u00f6r kaufen","potentialAction":[{"@type":"SearchAction","target":{"@type":"EntryPoint","urlTemplate":"https:\/\/rosmarinchenskraeuterzauberey.de\/?s={search_term_string}"},"query-input":"required name=search_term_string"}],"inLanguage":"de"},{"@type":"ImageObject","@id":"https:\/\/rosmarinchenskraeuterzauberey.de\/?product=samhain#primaryimage","inLanguage":"de","url":"https:\/\/rosmarinchenskraeuterzauberey.de\/wp-content\/uploads\/2020\/12\/DSC8579_samhain.jpg","contentUrl":"https:\/\/rosmarinchenskraeuterzauberey.de\/wp-content\/uploads\/2020\/12\/DSC8579_samhain.jpg","width":2000,"height":1335},{"@type":"WebPage","@id":"https:\/\/rosmarinchenskraeuterzauberey.de\/?product=samhain#webpage","url":"https:\/\/rosmarinchenskraeuterzauberey.de\/?product=samhain","name":"Samhain - Rosmarinchens Kraeuterzauberey","isPartOf":{"@id":"https:\/\/rosmarinchenskraeuterzauberey.de\/#website"},"primaryImageOfPage":{"@id":"https:\/\/rosmarinchenskraeuterzauberey.de\/?product=samhain#primaryimage"},"datePublished":"2020-12-05T14:00:50+00:00","dateModified":"2020-12-09T16:15:29+00:00","breadcrumb":{"@id":"https:\/\/rosmarinchenskraeuterzauberey.de\/?product=samhain#breadcrumb"},"inLanguage":"de","potentialAction":[{"@type":"ReadAction","target":["https:\/\/rosmarinchenskraeuterzauberey.de\/?product=samhain"]}]},{"@type":"BreadcrumbList","@id":"https:\/\/rosmarinchenskraeuterzauberey.de\/?product=samhain#breadcrumb","itemListElement":[{"@type":"ListItem","position":1,"name":"Home","item":"https:\/\/rosmarinchenskraeuterzauberey.de\/"},{"@type":"ListItem","position":2,"name":"Shop","item":"https:\/\/rosmarinchenskraeuterzauberey.de\/?page_id=7"},{"@type":"ListItem","position":3,"name":"Samhain"}]}]}},"_links":{"self":[{"href":"https:\/\/rosmarinchenskraeuterzauberey.de\/index.php?rest_route=\/wp\/v2\/product\/296"}],"collection":[{"href":"https:\/\/rosmarinchenskraeuterzauberey.de\/index.php?rest_route=\/wp\/v2\/product"}],"about":[{"href":"https:\/\/rosmarinchenskraeuterzauberey.de\/index.php?rest_route=\/wp\/v2\/types\/product"}],"replies":[{"embeddable":true,"href":"https:\/\/rosmarinchenskraeuterzauberey.de\/index.php?rest_route=%2Fwp%2Fv2%2Fcomments&post=296"}],"wp:featuredmedia":[{"embeddable":true,"href":"https:\/\/rosmarinchenskraeuterzauberey.de\/index.php?rest_route=\/wp\/v2\/media\/460"}],"wp:attachment":[{"href":"https:\/\/rosmarinchenskraeuterzauberey.de\/index.php?rest_route=%2Fwp%2Fv2%2Fmedia&parent=296"}],"wp:term":[{"taxonomy":"product_cat","embeddable":true,"href":"https:\/\/rosmarinchenskraeuterzauberey.de\/index.php?rest_route=%2Fwp%2Fv2%2Fproduct_cat&post=296"},{"taxonomy":"product_tag","embeddable":true,"href":"https:\/\/rosmarinchenskraeuterzauberey.de\/index.php?rest_route=%2Fwp%2Fv2%2Fproduct_tag&post=296"}],"curies":[{"name":"wp","href":"https:\/\/api.w.org\/{rel}","templated":true}]}}