{"id":334,"date":"2020-12-06T10:25:08","date_gmt":"2020-12-06T10:25:08","guid":{"rendered":"https:\/\/rosmarinchenskraeuterzauberey.de\/?post_type=product&#038;p=334"},"modified":"2020-12-09T19:22:02","modified_gmt":"2020-12-09T19:22:02","slug":"zirbenholzspaene","status":"publish","type":"product","link":"https:\/\/rosmarinchenskraeuterzauberey.de\/?product=zirbenholzspaene","title":{"rendered":"Zirbenholzsp\u00e4ne"},"content":{"rendered":"<p><strong>Beschreibung:<\/strong><br \/>\nZirbelkiefer, Arve (pinus cembra)<br \/>\nEin Holz mit hohem Anteil \u00e4therischen \u00d6len.<\/p>\n<p><strong>Verwendung und Wirkung:<\/strong><br \/>\nDer angenehme Duft des Zirbenholzes l\u00e4sst uns uns entspannen und f\u00f6rdert den Schlaf.<br \/>\nEs beruhigt unser Gem\u00fct und entspannt die Nerven.<br \/>\nZur Reinigung, f\u00fcr Zeremonien und zum Schutz sch\u00e4tzten es schon unsere Vorfahren.<br \/>\nGanz nebenbei h\u00e4lt der Duft auch Motten fern.<\/p>\n<p><strong>Duft:<\/strong><br \/>\nholzig, aromatisch, warm, angenehm<\/p>\n<p><strong>Anwendung:<\/strong><br \/>\nZu r\u00e4uchern auf Kohle oder St\u00f6vchen, einzeln oder als Mischung.<\/p>\n<p><strong>Verpackung:<\/strong><br \/>\nDas R\u00e4ucherwerk wird im Aromaschutzbeutel versandt.<\/p>\n<p><strong>Wichtiger Hinweis:<\/strong><br \/>\nDie R\u00e4ucherstoffe sind\/ ersetzen keine Heil- und Arzneimittel.<br \/>\nR\u00e4ucherwerk ist von Kindern und Tieren fernzuhalten.<\/p>\n","protected":false},"excerpt":{"rendered":"<p>Beschreibung: Zirbelkiefer, Arve (pinus cembra) Ein Holz mit hohem Anteil \u00e4therischen \u00d6len. Verwendung und Wirkung: Der angenehme Duft des Zirbenholzes l\u00e4sst uns uns entspannen und f\u00f6rdert den Schlaf. Es beruhigt unser Gem\u00fct und entspannt die Nerven. Zur Reinigung, f\u00fcr Zeremonien und zum Schutz sch\u00e4tzten es schon unsere Vorfahren. Ganz nebenbei h\u00e4lt der Duft auch Motten&hellip;&nbsp;<a href=\"https:\/\/rosmarinchenskraeuterzauberey.de\/?product=zirbenholzspaene\" class=\"\" rel=\"bookmark\">Weiterlesen &raquo;<span class=\"screen-reader-text\">Zirbenholzsp\u00e4ne<\/span><\/a><\/p>\n","protected":false},"featured_media":235,"comment_status":"open","ping_status":"closed","template":"","meta":{"neve_meta_sidebar":"","neve_meta_container":"","neve_meta_enable_content_width":"off","neve_meta_content_width":0,"neve_meta_title_alignment":"","neve_meta_author_avatar":"","neve_post_elements_order":"","neve_meta_disable_header":"","neve_meta_disable_footer":"","neve_meta_disable_title":"","_themeisle_gutenberg_block_has_review":false,"_ti_tpc_template_sync":false,"_ti_tpc_template_id":""},"product_cat":[30],"product_tag":[],"yoast_head":"<!-- This site is optimized with the Yoast SEO plugin v18.5.1 - https:\/\/yoast.com\/wordpress\/plugins\/seo\/ -->\n<title>Zirbenholzsp\u00e4ne - Rosmarinchens Kraeuterzauberey<\/title>\n<meta name=\"robots\" content=\"index, follow, max-snippet:-1, max-image-preview:large, max-video-preview:-1\" \/>\n<link rel=\"canonical\" href=\"https:\/\/rosmarinchenskraeuterzauberey.de\/?product=zirbenholzspaene\" \/>\n<meta property=\"og:locale\" content=\"de_DE\" \/>\n<meta property=\"og:type\" content=\"article\" \/>\n<meta property=\"og:title\" content=\"Zirbenholzsp\u00e4ne - Rosmarinchens Kraeuterzauberey\" \/>\n<meta property=\"og:description\" content=\"Beschreibung: Zirbelkiefer, Arve (pinus cembra) Ein Holz mit hohem Anteil \u00e4therischen \u00d6len. Verwendung und Wirkung: Der angenehme Duft des Zirbenholzes l\u00e4sst uns uns entspannen und f\u00f6rdert den Schlaf. Es beruhigt unser Gem\u00fct und entspannt die Nerven. Zur Reinigung, f\u00fcr Zeremonien und zum Schutz sch\u00e4tzten es schon unsere Vorfahren. Ganz nebenbei h\u00e4lt der Duft auch Motten&hellip;&nbsp;Weiterlesen &raquo;Zirbenholzsp\u00e4ne\" \/>\n<meta property=\"og:url\" content=\"https:\/\/rosmarinchenskraeuterzauberey.de\/?product=zirbenholzspaene\" \/>\n<meta property=\"og:site_name\" content=\"Rosmarinchens Kraeuterzauberey\" \/>\n<meta property=\"article:modified_time\" content=\"2020-12-09T19:22:02+00:00\" \/>\n<meta property=\"og:image\" content=\"https:\/\/rosmarinchenskraeuterzauberey.de\/wp-content\/uploads\/2020\/11\/DSC8454.jpg\" \/>\n\t<meta property=\"og:image:width\" content=\"2000\" \/>\n\t<meta property=\"og:image:height\" content=\"1335\" \/>\n\t<meta property=\"og:image:type\" content=\"image\/jpeg\" \/>\n<meta name=\"twitter:card\" content=\"summary_large_image\" \/>\n<meta name=\"twitter:label1\" content=\"Gesch\u00e4tzte Lesezeit\" \/>\n\t<meta name=\"twitter:data1\" content=\"1\u00a0Minute\" \/>\n<script type=\"application\/ld+json\" class=\"yoast-schema-graph\">{\"@context\":\"https:\/\/schema.org\",\"@graph\":[{\"@type\":\"WebSite\",\"@id\":\"https:\/\/rosmarinchenskraeuterzauberey.de\/#website\",\"url\":\"https:\/\/rosmarinchenskraeuterzauberey.de\/\",\"name\":\"Rosmarinchens Kraeuterzauberey\",\"description\":\"R\u00e4uchermischungen &amp; R\u00e4ucherzubeh\u00f6r kaufen\",\"potentialAction\":[{\"@type\":\"SearchAction\",\"target\":{\"@type\":\"EntryPoint\",\"urlTemplate\":\"https:\/\/rosmarinchenskraeuterzauberey.de\/?s={search_term_string}\"},\"query-input\":\"required name=search_term_string\"}],\"inLanguage\":\"de\"},{\"@type\":\"ImageObject\",\"@id\":\"https:\/\/rosmarinchenskraeuterzauberey.de\/?product=zirbenholzspaene#primaryimage\",\"inLanguage\":\"de\",\"url\":\"https:\/\/rosmarinchenskraeuterzauberey.de\/wp-content\/uploads\/2020\/11\/DSC8454.jpg\",\"contentUrl\":\"https:\/\/rosmarinchenskraeuterzauberey.de\/wp-content\/uploads\/2020\/11\/DSC8454.jpg\",\"width\":2000,\"height\":1335},{\"@type\":\"WebPage\",\"@id\":\"https:\/\/rosmarinchenskraeuterzauberey.de\/?product=zirbenholzspaene#webpage\",\"url\":\"https:\/\/rosmarinchenskraeuterzauberey.de\/?product=zirbenholzspaene\",\"name\":\"Zirbenholzsp\u00e4ne - Rosmarinchens Kraeuterzauberey\",\"isPartOf\":{\"@id\":\"https:\/\/rosmarinchenskraeuterzauberey.de\/#website\"},\"primaryImageOfPage\":{\"@id\":\"https:\/\/rosmarinchenskraeuterzauberey.de\/?product=zirbenholzspaene#primaryimage\"},\"datePublished\":\"2020-12-06T10:25:08+00:00\",\"dateModified\":\"2020-12-09T19:22:02+00:00\",\"breadcrumb\":{\"@id\":\"https:\/\/rosmarinchenskraeuterzauberey.de\/?product=zirbenholzspaene#breadcrumb\"},\"inLanguage\":\"de\",\"potentialAction\":[{\"@type\":\"ReadAction\",\"target\":[\"https:\/\/rosmarinchenskraeuterzauberey.de\/?product=zirbenholzspaene\"]}]},{\"@type\":\"BreadcrumbList\",\"@id\":\"https:\/\/rosmarinchenskraeuterzauberey.de\/?product=zirbenholzspaene#breadcrumb\",\"itemListElement\":[{\"@type\":\"ListItem\",\"position\":1,\"name\":\"Home\",\"item\":\"https:\/\/rosmarinchenskraeuterzauberey.de\/\"},{\"@type\":\"ListItem\",\"position\":2,\"name\":\"Shop\",\"item\":\"https:\/\/rosmarinchenskraeuterzauberey.de\/?page_id=7\"},{\"@type\":\"ListItem\",\"position\":3,\"name\":\"Zirbenholzsp\u00e4ne\"}]}]}<\/script>\n<!-- \/ Yoast SEO plugin. -->","yoast_head_json":{"title":"Zirbenholzsp\u00e4ne - Rosmarinchens Kraeuterzauberey","robots":{"index":"index","follow":"follow","max-snippet":"max-snippet:-1","max-image-preview":"max-image-preview:large","max-video-preview":"max-video-preview:-1"},"canonical":"https:\/\/rosmarinchenskraeuterzauberey.de\/?product=zirbenholzspaene","og_locale":"de_DE","og_type":"article","og_title":"Zirbenholzsp\u00e4ne - Rosmarinchens Kraeuterzauberey","og_description":"Beschreibung: Zirbelkiefer, Arve (pinus cembra) Ein Holz mit hohem Anteil \u00e4therischen \u00d6len. Verwendung und Wirkung: Der angenehme Duft des Zirbenholzes l\u00e4sst uns uns entspannen und f\u00f6rdert den Schlaf. Es beruhigt unser Gem\u00fct und entspannt die Nerven. Zur Reinigung, f\u00fcr Zeremonien und zum Schutz sch\u00e4tzten es schon unsere Vorfahren. Ganz nebenbei h\u00e4lt der Duft auch Motten&hellip;&nbsp;Weiterlesen &raquo;Zirbenholzsp\u00e4ne","og_url":"https:\/\/rosmarinchenskraeuterzauberey.de\/?product=zirbenholzspaene","og_site_name":"Rosmarinchens Kraeuterzauberey","article_modified_time":"2020-12-09T19:22:02+00:00","og_image":[{"width":2000,"height":1335,"url":"https:\/\/rosmarinchenskraeuterzauberey.de\/wp-content\/uploads\/2020\/11\/DSC8454.jpg","type":"image\/jpeg"}],"twitter_card":"summary_large_image","twitter_misc":{"Gesch\u00e4tzte Lesezeit":"1\u00a0Minute"},"schema":{"@context":"https:\/\/schema.org","@graph":[{"@type":"WebSite","@id":"https:\/\/rosmarinchenskraeuterzauberey.de\/#website","url":"https:\/\/rosmarinchenskraeuterzauberey.de\/","name":"Rosmarinchens Kraeuterzauberey","description":"R\u00e4uchermischungen &amp; R\u00e4ucherzubeh\u00f6r kaufen","potentialAction":[{"@type":"SearchAction","target":{"@type":"EntryPoint","urlTemplate":"https:\/\/rosmarinchenskraeuterzauberey.de\/?s={search_term_string}"},"query-input":"required name=search_term_string"}],"inLanguage":"de"},{"@type":"ImageObject","@id":"https:\/\/rosmarinchenskraeuterzauberey.de\/?product=zirbenholzspaene#primaryimage","inLanguage":"de","url":"https:\/\/rosmarinchenskraeuterzauberey.de\/wp-content\/uploads\/2020\/11\/DSC8454.jpg","contentUrl":"https:\/\/rosmarinchenskraeuterzauberey.de\/wp-content\/uploads\/2020\/11\/DSC8454.jpg","width":2000,"height":1335},{"@type":"WebPage","@id":"https:\/\/rosmarinchenskraeuterzauberey.de\/?product=zirbenholzspaene#webpage","url":"https:\/\/rosmarinchenskraeuterzauberey.de\/?product=zirbenholzspaene","name":"Zirbenholzsp\u00e4ne - Rosmarinchens Kraeuterzauberey","isPartOf":{"@id":"https:\/\/rosmarinchenskraeuterzauberey.de\/#website"},"primaryImageOfPage":{"@id":"https:\/\/rosmarinchenskraeuterzauberey.de\/?product=zirbenholzspaene#primaryimage"},"datePublished":"2020-12-06T10:25:08+00:00","dateModified":"2020-12-09T19:22:02+00:00","breadcrumb":{"@id":"https:\/\/rosmarinchenskraeuterzauberey.de\/?product=zirbenholzspaene#breadcrumb"},"inLanguage":"de","potentialAction":[{"@type":"ReadAction","target":["https:\/\/rosmarinchenskraeuterzauberey.de\/?product=zirbenholzspaene"]}]},{"@type":"BreadcrumbList","@id":"https:\/\/rosmarinchenskraeuterzauberey.de\/?product=zirbenholzspaene#breadcrumb","itemListElement":[{"@type":"ListItem","position":1,"name":"Home","item":"https:\/\/rosmarinchenskraeuterzauberey.de\/"},{"@type":"ListItem","position":2,"name":"Shop","item":"https:\/\/rosmarinchenskraeuterzauberey.de\/?page_id=7"},{"@type":"ListItem","position":3,"name":"Zirbenholzsp\u00e4ne"}]}]}},"_links":{"self":[{"href":"https:\/\/rosmarinchenskraeuterzauberey.de\/index.php?rest_route=\/wp\/v2\/product\/334"}],"collection":[{"href":"https:\/\/rosmarinchenskraeuterzauberey.de\/index.php?rest_route=\/wp\/v2\/product"}],"about":[{"href":"https:\/\/rosmarinchenskraeuterzauberey.de\/index.php?rest_route=\/wp\/v2\/types\/product"}],"replies":[{"embeddable":true,"href":"https:\/\/rosmarinchenskraeuterzauberey.de\/index.php?rest_route=%2Fwp%2Fv2%2Fcomments&post=334"}],"wp:featuredmedia":[{"embeddable":true,"href":"https:\/\/rosmarinchenskraeuterzauberey.de\/index.php?rest_route=\/wp\/v2\/media\/235"}],"wp:attachment":[{"href":"https:\/\/rosmarinchenskraeuterzauberey.de\/index.php?rest_route=%2Fwp%2Fv2%2Fmedia&parent=334"}],"wp:term":[{"taxonomy":"product_cat","embeddable":true,"href":"https:\/\/rosmarinchenskraeuterzauberey.de\/index.php?rest_route=%2Fwp%2Fv2%2Fproduct_cat&post=334"},{"taxonomy":"product_tag","embeddable":true,"href":"https:\/\/rosmarinchenskraeuterzauberey.de\/index.php?rest_route=%2Fwp%2Fv2%2Fproduct_tag&post=334"}],"curies":[{"name":"wp","href":"https:\/\/api.w.org\/{rel}","templated":true}]}}