{"id":342,"date":"2020-12-05T23:41:19","date_gmt":"2020-12-05T23:41:19","guid":{"rendered":"https:\/\/rosmarinchenskraeuterzauberey.de\/?post_type=product&#038;p=342"},"modified":"2020-12-10T20:55:44","modified_gmt":"2020-12-10T20:55:44","slug":"kamillenblueten","status":"publish","type":"product","link":"https:\/\/rosmarinchenskraeuterzauberey.de\/?product=kamillenblueten","title":{"rendered":"Kamillenbl\u00fcten"},"content":{"rendered":"<p><strong>Beschreibung:<\/strong><br \/>\nKamille (matricaria chamomilla recutita)<br \/>\nAndere Namen: Altm\u00fctterkraut, Carmelina, Kamelblumen,\u00a0 Krottenkraut, K\u00fchmelle, Magdblum, M\u00e4gdeblume oder Mutterkraut<br \/>\nDie Kamille gilt als Heil- und Schutzpflanze.<br \/>\nIn den Kr\u00e4uterbuschen die zu Maria Himmelfahrt gebunden werden, darf sie nicht fehlen.<br \/>\nSie dient(e) wie die anderen Kr\u00e4uter zum Schutz und zur Hausapotheke.<br \/>\nAuch in den Rauhn\u00e4chten findet sie Verwendung.<\/p>\n<p><strong>Verwendung und Wirkung:<\/strong><br \/>\nWirkt heilend auf unsere Seele.<br \/>\nZum Schutz des Hauses.<br \/>\nSie unterst\u00fctzt beim entspannen.<br \/>\nBereitet den Weg in die Meditation.<br \/>\nNimmt \u00c4ngste.<br \/>\nZusammen mit Myrrhe als Segnung f\u00fcr Ritualgegenst\u00e4nde.<\/p>\n<p><strong>Duft:<\/strong><br \/>\nwarm, sanft , s\u00fc\u00dflich<\/p>\n<p><strong>Anwendung:<\/strong><br \/>\nZu r\u00e4uchern auf Kohle oder St\u00f6vchen, einzeln oder als Mischung.<\/p>\n<p><strong>Verpackung:<\/strong><br \/>\nDas R\u00e4ucherwerk wird im Aromaschutzbeutel versandt.<\/p>\n<p><strong>Wichtiger Hinweis:<\/strong><br \/>\nDie R\u00e4ucherstoffe sind\/ ersetzen keine Heil- und Arzneimittel.<br \/>\nR\u00e4ucherwerk ist von Kindern\u00a0 und Tieren fernzuhalten.<\/p>\n","protected":false},"excerpt":{"rendered":"<p>Beschreibung: Kamille (matricaria chamomilla recutita) Andere Namen: Altm\u00fctterkraut, Carmelina, Kamelblumen,\u00a0 Krottenkraut, K\u00fchmelle, Magdblum, M\u00e4gdeblume oder Mutterkraut Die Kamille gilt als Heil- und Schutzpflanze. In den Kr\u00e4uterbuschen die zu Maria Himmelfahrt gebunden werden, darf sie nicht fehlen. Sie dient(e) wie die anderen Kr\u00e4uter zum Schutz und zur Hausapotheke. Auch in den Rauhn\u00e4chten findet sie Verwendung. Verwendung&hellip;&nbsp;<a href=\"https:\/\/rosmarinchenskraeuterzauberey.de\/?product=kamillenblueten\" class=\"\" rel=\"bookmark\">Weiterlesen &raquo;<span class=\"screen-reader-text\">Kamillenbl\u00fcten<\/span><\/a><\/p>\n","protected":false},"featured_media":162,"comment_status":"open","ping_status":"closed","template":"","meta":{"neve_meta_sidebar":"","neve_meta_container":"","neve_meta_enable_content_width":"off","neve_meta_content_width":0,"neve_meta_title_alignment":"","neve_meta_author_avatar":"","neve_post_elements_order":"","neve_meta_disable_header":"","neve_meta_disable_footer":"","neve_meta_disable_title":"","_themeisle_gutenberg_block_has_review":false,"_ti_tpc_template_sync":false,"_ti_tpc_template_id":""},"product_cat":[52],"product_tag":[],"yoast_head":"<!-- This site is optimized with the Yoast SEO plugin v18.5.1 - https:\/\/yoast.com\/wordpress\/plugins\/seo\/ -->\n<title>Kamillenbl\u00fcten - Rosmarinchens Kraeuterzauberey<\/title>\n<meta name=\"robots\" content=\"index, follow, max-snippet:-1, max-image-preview:large, max-video-preview:-1\" \/>\n<link rel=\"canonical\" href=\"https:\/\/rosmarinchenskraeuterzauberey.de\/?product=kamillenblueten\" \/>\n<meta property=\"og:locale\" content=\"de_DE\" \/>\n<meta property=\"og:type\" content=\"article\" \/>\n<meta property=\"og:title\" content=\"Kamillenbl\u00fcten - Rosmarinchens Kraeuterzauberey\" \/>\n<meta property=\"og:description\" content=\"Beschreibung: Kamille (matricaria chamomilla recutita) Andere Namen: Altm\u00fctterkraut, Carmelina, Kamelblumen,\u00a0 Krottenkraut, K\u00fchmelle, Magdblum, M\u00e4gdeblume oder Mutterkraut Die Kamille gilt als Heil- und Schutzpflanze. In den Kr\u00e4uterbuschen die zu Maria Himmelfahrt gebunden werden, darf sie nicht fehlen. Sie dient(e) wie die anderen Kr\u00e4uter zum Schutz und zur Hausapotheke. Auch in den Rauhn\u00e4chten findet sie Verwendung. Verwendung&hellip;&nbsp;Weiterlesen &raquo;Kamillenbl\u00fcten\" \/>\n<meta property=\"og:url\" content=\"https:\/\/rosmarinchenskraeuterzauberey.de\/?product=kamillenblueten\" \/>\n<meta property=\"og:site_name\" content=\"Rosmarinchens Kraeuterzauberey\" \/>\n<meta property=\"article:modified_time\" content=\"2020-12-10T20:55:44+00:00\" \/>\n<meta property=\"og:image\" content=\"https:\/\/rosmarinchenskraeuterzauberey.de\/wp-content\/uploads\/2020\/09\/DSC8271_kamille-1024x684.jpg\" \/>\n\t<meta property=\"og:image:width\" content=\"1024\" \/>\n\t<meta property=\"og:image:height\" content=\"684\" \/>\n\t<meta property=\"og:image:type\" content=\"image\/jpeg\" \/>\n<meta name=\"twitter:card\" content=\"summary_large_image\" \/>\n<meta name=\"twitter:label1\" content=\"Gesch\u00e4tzte Lesezeit\" \/>\n\t<meta name=\"twitter:data1\" content=\"1\u00a0Minute\" \/>\n<script type=\"application\/ld+json\" class=\"yoast-schema-graph\">{\"@context\":\"https:\/\/schema.org\",\"@graph\":[{\"@type\":\"WebSite\",\"@id\":\"https:\/\/rosmarinchenskraeuterzauberey.de\/#website\",\"url\":\"https:\/\/rosmarinchenskraeuterzauberey.de\/\",\"name\":\"Rosmarinchens Kraeuterzauberey\",\"description\":\"R\u00e4uchermischungen &amp; R\u00e4ucherzubeh\u00f6r kaufen\",\"potentialAction\":[{\"@type\":\"SearchAction\",\"target\":{\"@type\":\"EntryPoint\",\"urlTemplate\":\"https:\/\/rosmarinchenskraeuterzauberey.de\/?s={search_term_string}\"},\"query-input\":\"required name=search_term_string\"}],\"inLanguage\":\"de\"},{\"@type\":\"ImageObject\",\"@id\":\"https:\/\/rosmarinchenskraeuterzauberey.de\/?product=kamillenblueten#primaryimage\",\"inLanguage\":\"de\",\"url\":\"https:\/\/rosmarinchenskraeuterzauberey.de\/wp-content\/uploads\/2020\/09\/DSC8271_kamille.jpg\",\"contentUrl\":\"https:\/\/rosmarinchenskraeuterzauberey.de\/wp-content\/uploads\/2020\/09\/DSC8271_kamille.jpg\",\"width\":2000,\"height\":1335},{\"@type\":\"WebPage\",\"@id\":\"https:\/\/rosmarinchenskraeuterzauberey.de\/?product=kamillenblueten#webpage\",\"url\":\"https:\/\/rosmarinchenskraeuterzauberey.de\/?product=kamillenblueten\",\"name\":\"Kamillenbl\u00fcten - Rosmarinchens Kraeuterzauberey\",\"isPartOf\":{\"@id\":\"https:\/\/rosmarinchenskraeuterzauberey.de\/#website\"},\"primaryImageOfPage\":{\"@id\":\"https:\/\/rosmarinchenskraeuterzauberey.de\/?product=kamillenblueten#primaryimage\"},\"datePublished\":\"2020-12-05T23:41:19+00:00\",\"dateModified\":\"2020-12-10T20:55:44+00:00\",\"breadcrumb\":{\"@id\":\"https:\/\/rosmarinchenskraeuterzauberey.de\/?product=kamillenblueten#breadcrumb\"},\"inLanguage\":\"de\",\"potentialAction\":[{\"@type\":\"ReadAction\",\"target\":[\"https:\/\/rosmarinchenskraeuterzauberey.de\/?product=kamillenblueten\"]}]},{\"@type\":\"BreadcrumbList\",\"@id\":\"https:\/\/rosmarinchenskraeuterzauberey.de\/?product=kamillenblueten#breadcrumb\",\"itemListElement\":[{\"@type\":\"ListItem\",\"position\":1,\"name\":\"Home\",\"item\":\"https:\/\/rosmarinchenskraeuterzauberey.de\/\"},{\"@type\":\"ListItem\",\"position\":2,\"name\":\"Shop\",\"item\":\"https:\/\/rosmarinchenskraeuterzauberey.de\/?page_id=7\"},{\"@type\":\"ListItem\",\"position\":3,\"name\":\"Kamillenbl\u00fcten\"}]}]}<\/script>\n<!-- \/ Yoast SEO plugin. -->","yoast_head_json":{"title":"Kamillenbl\u00fcten - Rosmarinchens Kraeuterzauberey","robots":{"index":"index","follow":"follow","max-snippet":"max-snippet:-1","max-image-preview":"max-image-preview:large","max-video-preview":"max-video-preview:-1"},"canonical":"https:\/\/rosmarinchenskraeuterzauberey.de\/?product=kamillenblueten","og_locale":"de_DE","og_type":"article","og_title":"Kamillenbl\u00fcten - Rosmarinchens Kraeuterzauberey","og_description":"Beschreibung: Kamille (matricaria chamomilla recutita) Andere Namen: Altm\u00fctterkraut, Carmelina, Kamelblumen,\u00a0 Krottenkraut, K\u00fchmelle, Magdblum, M\u00e4gdeblume oder Mutterkraut Die Kamille gilt als Heil- und Schutzpflanze. In den Kr\u00e4uterbuschen die zu Maria Himmelfahrt gebunden werden, darf sie nicht fehlen. Sie dient(e) wie die anderen Kr\u00e4uter zum Schutz und zur Hausapotheke. Auch in den Rauhn\u00e4chten findet sie Verwendung. Verwendung&hellip;&nbsp;Weiterlesen &raquo;Kamillenbl\u00fcten","og_url":"https:\/\/rosmarinchenskraeuterzauberey.de\/?product=kamillenblueten","og_site_name":"Rosmarinchens Kraeuterzauberey","article_modified_time":"2020-12-10T20:55:44+00:00","og_image":[{"width":1024,"height":684,"url":"https:\/\/rosmarinchenskraeuterzauberey.de\/wp-content\/uploads\/2020\/09\/DSC8271_kamille-1024x684.jpg","type":"image\/jpeg"}],"twitter_card":"summary_large_image","twitter_misc":{"Gesch\u00e4tzte Lesezeit":"1\u00a0Minute"},"schema":{"@context":"https:\/\/schema.org","@graph":[{"@type":"WebSite","@id":"https:\/\/rosmarinchenskraeuterzauberey.de\/#website","url":"https:\/\/rosmarinchenskraeuterzauberey.de\/","name":"Rosmarinchens Kraeuterzauberey","description":"R\u00e4uchermischungen &amp; R\u00e4ucherzubeh\u00f6r kaufen","potentialAction":[{"@type":"SearchAction","target":{"@type":"EntryPoint","urlTemplate":"https:\/\/rosmarinchenskraeuterzauberey.de\/?s={search_term_string}"},"query-input":"required name=search_term_string"}],"inLanguage":"de"},{"@type":"ImageObject","@id":"https:\/\/rosmarinchenskraeuterzauberey.de\/?product=kamillenblueten#primaryimage","inLanguage":"de","url":"https:\/\/rosmarinchenskraeuterzauberey.de\/wp-content\/uploads\/2020\/09\/DSC8271_kamille.jpg","contentUrl":"https:\/\/rosmarinchenskraeuterzauberey.de\/wp-content\/uploads\/2020\/09\/DSC8271_kamille.jpg","width":2000,"height":1335},{"@type":"WebPage","@id":"https:\/\/rosmarinchenskraeuterzauberey.de\/?product=kamillenblueten#webpage","url":"https:\/\/rosmarinchenskraeuterzauberey.de\/?product=kamillenblueten","name":"Kamillenbl\u00fcten - Rosmarinchens Kraeuterzauberey","isPartOf":{"@id":"https:\/\/rosmarinchenskraeuterzauberey.de\/#website"},"primaryImageOfPage":{"@id":"https:\/\/rosmarinchenskraeuterzauberey.de\/?product=kamillenblueten#primaryimage"},"datePublished":"2020-12-05T23:41:19+00:00","dateModified":"2020-12-10T20:55:44+00:00","breadcrumb":{"@id":"https:\/\/rosmarinchenskraeuterzauberey.de\/?product=kamillenblueten#breadcrumb"},"inLanguage":"de","potentialAction":[{"@type":"ReadAction","target":["https:\/\/rosmarinchenskraeuterzauberey.de\/?product=kamillenblueten"]}]},{"@type":"BreadcrumbList","@id":"https:\/\/rosmarinchenskraeuterzauberey.de\/?product=kamillenblueten#breadcrumb","itemListElement":[{"@type":"ListItem","position":1,"name":"Home","item":"https:\/\/rosmarinchenskraeuterzauberey.de\/"},{"@type":"ListItem","position":2,"name":"Shop","item":"https:\/\/rosmarinchenskraeuterzauberey.de\/?page_id=7"},{"@type":"ListItem","position":3,"name":"Kamillenbl\u00fcten"}]}]}},"_links":{"self":[{"href":"https:\/\/rosmarinchenskraeuterzauberey.de\/index.php?rest_route=\/wp\/v2\/product\/342"}],"collection":[{"href":"https:\/\/rosmarinchenskraeuterzauberey.de\/index.php?rest_route=\/wp\/v2\/product"}],"about":[{"href":"https:\/\/rosmarinchenskraeuterzauberey.de\/index.php?rest_route=\/wp\/v2\/types\/product"}],"replies":[{"embeddable":true,"href":"https:\/\/rosmarinchenskraeuterzauberey.de\/index.php?rest_route=%2Fwp%2Fv2%2Fcomments&post=342"}],"wp:featuredmedia":[{"embeddable":true,"href":"https:\/\/rosmarinchenskraeuterzauberey.de\/index.php?rest_route=\/wp\/v2\/media\/162"}],"wp:attachment":[{"href":"https:\/\/rosmarinchenskraeuterzauberey.de\/index.php?rest_route=%2Fwp%2Fv2%2Fmedia&parent=342"}],"wp:term":[{"taxonomy":"product_cat","embeddable":true,"href":"https:\/\/rosmarinchenskraeuterzauberey.de\/index.php?rest_route=%2Fwp%2Fv2%2Fproduct_cat&post=342"},{"taxonomy":"product_tag","embeddable":true,"href":"https:\/\/rosmarinchenskraeuterzauberey.de\/index.php?rest_route=%2Fwp%2Fv2%2Fproduct_tag&post=342"}],"curies":[{"name":"wp","href":"https:\/\/api.w.org\/{rel}","templated":true}]}}