{"id":348,"date":"2020-12-06T16:45:22","date_gmt":"2020-12-06T16:45:22","guid":{"rendered":"https:\/\/rosmarinchenskraeuterzauberey.de\/?post_type=product&#038;p=348"},"modified":"2020-12-10T20:48:27","modified_gmt":"2020-12-10T20:48:27","slug":"apfel-getrocknet","status":"publish","type":"product","link":"https:\/\/rosmarinchenskraeuterzauberey.de\/?product=apfel-getrocknet","title":{"rendered":"Apfel getrocknet"},"content":{"rendered":"<p><strong>Beschreibung:<\/strong><br \/>\nApfel ( Malus)<\/p>\n<p><strong>Verwendung und Wirkung:<\/strong><br \/>\nDer Apfel steht f\u00fcr Fruchtbarkeit, Liebe und f\u00fcr Zauber ( quer aufgeschnitten, kommt das Pentagramm zu Vorschein).<br \/>\nR\u00e4ucherungen mit Apfel \u00f6ffnen das Herz.<br \/>\nNehmen den Blick von \u00c4u\u00dferlichkeiten.<br \/>\nUnterst\u00fctzen das Selbstvertrauen.<br \/>\nEr vertreibt M\u00fcdigkeit und hebt die Stimmung<\/p>\n<p><strong>Duft:<\/strong><br \/>\ns\u00fc\u00df, warm, typischer Bratapfelgeruch<\/p>\n<p><strong>Anwendung:<\/strong><br \/>\nZu r\u00e4uchern auf Kohle oder St\u00f6vchen, einzeln oder als Mischung<\/p>\n<p><strong>Verpackung:<\/strong><br \/>\nDas R\u00e4ucherwerk wird im Aromaschutzbeutel versandt<\/p>\n<p><strong>Wichtiger Hinweis:<\/strong><br \/>\nDie R\u00e4ucherstoffe sind\/ ersetzen keine Heil-und\u00a0 Arzneimittel<br \/>\nR\u00e4ucherwerk ist von Kindern fernzuhalten<\/p>\n","protected":false},"excerpt":{"rendered":"<p>Beschreibung: Apfel ( Malus) Verwendung und Wirkung: Der Apfel steht f\u00fcr Fruchtbarkeit, Liebe und f\u00fcr Zauber ( quer aufgeschnitten, kommt das Pentagramm zu Vorschein). R\u00e4ucherungen mit Apfel \u00f6ffnen das Herz. Nehmen den Blick von \u00c4u\u00dferlichkeiten. Unterst\u00fctzen das Selbstvertrauen. Er vertreibt M\u00fcdigkeit und hebt die Stimmung Duft: s\u00fc\u00df, warm, typischer Bratapfelgeruch Anwendung: Zu r\u00e4uchern auf Kohle&hellip;&nbsp;<a href=\"https:\/\/rosmarinchenskraeuterzauberey.de\/?product=apfel-getrocknet\" class=\"\" rel=\"bookmark\">Weiterlesen &raquo;<span class=\"screen-reader-text\">Apfel getrocknet<\/span><\/a><\/p>\n","protected":false},"featured_media":171,"comment_status":"open","ping_status":"closed","template":"","meta":{"neve_meta_sidebar":"","neve_meta_container":"","neve_meta_enable_content_width":"off","neve_meta_content_width":0,"neve_meta_title_alignment":"","neve_meta_author_avatar":"","neve_post_elements_order":"","neve_meta_disable_header":"","neve_meta_disable_footer":"","neve_meta_disable_title":"","_themeisle_gutenberg_block_has_review":false,"_ti_tpc_template_sync":false,"_ti_tpc_template_id":""},"product_cat":[53],"product_tag":[],"yoast_head":"<!-- This site is optimized with the Yoast SEO plugin v18.5.1 - https:\/\/yoast.com\/wordpress\/plugins\/seo\/ -->\n<title>Apfel getrocknet - Rosmarinchens Kraeuterzauberey<\/title>\n<meta name=\"robots\" content=\"index, follow, max-snippet:-1, max-image-preview:large, max-video-preview:-1\" \/>\n<link rel=\"canonical\" href=\"https:\/\/rosmarinchenskraeuterzauberey.de\/?product=apfel-getrocknet\" \/>\n<meta property=\"og:locale\" content=\"de_DE\" \/>\n<meta property=\"og:type\" content=\"article\" \/>\n<meta property=\"og:title\" content=\"Apfel getrocknet - Rosmarinchens Kraeuterzauberey\" \/>\n<meta property=\"og:description\" content=\"Beschreibung: Apfel ( Malus) Verwendung und Wirkung: Der Apfel steht f\u00fcr Fruchtbarkeit, Liebe und f\u00fcr Zauber ( quer aufgeschnitten, kommt das Pentagramm zu Vorschein). R\u00e4ucherungen mit Apfel \u00f6ffnen das Herz. Nehmen den Blick von \u00c4u\u00dferlichkeiten. Unterst\u00fctzen das Selbstvertrauen. Er vertreibt M\u00fcdigkeit und hebt die Stimmung Duft: s\u00fc\u00df, warm, typischer Bratapfelgeruch Anwendung: Zu r\u00e4uchern auf Kohle&hellip;&nbsp;Weiterlesen &raquo;Apfel getrocknet\" \/>\n<meta property=\"og:url\" content=\"https:\/\/rosmarinchenskraeuterzauberey.de\/?product=apfel-getrocknet\" \/>\n<meta property=\"og:site_name\" content=\"Rosmarinchens Kraeuterzauberey\" \/>\n<meta property=\"article:modified_time\" content=\"2020-12-10T20:48:27+00:00\" \/>\n<meta property=\"og:image\" content=\"https:\/\/rosmarinchenskraeuterzauberey.de\/wp-content\/uploads\/2020\/09\/DSC8322_apfel.jpg\" \/>\n\t<meta property=\"og:image:width\" content=\"2000\" \/>\n\t<meta property=\"og:image:height\" content=\"1335\" \/>\n\t<meta property=\"og:image:type\" content=\"image\/jpeg\" \/>\n<meta name=\"twitter:card\" content=\"summary_large_image\" \/>\n<script type=\"application\/ld+json\" class=\"yoast-schema-graph\">{\"@context\":\"https:\/\/schema.org\",\"@graph\":[{\"@type\":\"WebSite\",\"@id\":\"https:\/\/rosmarinchenskraeuterzauberey.de\/#website\",\"url\":\"https:\/\/rosmarinchenskraeuterzauberey.de\/\",\"name\":\"Rosmarinchens Kraeuterzauberey\",\"description\":\"R\u00e4uchermischungen &amp; R\u00e4ucherzubeh\u00f6r kaufen\",\"potentialAction\":[{\"@type\":\"SearchAction\",\"target\":{\"@type\":\"EntryPoint\",\"urlTemplate\":\"https:\/\/rosmarinchenskraeuterzauberey.de\/?s={search_term_string}\"},\"query-input\":\"required name=search_term_string\"}],\"inLanguage\":\"de\"},{\"@type\":\"ImageObject\",\"@id\":\"https:\/\/rosmarinchenskraeuterzauberey.de\/?product=apfel-getrocknet#primaryimage\",\"inLanguage\":\"de\",\"url\":\"https:\/\/rosmarinchenskraeuterzauberey.de\/wp-content\/uploads\/2020\/09\/DSC8322_apfel.jpg\",\"contentUrl\":\"https:\/\/rosmarinchenskraeuterzauberey.de\/wp-content\/uploads\/2020\/09\/DSC8322_apfel.jpg\",\"width\":2000,\"height\":1335},{\"@type\":\"WebPage\",\"@id\":\"https:\/\/rosmarinchenskraeuterzauberey.de\/?product=apfel-getrocknet#webpage\",\"url\":\"https:\/\/rosmarinchenskraeuterzauberey.de\/?product=apfel-getrocknet\",\"name\":\"Apfel getrocknet - Rosmarinchens Kraeuterzauberey\",\"isPartOf\":{\"@id\":\"https:\/\/rosmarinchenskraeuterzauberey.de\/#website\"},\"primaryImageOfPage\":{\"@id\":\"https:\/\/rosmarinchenskraeuterzauberey.de\/?product=apfel-getrocknet#primaryimage\"},\"datePublished\":\"2020-12-06T16:45:22+00:00\",\"dateModified\":\"2020-12-10T20:48:27+00:00\",\"breadcrumb\":{\"@id\":\"https:\/\/rosmarinchenskraeuterzauberey.de\/?product=apfel-getrocknet#breadcrumb\"},\"inLanguage\":\"de\",\"potentialAction\":[{\"@type\":\"ReadAction\",\"target\":[\"https:\/\/rosmarinchenskraeuterzauberey.de\/?product=apfel-getrocknet\"]}]},{\"@type\":\"BreadcrumbList\",\"@id\":\"https:\/\/rosmarinchenskraeuterzauberey.de\/?product=apfel-getrocknet#breadcrumb\",\"itemListElement\":[{\"@type\":\"ListItem\",\"position\":1,\"name\":\"Home\",\"item\":\"https:\/\/rosmarinchenskraeuterzauberey.de\/\"},{\"@type\":\"ListItem\",\"position\":2,\"name\":\"Shop\",\"item\":\"https:\/\/rosmarinchenskraeuterzauberey.de\/?page_id=7\"},{\"@type\":\"ListItem\",\"position\":3,\"name\":\"Apfel getrocknet\"}]}]}<\/script>\n<!-- \/ Yoast SEO plugin. -->","yoast_head_json":{"title":"Apfel getrocknet - Rosmarinchens Kraeuterzauberey","robots":{"index":"index","follow":"follow","max-snippet":"max-snippet:-1","max-image-preview":"max-image-preview:large","max-video-preview":"max-video-preview:-1"},"canonical":"https:\/\/rosmarinchenskraeuterzauberey.de\/?product=apfel-getrocknet","og_locale":"de_DE","og_type":"article","og_title":"Apfel getrocknet - Rosmarinchens Kraeuterzauberey","og_description":"Beschreibung: Apfel ( Malus) Verwendung und Wirkung: Der Apfel steht f\u00fcr Fruchtbarkeit, Liebe und f\u00fcr Zauber ( quer aufgeschnitten, kommt das Pentagramm zu Vorschein). R\u00e4ucherungen mit Apfel \u00f6ffnen das Herz. Nehmen den Blick von \u00c4u\u00dferlichkeiten. Unterst\u00fctzen das Selbstvertrauen. Er vertreibt M\u00fcdigkeit und hebt die Stimmung Duft: s\u00fc\u00df, warm, typischer Bratapfelgeruch Anwendung: Zu r\u00e4uchern auf Kohle&hellip;&nbsp;Weiterlesen &raquo;Apfel getrocknet","og_url":"https:\/\/rosmarinchenskraeuterzauberey.de\/?product=apfel-getrocknet","og_site_name":"Rosmarinchens Kraeuterzauberey","article_modified_time":"2020-12-10T20:48:27+00:00","og_image":[{"width":2000,"height":1335,"url":"https:\/\/rosmarinchenskraeuterzauberey.de\/wp-content\/uploads\/2020\/09\/DSC8322_apfel.jpg","type":"image\/jpeg"}],"twitter_card":"summary_large_image","schema":{"@context":"https:\/\/schema.org","@graph":[{"@type":"WebSite","@id":"https:\/\/rosmarinchenskraeuterzauberey.de\/#website","url":"https:\/\/rosmarinchenskraeuterzauberey.de\/","name":"Rosmarinchens Kraeuterzauberey","description":"R\u00e4uchermischungen &amp; R\u00e4ucherzubeh\u00f6r kaufen","potentialAction":[{"@type":"SearchAction","target":{"@type":"EntryPoint","urlTemplate":"https:\/\/rosmarinchenskraeuterzauberey.de\/?s={search_term_string}"},"query-input":"required name=search_term_string"}],"inLanguage":"de"},{"@type":"ImageObject","@id":"https:\/\/rosmarinchenskraeuterzauberey.de\/?product=apfel-getrocknet#primaryimage","inLanguage":"de","url":"https:\/\/rosmarinchenskraeuterzauberey.de\/wp-content\/uploads\/2020\/09\/DSC8322_apfel.jpg","contentUrl":"https:\/\/rosmarinchenskraeuterzauberey.de\/wp-content\/uploads\/2020\/09\/DSC8322_apfel.jpg","width":2000,"height":1335},{"@type":"WebPage","@id":"https:\/\/rosmarinchenskraeuterzauberey.de\/?product=apfel-getrocknet#webpage","url":"https:\/\/rosmarinchenskraeuterzauberey.de\/?product=apfel-getrocknet","name":"Apfel getrocknet - Rosmarinchens Kraeuterzauberey","isPartOf":{"@id":"https:\/\/rosmarinchenskraeuterzauberey.de\/#website"},"primaryImageOfPage":{"@id":"https:\/\/rosmarinchenskraeuterzauberey.de\/?product=apfel-getrocknet#primaryimage"},"datePublished":"2020-12-06T16:45:22+00:00","dateModified":"2020-12-10T20:48:27+00:00","breadcrumb":{"@id":"https:\/\/rosmarinchenskraeuterzauberey.de\/?product=apfel-getrocknet#breadcrumb"},"inLanguage":"de","potentialAction":[{"@type":"ReadAction","target":["https:\/\/rosmarinchenskraeuterzauberey.de\/?product=apfel-getrocknet"]}]},{"@type":"BreadcrumbList","@id":"https:\/\/rosmarinchenskraeuterzauberey.de\/?product=apfel-getrocknet#breadcrumb","itemListElement":[{"@type":"ListItem","position":1,"name":"Home","item":"https:\/\/rosmarinchenskraeuterzauberey.de\/"},{"@type":"ListItem","position":2,"name":"Shop","item":"https:\/\/rosmarinchenskraeuterzauberey.de\/?page_id=7"},{"@type":"ListItem","position":3,"name":"Apfel getrocknet"}]}]}},"_links":{"self":[{"href":"https:\/\/rosmarinchenskraeuterzauberey.de\/index.php?rest_route=\/wp\/v2\/product\/348"}],"collection":[{"href":"https:\/\/rosmarinchenskraeuterzauberey.de\/index.php?rest_route=\/wp\/v2\/product"}],"about":[{"href":"https:\/\/rosmarinchenskraeuterzauberey.de\/index.php?rest_route=\/wp\/v2\/types\/product"}],"replies":[{"embeddable":true,"href":"https:\/\/rosmarinchenskraeuterzauberey.de\/index.php?rest_route=%2Fwp%2Fv2%2Fcomments&post=348"}],"wp:featuredmedia":[{"embeddable":true,"href":"https:\/\/rosmarinchenskraeuterzauberey.de\/index.php?rest_route=\/wp\/v2\/media\/171"}],"wp:attachment":[{"href":"https:\/\/rosmarinchenskraeuterzauberey.de\/index.php?rest_route=%2Fwp%2Fv2%2Fmedia&parent=348"}],"wp:term":[{"taxonomy":"product_cat","embeddable":true,"href":"https:\/\/rosmarinchenskraeuterzauberey.de\/index.php?rest_route=%2Fwp%2Fv2%2Fproduct_cat&post=348"},{"taxonomy":"product_tag","embeddable":true,"href":"https:\/\/rosmarinchenskraeuterzauberey.de\/index.php?rest_route=%2Fwp%2Fv2%2Fproduct_tag&post=348"}],"curies":[{"name":"wp","href":"https:\/\/api.w.org\/{rel}","templated":true}]}}