{"id":350,"date":"2020-12-05T11:01:32","date_gmt":"2020-12-05T11:01:32","guid":{"rendered":"https:\/\/rosmarinchenskraeuterzauberey.de\/?post_type=product&#038;p=350"},"modified":"2020-12-09T18:41:04","modified_gmt":"2020-12-09T18:41:04","slug":"waldmeister","status":"publish","type":"product","link":"https:\/\/rosmarinchenskraeuterzauberey.de\/?product=waldmeister","title":{"rendered":"Waldmeister"},"content":{"rendered":"<p><strong>Beschreibung:<\/strong><br \/>\nWaldmeister (galium odoratum)<br \/>\nWeitere Namen: Duftlabkraut, Gliedkraut, Halskr\u00e4utlein, Herzfreund, Leberkraut, Maiblume, Maichrut, M\u00f6sch, , Tabakskraut, Teekraut, Waldtee<\/p>\n<p><strong>Verwendung und Wirkung:<\/strong><br \/>\nEin Schutzkraut.<br \/>\nBei sich getragen hilft es zu entspannen und sch\u00fctzt vor negativen Einfl\u00fcssen.<br \/>\nAuch als Duftkissen bietet es eine beruhigende und krampfl\u00f6sende Wirkung.<br \/>\nZum Schutz gegen negative Einfl\u00fcsse \/ b\u00f6se Geister legte man gerne ein B\u00fcndel unters das Kinderbett.<br \/>\nMan sagt es befl\u00fcgelt und entspannt K\u00f6rper und Geist, daher wurde es fr\u00fcher auch verr\u00e4uchert wenn die Niederkunft anstand.<br \/>\nWaldmeister war durch seine beruhigende und entspannende Wirkung auch Beigabe im Bier bei den Germanen.<\/p>\n<p><strong>Duft:<\/strong><br \/>\nangenehm s\u00fc\u00dflich ,waldig<\/p>\n<p><strong>Anwendung:<\/strong><br \/>\nZu r\u00e4uchern auf Kohle oder St\u00f6vchen, einzeln oder als Mischung.<\/p>\n<p><strong>Verpackung:<\/strong><br \/>\nDie R\u00e4ucherwerk wird in Aromaschutzbeutel versandt.<\/p>\n<p><strong>Wichtiger Hinweis:<\/strong><br \/>\nDie R\u00e4ucherstoffe sind\/ ersetzen keine Heil- und Arzneimittel.<br \/>\nR\u00e4ucherwerk ist von Kindern und Tieren fernzuhalten.<\/p>\n","protected":false},"excerpt":{"rendered":"<p>Beschreibung: Waldmeister (galium odoratum) Weitere Namen: Duftlabkraut, Gliedkraut, Halskr\u00e4utlein, Herzfreund, Leberkraut, Maiblume, Maichrut, M\u00f6sch, , Tabakskraut, Teekraut, Waldtee Verwendung und Wirkung: Ein Schutzkraut. Bei sich getragen hilft es zu entspannen und sch\u00fctzt vor negativen Einfl\u00fcssen. Auch als Duftkissen bietet es eine beruhigende und krampfl\u00f6sende Wirkung. Zum Schutz gegen negative Einfl\u00fcsse \/ b\u00f6se Geister legte man&hellip;&nbsp;<a href=\"https:\/\/rosmarinchenskraeuterzauberey.de\/?product=waldmeister\" class=\"\" rel=\"bookmark\">Weiterlesen &raquo;<span class=\"screen-reader-text\">Waldmeister<\/span><\/a><\/p>\n","protected":false},"featured_media":175,"comment_status":"open","ping_status":"closed","template":"","meta":{"neve_meta_sidebar":"","neve_meta_container":"","neve_meta_enable_content_width":"off","neve_meta_content_width":0,"neve_meta_title_alignment":"","neve_meta_author_avatar":"","neve_post_elements_order":"","neve_meta_disable_header":"","neve_meta_disable_footer":"","neve_meta_disable_title":"","_themeisle_gutenberg_block_has_review":false,"_ti_tpc_template_sync":false,"_ti_tpc_template_id":""},"product_cat":[35],"product_tag":[],"yoast_head":"<!-- This site is optimized with the Yoast SEO plugin v18.5.1 - https:\/\/yoast.com\/wordpress\/plugins\/seo\/ -->\n<title>Waldmeister - Rosmarinchens Kraeuterzauberey<\/title>\n<meta name=\"robots\" content=\"index, follow, max-snippet:-1, max-image-preview:large, max-video-preview:-1\" \/>\n<link rel=\"canonical\" href=\"https:\/\/rosmarinchenskraeuterzauberey.de\/?product=waldmeister\" \/>\n<meta property=\"og:locale\" content=\"de_DE\" \/>\n<meta property=\"og:type\" content=\"article\" \/>\n<meta property=\"og:title\" content=\"Waldmeister - Rosmarinchens Kraeuterzauberey\" \/>\n<meta property=\"og:description\" content=\"Beschreibung: Waldmeister (galium odoratum) Weitere Namen: Duftlabkraut, Gliedkraut, Halskr\u00e4utlein, Herzfreund, Leberkraut, Maiblume, Maichrut, M\u00f6sch, , Tabakskraut, Teekraut, Waldtee Verwendung und Wirkung: Ein Schutzkraut. Bei sich getragen hilft es zu entspannen und sch\u00fctzt vor negativen Einfl\u00fcssen. Auch als Duftkissen bietet es eine beruhigende und krampfl\u00f6sende Wirkung. Zum Schutz gegen negative Einfl\u00fcsse \/ b\u00f6se Geister legte man&hellip;&nbsp;Weiterlesen &raquo;Waldmeister\" \/>\n<meta property=\"og:url\" content=\"https:\/\/rosmarinchenskraeuterzauberey.de\/?product=waldmeister\" \/>\n<meta property=\"og:site_name\" content=\"Rosmarinchens Kraeuterzauberey\" \/>\n<meta property=\"article:modified_time\" content=\"2020-12-09T18:41:04+00:00\" \/>\n<meta property=\"og:image\" content=\"https:\/\/rosmarinchenskraeuterzauberey.de\/wp-content\/uploads\/2020\/09\/DSC8364_waldmeister.jpg\" \/>\n\t<meta property=\"og:image:width\" content=\"2000\" \/>\n\t<meta property=\"og:image:height\" content=\"1335\" \/>\n\t<meta property=\"og:image:type\" content=\"image\/jpeg\" \/>\n<meta name=\"twitter:card\" content=\"summary_large_image\" \/>\n<meta name=\"twitter:label1\" content=\"Gesch\u00e4tzte Lesezeit\" \/>\n\t<meta name=\"twitter:data1\" content=\"1\u00a0Minute\" \/>\n<script type=\"application\/ld+json\" class=\"yoast-schema-graph\">{\"@context\":\"https:\/\/schema.org\",\"@graph\":[{\"@type\":\"WebSite\",\"@id\":\"https:\/\/rosmarinchenskraeuterzauberey.de\/#website\",\"url\":\"https:\/\/rosmarinchenskraeuterzauberey.de\/\",\"name\":\"Rosmarinchens Kraeuterzauberey\",\"description\":\"R\u00e4uchermischungen &amp; R\u00e4ucherzubeh\u00f6r kaufen\",\"potentialAction\":[{\"@type\":\"SearchAction\",\"target\":{\"@type\":\"EntryPoint\",\"urlTemplate\":\"https:\/\/rosmarinchenskraeuterzauberey.de\/?s={search_term_string}\"},\"query-input\":\"required name=search_term_string\"}],\"inLanguage\":\"de\"},{\"@type\":\"ImageObject\",\"@id\":\"https:\/\/rosmarinchenskraeuterzauberey.de\/?product=waldmeister#primaryimage\",\"inLanguage\":\"de\",\"url\":\"https:\/\/rosmarinchenskraeuterzauberey.de\/wp-content\/uploads\/2020\/09\/DSC8364_waldmeister.jpg\",\"contentUrl\":\"https:\/\/rosmarinchenskraeuterzauberey.de\/wp-content\/uploads\/2020\/09\/DSC8364_waldmeister.jpg\",\"width\":2000,\"height\":1335},{\"@type\":\"WebPage\",\"@id\":\"https:\/\/rosmarinchenskraeuterzauberey.de\/?product=waldmeister#webpage\",\"url\":\"https:\/\/rosmarinchenskraeuterzauberey.de\/?product=waldmeister\",\"name\":\"Waldmeister - Rosmarinchens Kraeuterzauberey\",\"isPartOf\":{\"@id\":\"https:\/\/rosmarinchenskraeuterzauberey.de\/#website\"},\"primaryImageOfPage\":{\"@id\":\"https:\/\/rosmarinchenskraeuterzauberey.de\/?product=waldmeister#primaryimage\"},\"datePublished\":\"2020-12-05T11:01:32+00:00\",\"dateModified\":\"2020-12-09T18:41:04+00:00\",\"breadcrumb\":{\"@id\":\"https:\/\/rosmarinchenskraeuterzauberey.de\/?product=waldmeister#breadcrumb\"},\"inLanguage\":\"de\",\"potentialAction\":[{\"@type\":\"ReadAction\",\"target\":[\"https:\/\/rosmarinchenskraeuterzauberey.de\/?product=waldmeister\"]}]},{\"@type\":\"BreadcrumbList\",\"@id\":\"https:\/\/rosmarinchenskraeuterzauberey.de\/?product=waldmeister#breadcrumb\",\"itemListElement\":[{\"@type\":\"ListItem\",\"position\":1,\"name\":\"Home\",\"item\":\"https:\/\/rosmarinchenskraeuterzauberey.de\/\"},{\"@type\":\"ListItem\",\"position\":2,\"name\":\"Shop\",\"item\":\"https:\/\/rosmarinchenskraeuterzauberey.de\/?page_id=7\"},{\"@type\":\"ListItem\",\"position\":3,\"name\":\"Waldmeister\"}]}]}<\/script>\n<!-- \/ Yoast SEO plugin. -->","yoast_head_json":{"title":"Waldmeister - Rosmarinchens Kraeuterzauberey","robots":{"index":"index","follow":"follow","max-snippet":"max-snippet:-1","max-image-preview":"max-image-preview:large","max-video-preview":"max-video-preview:-1"},"canonical":"https:\/\/rosmarinchenskraeuterzauberey.de\/?product=waldmeister","og_locale":"de_DE","og_type":"article","og_title":"Waldmeister - Rosmarinchens Kraeuterzauberey","og_description":"Beschreibung: Waldmeister (galium odoratum) Weitere Namen: Duftlabkraut, Gliedkraut, Halskr\u00e4utlein, Herzfreund, Leberkraut, Maiblume, Maichrut, M\u00f6sch, , Tabakskraut, Teekraut, Waldtee Verwendung und Wirkung: Ein Schutzkraut. Bei sich getragen hilft es zu entspannen und sch\u00fctzt vor negativen Einfl\u00fcssen. Auch als Duftkissen bietet es eine beruhigende und krampfl\u00f6sende Wirkung. Zum Schutz gegen negative Einfl\u00fcsse \/ b\u00f6se Geister legte man&hellip;&nbsp;Weiterlesen &raquo;Waldmeister","og_url":"https:\/\/rosmarinchenskraeuterzauberey.de\/?product=waldmeister","og_site_name":"Rosmarinchens Kraeuterzauberey","article_modified_time":"2020-12-09T18:41:04+00:00","og_image":[{"width":2000,"height":1335,"url":"https:\/\/rosmarinchenskraeuterzauberey.de\/wp-content\/uploads\/2020\/09\/DSC8364_waldmeister.jpg","type":"image\/jpeg"}],"twitter_card":"summary_large_image","twitter_misc":{"Gesch\u00e4tzte Lesezeit":"1\u00a0Minute"},"schema":{"@context":"https:\/\/schema.org","@graph":[{"@type":"WebSite","@id":"https:\/\/rosmarinchenskraeuterzauberey.de\/#website","url":"https:\/\/rosmarinchenskraeuterzauberey.de\/","name":"Rosmarinchens Kraeuterzauberey","description":"R\u00e4uchermischungen &amp; R\u00e4ucherzubeh\u00f6r kaufen","potentialAction":[{"@type":"SearchAction","target":{"@type":"EntryPoint","urlTemplate":"https:\/\/rosmarinchenskraeuterzauberey.de\/?s={search_term_string}"},"query-input":"required name=search_term_string"}],"inLanguage":"de"},{"@type":"ImageObject","@id":"https:\/\/rosmarinchenskraeuterzauberey.de\/?product=waldmeister#primaryimage","inLanguage":"de","url":"https:\/\/rosmarinchenskraeuterzauberey.de\/wp-content\/uploads\/2020\/09\/DSC8364_waldmeister.jpg","contentUrl":"https:\/\/rosmarinchenskraeuterzauberey.de\/wp-content\/uploads\/2020\/09\/DSC8364_waldmeister.jpg","width":2000,"height":1335},{"@type":"WebPage","@id":"https:\/\/rosmarinchenskraeuterzauberey.de\/?product=waldmeister#webpage","url":"https:\/\/rosmarinchenskraeuterzauberey.de\/?product=waldmeister","name":"Waldmeister - Rosmarinchens Kraeuterzauberey","isPartOf":{"@id":"https:\/\/rosmarinchenskraeuterzauberey.de\/#website"},"primaryImageOfPage":{"@id":"https:\/\/rosmarinchenskraeuterzauberey.de\/?product=waldmeister#primaryimage"},"datePublished":"2020-12-05T11:01:32+00:00","dateModified":"2020-12-09T18:41:04+00:00","breadcrumb":{"@id":"https:\/\/rosmarinchenskraeuterzauberey.de\/?product=waldmeister#breadcrumb"},"inLanguage":"de","potentialAction":[{"@type":"ReadAction","target":["https:\/\/rosmarinchenskraeuterzauberey.de\/?product=waldmeister"]}]},{"@type":"BreadcrumbList","@id":"https:\/\/rosmarinchenskraeuterzauberey.de\/?product=waldmeister#breadcrumb","itemListElement":[{"@type":"ListItem","position":1,"name":"Home","item":"https:\/\/rosmarinchenskraeuterzauberey.de\/"},{"@type":"ListItem","position":2,"name":"Shop","item":"https:\/\/rosmarinchenskraeuterzauberey.de\/?page_id=7"},{"@type":"ListItem","position":3,"name":"Waldmeister"}]}]}},"_links":{"self":[{"href":"https:\/\/rosmarinchenskraeuterzauberey.de\/index.php?rest_route=\/wp\/v2\/product\/350"}],"collection":[{"href":"https:\/\/rosmarinchenskraeuterzauberey.de\/index.php?rest_route=\/wp\/v2\/product"}],"about":[{"href":"https:\/\/rosmarinchenskraeuterzauberey.de\/index.php?rest_route=\/wp\/v2\/types\/product"}],"replies":[{"embeddable":true,"href":"https:\/\/rosmarinchenskraeuterzauberey.de\/index.php?rest_route=%2Fwp%2Fv2%2Fcomments&post=350"}],"wp:featuredmedia":[{"embeddable":true,"href":"https:\/\/rosmarinchenskraeuterzauberey.de\/index.php?rest_route=\/wp\/v2\/media\/175"}],"wp:attachment":[{"href":"https:\/\/rosmarinchenskraeuterzauberey.de\/index.php?rest_route=%2Fwp%2Fv2%2Fmedia&parent=350"}],"wp:term":[{"taxonomy":"product_cat","embeddable":true,"href":"https:\/\/rosmarinchenskraeuterzauberey.de\/index.php?rest_route=%2Fwp%2Fv2%2Fproduct_cat&post=350"},{"taxonomy":"product_tag","embeddable":true,"href":"https:\/\/rosmarinchenskraeuterzauberey.de\/index.php?rest_route=%2Fwp%2Fv2%2Fproduct_tag&post=350"}],"curies":[{"name":"wp","href":"https:\/\/api.w.org\/{rel}","templated":true}]}}