{"id":519,"date":"2020-12-10T20:18:40","date_gmt":"2020-12-10T20:18:40","guid":{"rendered":"https:\/\/rosmarinchenskraeuterzauberey.de\/?post_type=product&#038;p=519"},"modified":"2020-12-10T21:13:24","modified_gmt":"2020-12-10T21:13:24","slug":"reinigung","status":"publish","type":"product","link":"https:\/\/rosmarinchenskraeuterzauberey.de\/?product=reinigung","title":{"rendered":"Reinigung"},"content":{"rendered":"<p><strong>Beschreibung:<\/strong><\/p>\n<p>\u00dcberall wo wir uns aufhalten k\u00f6nnen sich Energien ansetzen.<br \/>\nManche kommen uneingeladen, werden *mitgebracht* vom Besuch, oder haften an uns von von diversen Begegnungen.<br \/>\nWer kennt es nicht, die Luft ist zum schneiden dick, schlechte Stimmung im B\u00fcro, zu Hause, Unbehaglichkeit an sich selbst?<br \/>\nZeit zu reinigen.<br \/>\nSo wie wir abwischen oder saugen, ist es auch wichtig, energetisch zu reinigen, damit unser Heim frei von st\u00f6renden Energien ist.<\/p>\n<p><strong>Inhaltsstoffe:<\/strong><br \/>\nWeihrauch, Myrte, Rosmarin, Bernstein, Wacholderbeeren, Lorbeerbl\u00e4tter, Kampfer, Nelke<\/p>\n<p><strong>Anwendung:<\/strong><br \/>\nZu r\u00e4uchern auf Kohle oder St\u00f6vchen, einzeln oder als Mischung<\/p>\n<p><strong>Verpackung:<\/strong><br \/>\nDas R\u00e4ucherwerk wird versiegelt im Glas versandt.<\/p>\n<p><strong>Wichtiger Hinweis:<\/strong><br \/>\nDie R\u00e4ucherstoffe sind\/ ersetzen keine Heil- und\u00a0Arzneimittel.<br \/>\nR\u00e4ucherwerk ist von Kindern und Tieren fernzuhalten.<\/p>\n","protected":false},"excerpt":{"rendered":"<p>Beschreibung: \u00dcberall wo wir uns aufhalten k\u00f6nnen sich Energien ansetzen. Manche kommen uneingeladen, werden *mitgebracht* vom Besuch, oder haften an uns von von diversen Begegnungen. Wer kennt es nicht, die Luft ist zum schneiden dick, schlechte Stimmung im B\u00fcro, zu Hause, Unbehaglichkeit an sich selbst? Zeit zu reinigen. So wie wir abwischen oder saugen, ist&hellip;&nbsp;<a href=\"https:\/\/rosmarinchenskraeuterzauberey.de\/?product=reinigung\" class=\"\" rel=\"bookmark\">Weiterlesen &raquo;<span class=\"screen-reader-text\">Reinigung<\/span><\/a><\/p>\n","protected":false},"featured_media":259,"comment_status":"open","ping_status":"closed","template":"","meta":{"neve_meta_sidebar":"","neve_meta_container":"","neve_meta_enable_content_width":"off","neve_meta_content_width":0,"neve_meta_title_alignment":"","neve_meta_author_avatar":"","neve_post_elements_order":"","neve_meta_disable_header":"","neve_meta_disable_footer":"","neve_meta_disable_title":"","_themeisle_gutenberg_block_has_review":false,"_ti_tpc_template_sync":false,"_ti_tpc_template_id":""},"product_cat":[32],"product_tag":[],"yoast_head":"<!-- This site is optimized with the Yoast SEO plugin v18.5.1 - https:\/\/yoast.com\/wordpress\/plugins\/seo\/ -->\n<title>Reinigung - Rosmarinchens Kraeuterzauberey<\/title>\n<meta name=\"robots\" content=\"index, follow, max-snippet:-1, max-image-preview:large, max-video-preview:-1\" \/>\n<link rel=\"canonical\" href=\"https:\/\/rosmarinchenskraeuterzauberey.de\/?product=reinigung\" \/>\n<meta property=\"og:locale\" content=\"de_DE\" \/>\n<meta property=\"og:type\" content=\"article\" \/>\n<meta property=\"og:title\" content=\"Reinigung - Rosmarinchens Kraeuterzauberey\" \/>\n<meta property=\"og:description\" content=\"Beschreibung: \u00dcberall wo wir uns aufhalten k\u00f6nnen sich Energien ansetzen. Manche kommen uneingeladen, werden *mitgebracht* vom Besuch, oder haften an uns von von diversen Begegnungen. Wer kennt es nicht, die Luft ist zum schneiden dick, schlechte Stimmung im B\u00fcro, zu Hause, Unbehaglichkeit an sich selbst? Zeit zu reinigen. So wie wir abwischen oder saugen, ist&hellip;&nbsp;Weiterlesen &raquo;Reinigung\" \/>\n<meta property=\"og:url\" content=\"https:\/\/rosmarinchenskraeuterzauberey.de\/?product=reinigung\" \/>\n<meta property=\"og:site_name\" content=\"Rosmarinchens Kraeuterzauberey\" \/>\n<meta property=\"article:modified_time\" content=\"2020-12-10T21:13:24+00:00\" \/>\n<meta property=\"og:image\" content=\"https:\/\/rosmarinchenskraeuterzauberey.de\/wp-content\/uploads\/2020\/11\/DSC8565_reinigung.jpg\" \/>\n\t<meta property=\"og:image:width\" content=\"2000\" \/>\n\t<meta property=\"og:image:height\" content=\"1335\" \/>\n\t<meta property=\"og:image:type\" content=\"image\/jpeg\" \/>\n<meta name=\"twitter:card\" content=\"summary_large_image\" \/>\n<meta name=\"twitter:label1\" content=\"Gesch\u00e4tzte Lesezeit\" \/>\n\t<meta name=\"twitter:data1\" content=\"1\u00a0Minute\" \/>\n<script type=\"application\/ld+json\" class=\"yoast-schema-graph\">{\"@context\":\"https:\/\/schema.org\",\"@graph\":[{\"@type\":\"WebSite\",\"@id\":\"https:\/\/rosmarinchenskraeuterzauberey.de\/#website\",\"url\":\"https:\/\/rosmarinchenskraeuterzauberey.de\/\",\"name\":\"Rosmarinchens Kraeuterzauberey\",\"description\":\"R\u00e4uchermischungen &amp; R\u00e4ucherzubeh\u00f6r kaufen\",\"potentialAction\":[{\"@type\":\"SearchAction\",\"target\":{\"@type\":\"EntryPoint\",\"urlTemplate\":\"https:\/\/rosmarinchenskraeuterzauberey.de\/?s={search_term_string}\"},\"query-input\":\"required name=search_term_string\"}],\"inLanguage\":\"de\"},{\"@type\":\"ImageObject\",\"@id\":\"https:\/\/rosmarinchenskraeuterzauberey.de\/?product=reinigung#primaryimage\",\"inLanguage\":\"de\",\"url\":\"https:\/\/rosmarinchenskraeuterzauberey.de\/wp-content\/uploads\/2020\/11\/DSC8565_reinigung.jpg\",\"contentUrl\":\"https:\/\/rosmarinchenskraeuterzauberey.de\/wp-content\/uploads\/2020\/11\/DSC8565_reinigung.jpg\",\"width\":2000,\"height\":1335},{\"@type\":\"WebPage\",\"@id\":\"https:\/\/rosmarinchenskraeuterzauberey.de\/?product=reinigung#webpage\",\"url\":\"https:\/\/rosmarinchenskraeuterzauberey.de\/?product=reinigung\",\"name\":\"Reinigung - Rosmarinchens Kraeuterzauberey\",\"isPartOf\":{\"@id\":\"https:\/\/rosmarinchenskraeuterzauberey.de\/#website\"},\"primaryImageOfPage\":{\"@id\":\"https:\/\/rosmarinchenskraeuterzauberey.de\/?product=reinigung#primaryimage\"},\"datePublished\":\"2020-12-10T20:18:40+00:00\",\"dateModified\":\"2020-12-10T21:13:24+00:00\",\"breadcrumb\":{\"@id\":\"https:\/\/rosmarinchenskraeuterzauberey.de\/?product=reinigung#breadcrumb\"},\"inLanguage\":\"de\",\"potentialAction\":[{\"@type\":\"ReadAction\",\"target\":[\"https:\/\/rosmarinchenskraeuterzauberey.de\/?product=reinigung\"]}]},{\"@type\":\"BreadcrumbList\",\"@id\":\"https:\/\/rosmarinchenskraeuterzauberey.de\/?product=reinigung#breadcrumb\",\"itemListElement\":[{\"@type\":\"ListItem\",\"position\":1,\"name\":\"Home\",\"item\":\"https:\/\/rosmarinchenskraeuterzauberey.de\/\"},{\"@type\":\"ListItem\",\"position\":2,\"name\":\"Shop\",\"item\":\"https:\/\/rosmarinchenskraeuterzauberey.de\/?page_id=7\"},{\"@type\":\"ListItem\",\"position\":3,\"name\":\"Reinigung\"}]}]}<\/script>\n<!-- \/ Yoast SEO plugin. -->","yoast_head_json":{"title":"Reinigung - Rosmarinchens Kraeuterzauberey","robots":{"index":"index","follow":"follow","max-snippet":"max-snippet:-1","max-image-preview":"max-image-preview:large","max-video-preview":"max-video-preview:-1"},"canonical":"https:\/\/rosmarinchenskraeuterzauberey.de\/?product=reinigung","og_locale":"de_DE","og_type":"article","og_title":"Reinigung - Rosmarinchens Kraeuterzauberey","og_description":"Beschreibung: \u00dcberall wo wir uns aufhalten k\u00f6nnen sich Energien ansetzen. Manche kommen uneingeladen, werden *mitgebracht* vom Besuch, oder haften an uns von von diversen Begegnungen. Wer kennt es nicht, die Luft ist zum schneiden dick, schlechte Stimmung im B\u00fcro, zu Hause, Unbehaglichkeit an sich selbst? Zeit zu reinigen. So wie wir abwischen oder saugen, ist&hellip;&nbsp;Weiterlesen &raquo;Reinigung","og_url":"https:\/\/rosmarinchenskraeuterzauberey.de\/?product=reinigung","og_site_name":"Rosmarinchens Kraeuterzauberey","article_modified_time":"2020-12-10T21:13:24+00:00","og_image":[{"width":2000,"height":1335,"url":"https:\/\/rosmarinchenskraeuterzauberey.de\/wp-content\/uploads\/2020\/11\/DSC8565_reinigung.jpg","type":"image\/jpeg"}],"twitter_card":"summary_large_image","twitter_misc":{"Gesch\u00e4tzte Lesezeit":"1\u00a0Minute"},"schema":{"@context":"https:\/\/schema.org","@graph":[{"@type":"WebSite","@id":"https:\/\/rosmarinchenskraeuterzauberey.de\/#website","url":"https:\/\/rosmarinchenskraeuterzauberey.de\/","name":"Rosmarinchens Kraeuterzauberey","description":"R\u00e4uchermischungen &amp; R\u00e4ucherzubeh\u00f6r kaufen","potentialAction":[{"@type":"SearchAction","target":{"@type":"EntryPoint","urlTemplate":"https:\/\/rosmarinchenskraeuterzauberey.de\/?s={search_term_string}"},"query-input":"required name=search_term_string"}],"inLanguage":"de"},{"@type":"ImageObject","@id":"https:\/\/rosmarinchenskraeuterzauberey.de\/?product=reinigung#primaryimage","inLanguage":"de","url":"https:\/\/rosmarinchenskraeuterzauberey.de\/wp-content\/uploads\/2020\/11\/DSC8565_reinigung.jpg","contentUrl":"https:\/\/rosmarinchenskraeuterzauberey.de\/wp-content\/uploads\/2020\/11\/DSC8565_reinigung.jpg","width":2000,"height":1335},{"@type":"WebPage","@id":"https:\/\/rosmarinchenskraeuterzauberey.de\/?product=reinigung#webpage","url":"https:\/\/rosmarinchenskraeuterzauberey.de\/?product=reinigung","name":"Reinigung - Rosmarinchens Kraeuterzauberey","isPartOf":{"@id":"https:\/\/rosmarinchenskraeuterzauberey.de\/#website"},"primaryImageOfPage":{"@id":"https:\/\/rosmarinchenskraeuterzauberey.de\/?product=reinigung#primaryimage"},"datePublished":"2020-12-10T20:18:40+00:00","dateModified":"2020-12-10T21:13:24+00:00","breadcrumb":{"@id":"https:\/\/rosmarinchenskraeuterzauberey.de\/?product=reinigung#breadcrumb"},"inLanguage":"de","potentialAction":[{"@type":"ReadAction","target":["https:\/\/rosmarinchenskraeuterzauberey.de\/?product=reinigung"]}]},{"@type":"BreadcrumbList","@id":"https:\/\/rosmarinchenskraeuterzauberey.de\/?product=reinigung#breadcrumb","itemListElement":[{"@type":"ListItem","position":1,"name":"Home","item":"https:\/\/rosmarinchenskraeuterzauberey.de\/"},{"@type":"ListItem","position":2,"name":"Shop","item":"https:\/\/rosmarinchenskraeuterzauberey.de\/?page_id=7"},{"@type":"ListItem","position":3,"name":"Reinigung"}]}]}},"_links":{"self":[{"href":"https:\/\/rosmarinchenskraeuterzauberey.de\/index.php?rest_route=\/wp\/v2\/product\/519"}],"collection":[{"href":"https:\/\/rosmarinchenskraeuterzauberey.de\/index.php?rest_route=\/wp\/v2\/product"}],"about":[{"href":"https:\/\/rosmarinchenskraeuterzauberey.de\/index.php?rest_route=\/wp\/v2\/types\/product"}],"replies":[{"embeddable":true,"href":"https:\/\/rosmarinchenskraeuterzauberey.de\/index.php?rest_route=%2Fwp%2Fv2%2Fcomments&post=519"}],"wp:featuredmedia":[{"embeddable":true,"href":"https:\/\/rosmarinchenskraeuterzauberey.de\/index.php?rest_route=\/wp\/v2\/media\/259"}],"wp:attachment":[{"href":"https:\/\/rosmarinchenskraeuterzauberey.de\/index.php?rest_route=%2Fwp%2Fv2%2Fmedia&parent=519"}],"wp:term":[{"taxonomy":"product_cat","embeddable":true,"href":"https:\/\/rosmarinchenskraeuterzauberey.de\/index.php?rest_route=%2Fwp%2Fv2%2Fproduct_cat&post=519"},{"taxonomy":"product_tag","embeddable":true,"href":"https:\/\/rosmarinchenskraeuterzauberey.de\/index.php?rest_route=%2Fwp%2Fv2%2Fproduct_tag&post=519"}],"curies":[{"name":"wp","href":"https:\/\/api.w.org\/{rel}","templated":true}]}}