{"id":576,"date":"2020-12-11T00:08:22","date_gmt":"2020-12-11T00:08:22","guid":{"rendered":"https:\/\/rosmarinchenskraeuterzauberey.de\/?post_type=product&#038;p=576"},"modified":"2020-12-11T19:20:50","modified_gmt":"2020-12-11T19:20:50","slug":"rauhnachtset","status":"publish","type":"product","link":"https:\/\/rosmarinchenskraeuterzauberey.de\/?product=rauhnachtset","title":{"rendered":"Rauhnachtset"},"content":{"rendered":"<p><strong>Beschreibung:<\/strong><br \/>\nEin R\u00e4ucherset f\u00fcr die Tage zwischen den Jahren.<br \/>\nBestehend aus 12 Einzelr\u00e4uchermischungen, abgestimmt auf den jeweiligen Tag und das Thema.<br \/>\nDas Set kommt mit Beschreibung und Inhalt der einzelnen R\u00e4uchermischungen.<\/p>\n<p><strong>Anwendung:<\/strong><br \/>\nZu r\u00e4uchern auf Kohle<\/p>\n<p><strong>Verpackung:<\/strong><br \/>\nDas R\u00e4ucherwerk ist in Klarsichtt\u00fcte verpackt.<\/p>\n<p><strong>Wichtiger Hinweis:<\/strong><br \/>\nDie R\u00e4ucherstoffe sind\/ ersetzen keine Heil- und\u00a0Arzneimittel.<br \/>\nR\u00e4ucherwerk ist von Kindern und Tieren fernzuhalten.<\/p>\n","protected":false},"excerpt":{"rendered":"<p>Beschreibung: Ein R\u00e4ucherset f\u00fcr die Tage zwischen den Jahren. Bestehend aus 12 Einzelr\u00e4uchermischungen, abgestimmt auf den jeweiligen Tag und das Thema. Das Set kommt mit Beschreibung und Inhalt der einzelnen R\u00e4uchermischungen. Anwendung: Zu r\u00e4uchern auf Kohle Verpackung: Das R\u00e4ucherwerk ist in Klarsichtt\u00fcte verpackt. Wichtiger Hinweis: Die R\u00e4ucherstoffe sind\/ ersetzen keine Heil- und\u00a0Arzneimittel. R\u00e4ucherwerk ist von&hellip;&nbsp;<a href=\"https:\/\/rosmarinchenskraeuterzauberey.de\/?product=rauhnachtset\" class=\"\" rel=\"bookmark\">Weiterlesen &raquo;<span class=\"screen-reader-text\">Rauhnachtset<\/span><\/a><\/p>\n","protected":false},"featured_media":455,"comment_status":"open","ping_status":"closed","template":"","meta":{"neve_meta_sidebar":"","neve_meta_container":"","neve_meta_enable_content_width":"off","neve_meta_content_width":0,"neve_meta_title_alignment":"","neve_meta_author_avatar":"","neve_post_elements_order":"","neve_meta_disable_header":"","neve_meta_disable_footer":"","neve_meta_disable_title":"","_themeisle_gutenberg_block_has_review":false,"_ti_tpc_template_sync":false,"_ti_tpc_template_id":""},"product_cat":[56],"product_tag":[],"yoast_head":"<!-- This site is optimized with the Yoast SEO plugin v18.5.1 - https:\/\/yoast.com\/wordpress\/plugins\/seo\/ -->\n<title>Rauhnachtset - Rosmarinchens Kraeuterzauberey<\/title>\n<meta name=\"robots\" content=\"index, follow, max-snippet:-1, max-image-preview:large, max-video-preview:-1\" \/>\n<link rel=\"canonical\" href=\"https:\/\/rosmarinchenskraeuterzauberey.de\/?product=rauhnachtset\" \/>\n<meta property=\"og:locale\" content=\"de_DE\" \/>\n<meta property=\"og:type\" content=\"article\" \/>\n<meta property=\"og:title\" content=\"Rauhnachtset - Rosmarinchens Kraeuterzauberey\" \/>\n<meta property=\"og:description\" content=\"Beschreibung: Ein R\u00e4ucherset f\u00fcr die Tage zwischen den Jahren. Bestehend aus 12 Einzelr\u00e4uchermischungen, abgestimmt auf den jeweiligen Tag und das Thema. Das Set kommt mit Beschreibung und Inhalt der einzelnen R\u00e4uchermischungen. Anwendung: Zu r\u00e4uchern auf Kohle Verpackung: Das R\u00e4ucherwerk ist in Klarsichtt\u00fcte verpackt. Wichtiger Hinweis: Die R\u00e4ucherstoffe sind\/ ersetzen keine Heil- und\u00a0Arzneimittel. R\u00e4ucherwerk ist von&hellip;&nbsp;Weiterlesen &raquo;Rauhnachtset\" \/>\n<meta property=\"og:url\" content=\"https:\/\/rosmarinchenskraeuterzauberey.de\/?product=rauhnachtset\" \/>\n<meta property=\"og:site_name\" content=\"Rosmarinchens Kraeuterzauberey\" \/>\n<meta property=\"article:modified_time\" content=\"2020-12-11T19:20:50+00:00\" \/>\n<meta property=\"og:image\" content=\"https:\/\/rosmarinchenskraeuterzauberey.de\/wp-content\/uploads\/2020\/12\/DSC5541.jpg\" \/>\n\t<meta property=\"og:image:width\" content=\"2000\" \/>\n\t<meta property=\"og:image:height\" content=\"1334\" \/>\n\t<meta property=\"og:image:type\" content=\"image\/jpeg\" \/>\n<meta name=\"twitter:card\" content=\"summary_large_image\" \/>\n<script type=\"application\/ld+json\" class=\"yoast-schema-graph\">{\"@context\":\"https:\/\/schema.org\",\"@graph\":[{\"@type\":\"WebSite\",\"@id\":\"https:\/\/rosmarinchenskraeuterzauberey.de\/#website\",\"url\":\"https:\/\/rosmarinchenskraeuterzauberey.de\/\",\"name\":\"Rosmarinchens Kraeuterzauberey\",\"description\":\"R\u00e4uchermischungen &amp; R\u00e4ucherzubeh\u00f6r kaufen\",\"potentialAction\":[{\"@type\":\"SearchAction\",\"target\":{\"@type\":\"EntryPoint\",\"urlTemplate\":\"https:\/\/rosmarinchenskraeuterzauberey.de\/?s={search_term_string}\"},\"query-input\":\"required name=search_term_string\"}],\"inLanguage\":\"de\"},{\"@type\":\"ImageObject\",\"@id\":\"https:\/\/rosmarinchenskraeuterzauberey.de\/?product=rauhnachtset#primaryimage\",\"inLanguage\":\"de\",\"url\":\"https:\/\/rosmarinchenskraeuterzauberey.de\/wp-content\/uploads\/2020\/12\/DSC5541.jpg\",\"contentUrl\":\"https:\/\/rosmarinchenskraeuterzauberey.de\/wp-content\/uploads\/2020\/12\/DSC5541.jpg\",\"width\":2000,\"height\":1334,\"caption\":\"rauchnacht\"},{\"@type\":\"WebPage\",\"@id\":\"https:\/\/rosmarinchenskraeuterzauberey.de\/?product=rauhnachtset#webpage\",\"url\":\"https:\/\/rosmarinchenskraeuterzauberey.de\/?product=rauhnachtset\",\"name\":\"Rauhnachtset - Rosmarinchens Kraeuterzauberey\",\"isPartOf\":{\"@id\":\"https:\/\/rosmarinchenskraeuterzauberey.de\/#website\"},\"primaryImageOfPage\":{\"@id\":\"https:\/\/rosmarinchenskraeuterzauberey.de\/?product=rauhnachtset#primaryimage\"},\"datePublished\":\"2020-12-11T00:08:22+00:00\",\"dateModified\":\"2020-12-11T19:20:50+00:00\",\"breadcrumb\":{\"@id\":\"https:\/\/rosmarinchenskraeuterzauberey.de\/?product=rauhnachtset#breadcrumb\"},\"inLanguage\":\"de\",\"potentialAction\":[{\"@type\":\"ReadAction\",\"target\":[\"https:\/\/rosmarinchenskraeuterzauberey.de\/?product=rauhnachtset\"]}]},{\"@type\":\"BreadcrumbList\",\"@id\":\"https:\/\/rosmarinchenskraeuterzauberey.de\/?product=rauhnachtset#breadcrumb\",\"itemListElement\":[{\"@type\":\"ListItem\",\"position\":1,\"name\":\"Home\",\"item\":\"https:\/\/rosmarinchenskraeuterzauberey.de\/\"},{\"@type\":\"ListItem\",\"position\":2,\"name\":\"Shop\",\"item\":\"https:\/\/rosmarinchenskraeuterzauberey.de\/?page_id=7\"},{\"@type\":\"ListItem\",\"position\":3,\"name\":\"Rauhnachtset\"}]}]}<\/script>\n<!-- \/ Yoast SEO plugin. -->","yoast_head_json":{"title":"Rauhnachtset - Rosmarinchens Kraeuterzauberey","robots":{"index":"index","follow":"follow","max-snippet":"max-snippet:-1","max-image-preview":"max-image-preview:large","max-video-preview":"max-video-preview:-1"},"canonical":"https:\/\/rosmarinchenskraeuterzauberey.de\/?product=rauhnachtset","og_locale":"de_DE","og_type":"article","og_title":"Rauhnachtset - Rosmarinchens Kraeuterzauberey","og_description":"Beschreibung: Ein R\u00e4ucherset f\u00fcr die Tage zwischen den Jahren. Bestehend aus 12 Einzelr\u00e4uchermischungen, abgestimmt auf den jeweiligen Tag und das Thema. Das Set kommt mit Beschreibung und Inhalt der einzelnen R\u00e4uchermischungen. Anwendung: Zu r\u00e4uchern auf Kohle Verpackung: Das R\u00e4ucherwerk ist in Klarsichtt\u00fcte verpackt. Wichtiger Hinweis: Die R\u00e4ucherstoffe sind\/ ersetzen keine Heil- und\u00a0Arzneimittel. R\u00e4ucherwerk ist von&hellip;&nbsp;Weiterlesen &raquo;Rauhnachtset","og_url":"https:\/\/rosmarinchenskraeuterzauberey.de\/?product=rauhnachtset","og_site_name":"Rosmarinchens Kraeuterzauberey","article_modified_time":"2020-12-11T19:20:50+00:00","og_image":[{"width":2000,"height":1334,"url":"https:\/\/rosmarinchenskraeuterzauberey.de\/wp-content\/uploads\/2020\/12\/DSC5541.jpg","type":"image\/jpeg"}],"twitter_card":"summary_large_image","schema":{"@context":"https:\/\/schema.org","@graph":[{"@type":"WebSite","@id":"https:\/\/rosmarinchenskraeuterzauberey.de\/#website","url":"https:\/\/rosmarinchenskraeuterzauberey.de\/","name":"Rosmarinchens Kraeuterzauberey","description":"R\u00e4uchermischungen &amp; R\u00e4ucherzubeh\u00f6r kaufen","potentialAction":[{"@type":"SearchAction","target":{"@type":"EntryPoint","urlTemplate":"https:\/\/rosmarinchenskraeuterzauberey.de\/?s={search_term_string}"},"query-input":"required name=search_term_string"}],"inLanguage":"de"},{"@type":"ImageObject","@id":"https:\/\/rosmarinchenskraeuterzauberey.de\/?product=rauhnachtset#primaryimage","inLanguage":"de","url":"https:\/\/rosmarinchenskraeuterzauberey.de\/wp-content\/uploads\/2020\/12\/DSC5541.jpg","contentUrl":"https:\/\/rosmarinchenskraeuterzauberey.de\/wp-content\/uploads\/2020\/12\/DSC5541.jpg","width":2000,"height":1334,"caption":"rauchnacht"},{"@type":"WebPage","@id":"https:\/\/rosmarinchenskraeuterzauberey.de\/?product=rauhnachtset#webpage","url":"https:\/\/rosmarinchenskraeuterzauberey.de\/?product=rauhnachtset","name":"Rauhnachtset - Rosmarinchens Kraeuterzauberey","isPartOf":{"@id":"https:\/\/rosmarinchenskraeuterzauberey.de\/#website"},"primaryImageOfPage":{"@id":"https:\/\/rosmarinchenskraeuterzauberey.de\/?product=rauhnachtset#primaryimage"},"datePublished":"2020-12-11T00:08:22+00:00","dateModified":"2020-12-11T19:20:50+00:00","breadcrumb":{"@id":"https:\/\/rosmarinchenskraeuterzauberey.de\/?product=rauhnachtset#breadcrumb"},"inLanguage":"de","potentialAction":[{"@type":"ReadAction","target":["https:\/\/rosmarinchenskraeuterzauberey.de\/?product=rauhnachtset"]}]},{"@type":"BreadcrumbList","@id":"https:\/\/rosmarinchenskraeuterzauberey.de\/?product=rauhnachtset#breadcrumb","itemListElement":[{"@type":"ListItem","position":1,"name":"Home","item":"https:\/\/rosmarinchenskraeuterzauberey.de\/"},{"@type":"ListItem","position":2,"name":"Shop","item":"https:\/\/rosmarinchenskraeuterzauberey.de\/?page_id=7"},{"@type":"ListItem","position":3,"name":"Rauhnachtset"}]}]}},"_links":{"self":[{"href":"https:\/\/rosmarinchenskraeuterzauberey.de\/index.php?rest_route=\/wp\/v2\/product\/576"}],"collection":[{"href":"https:\/\/rosmarinchenskraeuterzauberey.de\/index.php?rest_route=\/wp\/v2\/product"}],"about":[{"href":"https:\/\/rosmarinchenskraeuterzauberey.de\/index.php?rest_route=\/wp\/v2\/types\/product"}],"replies":[{"embeddable":true,"href":"https:\/\/rosmarinchenskraeuterzauberey.de\/index.php?rest_route=%2Fwp%2Fv2%2Fcomments&post=576"}],"wp:featuredmedia":[{"embeddable":true,"href":"https:\/\/rosmarinchenskraeuterzauberey.de\/index.php?rest_route=\/wp\/v2\/media\/455"}],"wp:attachment":[{"href":"https:\/\/rosmarinchenskraeuterzauberey.de\/index.php?rest_route=%2Fwp%2Fv2%2Fmedia&parent=576"}],"wp:term":[{"taxonomy":"product_cat","embeddable":true,"href":"https:\/\/rosmarinchenskraeuterzauberey.de\/index.php?rest_route=%2Fwp%2Fv2%2Fproduct_cat&post=576"},{"taxonomy":"product_tag","embeddable":true,"href":"https:\/\/rosmarinchenskraeuterzauberey.de\/index.php?rest_route=%2Fwp%2Fv2%2Fproduct_tag&post=576"}],"curies":[{"name":"wp","href":"https:\/\/api.w.org\/{rel}","templated":true}]}}